{"id":1276,"date":"2019-02-04T11:06:57","date_gmt":"2019-02-04T11:06:57","guid":{"rendered":"https:\/\/akokvo.me\/kontakt\/"},"modified":"2026-03-31T08:45:25","modified_gmt":"2026-03-31T06:45:25","slug":"contact","status":"publish","type":"page","link":"https:\/\/akokvo.me\/en\/contact\/","title":{"rendered":"Contact"},"content":{"rendered":"<p><strong>AGENCY FOR QUALITY ASSURANCE IN HIGHER EDUCATION<\/strong><\/p>\n<p>Phone: +382 20 675 359<br \/>\nEmail: <a href=\"mailto:info@akokvo.me\">info@akokvo.me<\/a><\/p>\n<p>Mihaila Lali\u0107a 1<br \/>\n81000 Podgorica<br \/>\nMontenegro<\/p>\n<hr \/>\n<div class=\"employee\">\n<div class=\"image\"><img loading=\"lazy\" class=\"alignnone wp-image-738\" src=\"\/wp-content\/uploads\/2021\/10\/20150523_181233-1.jpg\" alt=\"\" width=\"145\" height=\"164\" \/><\/div>\n<div class=\"employee-text\"><strong>Director<\/strong><br \/>\n<strong>Goran Danilovi\u0107<\/strong><br \/>\nEmail: <a href=\"mailto:goran.danilovic@akokvo.me\" target=\"_blank\" rel=\"noopener noreferrer\">goran.danilovic@akokvo.me<\/a><\/div>\n<\/div>\n<div><\/div>\n<div class=\"sector\"><strong>DEPARTMENT FOR QUALITY CONTROL IN HIGHER EDUCATION<\/strong><\/div>\n<hr \/>\n<div class=\"employee\">\n<div class=\"employee-text\"><\/div>\n<\/div>\n<div class=\"employee\">\n<div class=\"image\"><img class=\"alignnone wp-image-730\" src=\"\/wp-content\/uploads\/2019\/03\/Ana-Rutovi\u0107.jpg\" alt=\"\" \/><\/div>\n<div class=\"employee-text\"><strong>Senior Adviser I \u2013 for accreditation and reaccreditation<\/strong><br \/>\n<strong>Ana Rutovi\u0107<\/strong><br \/>\nOfficer for receipt and handling of notifications on suspicions of fraud or irregularities<br \/>\nEmail: <a href=\"mailto:ana.rutovic@akokvo.me\">ana.rutovic@akokvo.me<\/a><\/div>\n<\/div>\n<div class=\"employee\">\n<div class=\"image\"><img loading=\"lazy\" class=\"wp-image-740 alignnone\" src=\"\/wp-content\/uploads\/2023\/09\/Dajana-Pavicevic.jpg\" alt=\"\" width=\"153\" height=\"134\" \/><\/div>\n<div class=\"employee-text\"><strong>Senior Adviser I \u2013 for quality control<\/strong><br \/>\n<strong>Dajana Pavi\u0107evi\u0107<\/strong><br \/>\nEmail: <a href=\"mailto:dajana.pavicevic@akokvo.me\">dajana.pavicevic@akokvo.me<\/a><\/div>\n<\/div>\n<div class=\"employee\">\n<div class=\"image\"><img class=\"alignnone wp-image-728\" src=\"\/wp-content\/uploads\/2019\/03\/Aldina-\u0160arkinovi\u0107.jpg\" alt=\"\" \/><\/div>\n<div class=\"employee-text\"><strong>Senior Adviser III \u2013 for quality control<\/strong><br \/>\n<strong>Aldina \u0160arkinovi\u0107<\/strong><br \/>\nEmail: <a href=\"mailto:aldina.sarkinovic@akokvo.me\">aldina.sarkinovic@akokvo.me<\/a><\/div>\n<\/div>\n<div class=\"employee\">\n<div class=\"image\"><img loading=\"lazy\" class=\"alignnone wp-image-4688\" src=\"https:\/\/akokvo.me\/wp-content\/uploads\/2021\/07\/kemo.jpg\" alt=\"\" width=\"170\" height=\"170\" srcset=\"https:\/\/akokvo.me\/wp-content\/uploads\/2021\/07\/kemo.jpg 150w, https:\/\/akokvo.me\/wp-content\/uploads\/2021\/07\/kemo-65x65.jpg 65w\" sizes=\"(max-width: 170px) 100vw, 170px\" \/><\/div>\n<div class=\"employee-text\"><strong>Senior Adviser III \u2013 for evaluation of higher education institutions<\/strong><br \/>\n<strong>Kemal Demirovi\u0107<\/strong><br \/>\nEmail: <a href=\"mailto:kemal.demirovic@akokvo.me\">kemal.demirovic@akokvo.me<\/a><\/div>\n<\/div>\n<div class=\"sector\"><strong>DEPARTMENT FOR QUALITY ASSURANCE AND RESEARCH<\/strong><\/div>\n<hr \/>\n<div class=\"employee\">\n<div class=\"employee-text\"><\/div>\n<\/div>\n<div class=\"employee\">\n<div class=\"image\"><img class=\"alignnone wp-image-740\" src=\"\/wp-content\/uploads\/2019\/03\/Milica-Kaved\u017ei\u0107.jpg\" alt=\"\" \/><\/div>\n<div class=\"employee-text\"><strong>Deputy Director in the quality assurance and research sector<\/strong><br \/>\n<strong>Maja Radunovi\u0107<\/strong><br \/>\nEmail: <a href=\"mailto:milica.kavedzic@akokvo.me\">milica.kavedzic@akokvo.me<\/a><\/div>\n<\/div>\n<div class=\"employee\">\n<div class=\"image\"><img class=\"alignnone wp-image-732\" src=\"\/wp-content\/uploads\/2019\/03\/Dunja-Bulaji\u0107.jpg\" alt=\"\" \/><\/div>\n<div class=\"employee-text\"><strong>Senior Adviser II \u2013 for international cooperation<\/strong><br \/>\n<strong>Dunja Bulaji\u0107, MSci <\/strong><br \/>\nEmail: <a href=\"mailto:dunja.bulajic@akokvo.me\">dunja.bulajic@akokvo.me<\/a><\/div>\n<\/div>\n<div class=\"employee\">\n<div class=\"image\"><img class=\"alignnone wp-image-736\" src=\"\/wp-content\/uploads\/2019\/03\/Jelena-\u0110ukanovi\u0107.jpg\" alt=\"\" \/><\/div>\n<div class=\"employee-text\"><strong>Senior Adviser II \u2013 for quality assurance<\/strong><br \/>\n<strong>Jelena \u0110ukanovi\u0107<\/strong><br \/>\nEmail: <a href=\"mailto:jelena.djukanovic@akokvo.me\">jelena.djukanovic@akokvo.me<\/a><\/div>\n<\/div>\n<div class=\"sector\"><strong>DEPARTMENT FOR GENERAL AFFAIRS AND FINANCE<\/strong><\/div>\n<hr \/>\n<div class=\"employee\">\n<div class=\"image\"><img loading=\"lazy\" class=\"alignnone wp-image-742\" src=\"https:\/\/akokvo.me\/wp-content\/uploads\/2024\/11\/Danica-Korac-245x300.jpg\" alt=\"\" width=\"134\" height=\"164\" \/><\/div>\n<div class=\"employee-text\"><strong>Senior Adviser I for finance<\/strong><br \/>\n<strong>Danica Kora\u0107<\/strong><br \/>\nEmail: <a href=\"mailto:danica.korac@akokvo.me\">danica.korac@akokvo.me<\/a><\/div>\n<\/div>\n<div class=\"employee\">\n<div class=\"image\"><img loading=\"lazy\" class=\"alignnone wp-image-742\" src=\"\/wp-content\/uploads\/2023\/09\/Svetlana-Furtula.jpg\" alt=\"\" width=\"134\" height=\"150\" \/><\/div>\n<div class=\"employee-text\"><strong>Senior Adviser II for IT <\/strong><br \/>\n<strong>Svetlana Furtula<\/strong><br \/>\nEmail: <a href=\"mailto:svetlana.furtula@akokvo.me\">svetlana.furtula@akokvo.me<\/a><\/div>\n<\/div>\n<div class=\"employee\">\n<div class=\"image\"><img loading=\"lazy\" class=\"alignnone wp-image-742\" src=\"https:\/\/akokvo.me\/wp-content\/uploads\/2025\/04\/Milan-Sukovic-5.jpg\" alt=\"\" width=\"140\" height=\"170\" \/><\/div>\n<div class=\"employee-text\"><strong>Senior Adviser II for public procurement<\/strong><br \/>\n<strong>Milan \u0160ukovi\u0107<\/strong><br \/>\nEmail: <a href=\"mailto:milan.sukovic@akokvo.me\">milan.sukovic@akokvo.me<\/a><\/div>\n<\/div>\n<div class=\"employee\">\n<div class=\"image\"><img class=\"alignnone wp-image-808\" src=\"\/wp-content\/uploads\/2019\/03\/Lidija-\u0107a\u0107i\u0107.jpg\" alt=\"\" \/><\/div>\n<div class=\"employee-text\"><strong>Independent Officer &#8211; Archivist<\/strong><br \/>\n<strong>Lidija \u0106a\u0107i\u0107<\/strong><br \/>\nEmail: <a href=\"mailto:lidija.cacic@akokvo.me\">lidija.cacic@akokvo.me<\/a><\/div>\n<\/div>\n<div class=\"employee\">\n<div class=\"image\"><img class=\"alignnone wp-image-742\" src=\"\/wp-content\/uploads\/2021\/12\/ner.png\" alt=\"\" \/><\/div>\n<div class=\"employee-text\"><strong>Independent Officer &#8211; technical secretary<\/strong><br \/>\n<strong>Tijana Drobnjak<\/strong><br \/>\nEmail: <a href=\"mailto:tijana.drobnjak@akokvo.me\">tijana.drobnjak@akokvo.me<\/a><\/div>\n<\/div>\n<div class=\"employee\">\n<div class=\"image\"><img class=\"alignnone wp-image-808\" src=\"\/wp-content\/uploads\/2021\/12\/refe.png\" alt=\"\" \/><\/div>\n<div class=\"employee-text\"><strong>Independent Officer<\/strong><br \/>\n<strong>Nikola Sekuli\u0107<\/strong><br \/>\nEmail: <a href=\"mailto:nikola.sekulic@akokvo.me\">nikola.sekulic@akokvo.me<\/a><\/div>\n<\/div>\n","protected":false},"excerpt":{"rendered":"<p>AGENCY FOR QUALITY ASSURANCE IN HIGHER EDUCATION Phone: +382 20 675 359 Email: info@akokvo.me Mihaila Lali\u0107a 1 81000 Podgorica Montenegro Director Goran Danilovi\u0107 Email: goran.danilovic@akokvo.me DEPARTMENT FOR QUALITY CONTROL IN HIGHER EDUCATION Senior Adviser I \u2013 for accreditation and reaccreditation Ana Rutovi\u0107 Officer for receipt and handling of notifications on suspicions of fraud or irregularities [&hellip;]<\/p>\n","protected":false},"author":1,"featured_media":0,"parent":0,"menu_order":0,"comment_status":"closed","ping_status":"closed","template":"","meta":[],"acf":[],"_links":{"self":[{"href":"https:\/\/akokvo.me\/en\/wp-json\/wp\/v2\/pages\/1276"}],"collection":[{"href":"https:\/\/akokvo.me\/en\/wp-json\/wp\/v2\/pages"}],"about":[{"href":"https:\/\/akokvo.me\/en\/wp-json\/wp\/v2\/types\/page"}],"author":[{"embeddable":true,"href":"https:\/\/akokvo.me\/en\/wp-json\/wp\/v2\/users\/1"}],"replies":[{"embeddable":true,"href":"https:\/\/akokvo.me\/en\/wp-json\/wp\/v2\/comments?post=1276"}],"version-history":[{"count":54,"href":"https:\/\/akokvo.me\/en\/wp-json\/wp\/v2\/pages\/1276\/revisions"}],"predecessor-version":[{"id":19285,"href":"https:\/\/akokvo.me\/en\/wp-json\/wp\/v2\/pages\/1276\/revisions\/19285"}],"wp:attachment":[{"href":"https:\/\/akokvo.me\/en\/wp-json\/wp\/v2\/media?parent=1276"}],"curies":[{"name":"wp","href":"https:\/\/api.w.org\/{rel}","templated":true}]}}