{"id":1353,"date":"2019-03-27T13:52:26","date_gmt":"2019-03-27T13:52:26","guid":{"rendered":"https:\/\/akokvo.me\/?page_id=1353"},"modified":"2021-12-15T14:40:15","modified_gmt":"2021-12-15T13:40:15","slug":"board-of-directors","status":"publish","type":"page","link":"https:\/\/akokvo.me\/en\/board-of-directors\/","title":{"rendered":"Steering Committee"},"content":{"rendered":"<p>The Steering Board has a President and two members, two of which are the Founder\u2019s representatives and one representative of the state administration body responsible for education. The term of office of the current members of the governing body Sa\u0161a Vujo\u0161evi\u0107 and Merima Bakovi\u0107 has expired due to the expiration, while <strong>Mijajlo \u0110uri\u0107<\/strong> is the head of the Department for normative and legal affairs in the Ministry of Education, appointed by the Government of Montenegro No. 07-6152 \/ 3 of November 7, 2019. continued to serve as a member of the Management Board.<\/p>\n<p>By Decision of the Government of Montenegro No. 04-6371 \/ 3 of 9 December 2021, <strong>prof. dr Nada Jaukovi\u0107<\/strong>, full professor at the Faculty of Metallurgy and Technology, University of Montenegro, was appointed\u00a0 as a President of the Management Board, while as a member of the Management Board was appointed <strong>dr Katarina Todorovi\u0107,<\/strong>\u00a0 who is a teaching associate at the Faculty of Philosophy, University of Montenegro.<\/p>\n<p>For more details on the competencies and scope of work of the Management Board, see: <a href=\"https:\/\/akokvo.me\/wp-content\/uploads\/2021\/02\/Articles-of-Association_Integral.pdf\">Articles of Association<\/a> and Rules of Procedure of the Management Board.<\/p>\n<p>&nbsp;<\/p>\n","protected":false},"excerpt":{"rendered":"<p>The Steering Board has a President and two members, two of which are the Founder\u2019s representatives and one representative of the state administration body responsible for education. The term of office of the current members of the governing body Sa\u0161a Vujo\u0161evi\u0107 and Merima Bakovi\u0107 has expired due to the expiration, while Mijajlo \u0110uri\u0107 is the [&hellip;]<\/p>\n","protected":false},"author":1,"featured_media":0,"parent":0,"menu_order":0,"comment_status":"closed","ping_status":"closed","template":"","meta":[],"acf":[],"_links":{"self":[{"href":"https:\/\/akokvo.me\/en\/wp-json\/wp\/v2\/pages\/1353"}],"collection":[{"href":"https:\/\/akokvo.me\/en\/wp-json\/wp\/v2\/pages"}],"about":[{"href":"https:\/\/akokvo.me\/en\/wp-json\/wp\/v2\/types\/page"}],"author":[{"embeddable":true,"href":"https:\/\/akokvo.me\/en\/wp-json\/wp\/v2\/users\/1"}],"replies":[{"embeddable":true,"href":"https:\/\/akokvo.me\/en\/wp-json\/wp\/v2\/comments?post=1353"}],"version-history":[{"count":11,"href":"https:\/\/akokvo.me\/en\/wp-json\/wp\/v2\/pages\/1353\/revisions"}],"predecessor-version":[{"id":7746,"href":"https:\/\/akokvo.me\/en\/wp-json\/wp\/v2\/pages\/1353\/revisions\/7746"}],"wp:attachment":[{"href":"https:\/\/akokvo.me\/en\/wp-json\/wp\/v2\/media?parent=1353"}],"curies":[{"name":"wp","href":"https:\/\/api.w.org\/{rel}","templated":true}]}}