{"id":18510,"date":"2025-11-06T18:57:38","date_gmt":"2025-11-06T17:57:38","guid":{"rendered":"https:\/\/akokvo.me\/?page_id=18510"},"modified":"2025-11-07T12:01:50","modified_gmt":"2025-11-07T11:01:50","slug":"publikacije","status":"publish","type":"page","link":"https:\/\/akokvo.me\/me\/publikacije\/","title":{"rendered":"Publikacije"},"content":{"rendered":"<ul>\n<li><a href=\"https:\/\/akokvo.me\/wp-content\/uploads\/2025\/11\/Analiza-o-aspiracijama-maturanata-na-putu-prelaza-iz-srednjeg-u-visoko-obrazovanje.pdf\">Analiza o aspiracijama maturanata na putu prelaza iz srednjeg u visoko obrazovanje<\/a><\/li>\n<li style=\"font-weight: 400;\"><a href=\"https:\/\/akokvo.me\/wp-content\/uploads\/2025\/11\/Tematska-analiza-ispunjenosti-standarda-7.pdf\">Tematska analiza ispunjenosti Standarda 7, kriterijum f, izvje\u0161taja o reakreditaciji u vezi sa rezultatima istra\u017eivanja tr\u017ei\u0161ta rada koje sprovode ustanove visokog obrazovanja u Crnoj Gori<\/a><\/li>\n<\/ul>\n","protected":false},"excerpt":{"rendered":"<p>Analiza o aspiracijama maturanata na putu prelaza iz srednjeg u visoko obrazovanje Tematska analiza ispunjenosti Standarda 7, kriterijum f, izvje\u0161taja o reakreditaciji u vezi sa rezultatima istra\u017eivanja tr\u017ei\u0161ta rada koje sprovode ustanove visokog obrazovanja u Crnoj Gori<\/p>\n","protected":false},"author":5,"featured_media":0,"parent":0,"menu_order":0,"comment_status":"closed","ping_status":"closed","template":"","meta":[],"acf":[],"_links":{"self":[{"href":"https:\/\/akokvo.me\/me\/wp-json\/wp\/v2\/pages\/18510"}],"collection":[{"href":"https:\/\/akokvo.me\/me\/wp-json\/wp\/v2\/pages"}],"about":[{"href":"https:\/\/akokvo.me\/me\/wp-json\/wp\/v2\/types\/page"}],"author":[{"embeddable":true,"href":"https:\/\/akokvo.me\/me\/wp-json\/wp\/v2\/users\/5"}],"replies":[{"embeddable":true,"href":"https:\/\/akokvo.me\/me\/wp-json\/wp\/v2\/comments?post=18510"}],"version-history":[{"count":5,"href":"https:\/\/akokvo.me\/me\/wp-json\/wp\/v2\/pages\/18510\/revisions"}],"predecessor-version":[{"id":18729,"href":"https:\/\/akokvo.me\/me\/wp-json\/wp\/v2\/pages\/18510\/revisions\/18729"}],"wp:attachment":[{"href":"https:\/\/akokvo.me\/me\/wp-json\/wp\/v2\/media?parent=18510"}],"curies":[{"name":"wp","href":"https:\/\/api.w.org\/{rel}","templated":true}]}}