{"id":2536,"date":"2019-07-31T09:44:21","date_gmt":"2019-07-31T09:44:21","guid":{"rendered":"https:\/\/akokvo.me\/?page_id=2536"},"modified":"2021-12-16T19:59:43","modified_gmt":"2021-12-16T18:59:43","slug":"prijava-za-studente-za-listu-eksperata","status":"publish","type":"page","link":"https:\/\/akokvo.me\/me\/prijava-za-studente-za-listu-eksperata\/","title":{"rendered":"Prijava za listu eksperata &#8211; studenti"},"content":{"rendered":"<div role=\"form\" class=\"wpcf7\" id=\"wpcf7-f2534-o1\" lang=\"me-ME\" dir=\"ltr\">\n<div class=\"screen-reader-response\"><p role=\"status\" aria-live=\"polite\" aria-atomic=\"true\"><\/p> <ul><\/ul><\/div>\n<form action=\"\/me\/wp-json\/wp\/v2\/pages\/2536#wpcf7-f2534-o1\" method=\"post\" class=\"wpcf7-form init\" enctype=\"multipart\/form-data\" novalidate=\"novalidate\" data-status=\"init\">\n<div style=\"display: none;\">\n<input type=\"hidden\" name=\"_wpcf7\" value=\"2534\" \/>\n<input type=\"hidden\" name=\"_wpcf7_version\" value=\"5.5.6\" \/>\n<input type=\"hidden\" name=\"_wpcf7_locale\" value=\"me_ME\" \/>\n<input type=\"hidden\" name=\"_wpcf7_unit_tag\" value=\"wpcf7-f2534-o1\" \/>\n<input type=\"hidden\" name=\"_wpcf7_container_post\" value=\"0\" \/>\n<input type=\"hidden\" name=\"_wpcf7_posted_data_hash\" value=\"\" \/>\n<\/div>\n<p><a href=\"\/directory\" target=\"_blank\">Prijava za direktorijum<\/a><\/p>\n<p>Ekspert se prijavljuje za<br \/>\n<span class=\"wpcf7-form-control-wrap ekspert\"><span class=\"wpcf7-form-control wpcf7-radio\"><span class=\"wpcf7-list-item first\"><label><input type=\"radio\" name=\"ekspert\" value=\"Ekspert sa boravi\u0161tem u Crnoj Gori\" \/><span class=\"wpcf7-list-item-label\">Ekspert sa boravi\u0161tem u Crnoj Gori<\/span><\/label><\/span><span class=\"wpcf7-list-item last\"><label><input type=\"radio\" name=\"ekspert\" value=\"Strani ekspert\" \/><span class=\"wpcf7-list-item-label\">Strani ekspert<\/span><\/label><\/span><\/span><\/span><\/p>\n<div class=\"one\">\n<h3>1. Li\u010dni podaci<\/h3>\n<p><label>Ime*<br \/>\n    <span class=\"wpcf7-form-control-wrap ime\"><input type=\"text\" name=\"ime\" value=\"\" size=\"40\" class=\"wpcf7-form-control wpcf7-text wpcf7-validates-as-required\" aria-required=\"true\" aria-invalid=\"false\" \/><\/span> <\/label><\/p>\n<p><label>Prezime*<br \/>\n    <span class=\"wpcf7-form-control-wrap prezime\"><input type=\"text\" name=\"prezime\" value=\"\" size=\"40\" class=\"wpcf7-form-control wpcf7-text wpcf7-validates-as-required\" aria-required=\"true\" aria-invalid=\"false\" \/><\/span> <\/label><\/p>\n<p><label> Datum ro\u0111enja*<br \/>\n    <span class=\"wpcf7-form-control-wrap datum-rodjenja\"><input type=\"date\" name=\"datum-rodjenja\" value=\"\" class=\"wpcf7-form-control wpcf7-date wpcf7-validates-as-required wpcf7-validates-as-date\" aria-required=\"true\" aria-invalid=\"false\" \/><\/span> <\/label><\/p>\n<p><label> Dr\u017eava iz koje ekspert dolazi*<br \/>\n    <span class=\"wpcf7-form-control-wrap drzava-iz-koje-ekspert-dolazi\"><input type=\"text\" name=\"drzava-iz-koje-ekspert-dolazi\" value=\"\" size=\"40\" class=\"wpcf7-form-control wpcf7-text wpcf7-validates-as-required\" aria-required=\"true\" aria-invalid=\"false\" \/><\/span> <\/label><\/p>\n<p><label> Adresa za kontakt*<br \/>\n    <span class=\"wpcf7-form-control-wrap adresa-kontakta\"><input type=\"text\" name=\"adresa-kontakta\" value=\"\" size=\"40\" class=\"wpcf7-form-control wpcf7-text wpcf7-validates-as-required\" aria-required=\"true\" aria-invalid=\"false\" \/><\/span> <\/label><\/p>\n<div class=\"contact-phone\">\n<label> Mobilni*<br \/>\n    <span class=\"wpcf7-form-control-wrap mobilni-telefon\"><input type=\"number\" name=\"mobilni-telefon\" value=\"\" class=\"wpcf7-form-control wpcf7-number wpcf7-validates-as-required wpcf7-validates-as-number\" aria-required=\"true\" aria-invalid=\"false\" \/><\/span> <\/label>\n<\/div>\n<p><label> E-mail*<br \/>\n    <span class=\"wpcf7-form-control-wrap email\"><input type=\"email\" name=\"email\" value=\"\" size=\"40\" class=\"wpcf7-form-control wpcf7-text wpcf7-email wpcf7-validates-as-required wpcf7-validates-as-email\" aria-required=\"true\" aria-invalid=\"false\" \/><\/span> <\/label><\/p>\n<\/div>\n<h3>2. Podaci o studijskom programu<\/h3>\n<p><label>Ustanova visokog obrazovanja:<br \/>\n\t<span class=\"wpcf7-form-control-wrap ustanova-visokog-obrazovanja\"><input type=\"text\" name=\"ustanova-visokog-obrazovanja\" value=\"\" size=\"40\" class=\"wpcf7-form-control wpcf7-text wpcf7-validates-as-required\" aria-required=\"true\" aria-invalid=\"false\" \/><\/span><\/label><\/p>\n<p><label>Naziv studijskog programa:<br \/>\n\t<span class=\"wpcf7-form-control-wrap naziv-studijskog-programa\"><input type=\"text\" name=\"naziv-studijskog-programa\" value=\"\" size=\"40\" class=\"wpcf7-form-control wpcf7-text wpcf7-validates-as-required\" aria-required=\"true\" aria-invalid=\"false\" \/><\/span><\/label><\/p>\n<p><label>Upisani semestar studija:<br \/>\n\t<span class=\"wpcf7-form-control-wrap upisani-semestar-studija\"><input type=\"text\" name=\"upisani-semestar-studija\" value=\"\" size=\"40\" class=\"wpcf7-form-control wpcf7-text wpcf7-validates-as-required\" aria-required=\"true\" aria-invalid=\"false\" \/><\/span><\/label><\/p>\n<p>Vrsta studijskog programa:<br \/>\n\t<span class=\"wpcf7-form-control-wrap vrsta-studijskog-programa\"><span class=\"wpcf7-form-control wpcf7-radio\"><span class=\"wpcf7-list-item first\"><input type=\"radio\" name=\"vrsta-studijskog-programa\" value=\"osnovne akademske studije (zavr\u0161na godina)\" \/><span class=\"wpcf7-list-item-label\">osnovne akademske studije (zavr\u0161na godina)<\/span><\/span><span class=\"wpcf7-list-item\"><input type=\"radio\" name=\"vrsta-studijskog-programa\" value=\"osnovne primijenjene studije (zavr\u0161na godina)\" \/><span class=\"wpcf7-list-item-label\">osnovne primijenjene studije (zavr\u0161na godina)<\/span><\/span><span class=\"wpcf7-list-item\"><input type=\"radio\" name=\"vrsta-studijskog-programa\" value=\"master akademske studije\" \/><span class=\"wpcf7-list-item-label\">master akademske studije<\/span><\/span><span class=\"wpcf7-list-item\"><input type=\"radio\" name=\"vrsta-studijskog-programa\" value=\"master primijenjene studije\" \/><span class=\"wpcf7-list-item-label\">master primijenjene studije<\/span><\/span><span class=\"wpcf7-list-item\"><input type=\"radio\" name=\"vrsta-studijskog-programa\" value=\"doktorske studije\" \/><span class=\"wpcf7-list-item-label\">doktorske studije<\/span><\/span><span class=\"wpcf7-list-item last\"><input type=\"radio\" name=\"vrsta-studijskog-programa\" value=\"integrisane osnovne i master studije\" \/><span class=\"wpcf7-list-item-label\">integrisane osnovne i master studije<\/span><\/span><\/span><\/span><\/p>\n<p><label>Godina upisa studija:<br \/>\n\t<span class=\"wpcf7-form-control-wrap godina-upisa-studija\"><input type=\"text\" name=\"godina-upisa-studija\" value=\"\" size=\"40\" class=\"wpcf7-form-control wpcf7-text wpcf7-validates-as-required\" aria-required=\"true\" aria-invalid=\"false\" \/><\/span><\/label><\/p>\n<p><label>Prosjek ocjena na osnovnim studijama:<br \/>\n\t<span class=\"wpcf7-form-control-wrap prosjek-osnovne\"><input type=\"text\" name=\"prosjek-osnovne\" value=\"\" size=\"40\" class=\"wpcf7-form-control wpcf7-text wpcf7-validates-as-required\" aria-required=\"true\" aria-invalid=\"false\" \/><\/span><\/label><\/p>\n<p><label>Prosjek ocjena na master studijama:<br \/>\n\t<span class=\"wpcf7-form-control-wrap prosjek-master\"><input type=\"text\" name=\"prosjek-master\" value=\"\" size=\"40\" class=\"wpcf7-form-control wpcf7-text wpcf7-validates-as-required\" aria-required=\"true\" aria-invalid=\"false\" \/><\/span><\/label><\/p>\n<h3>3. Iskustvo u postupku akreditacije studijskih programa i reakreditacije institucija<\/h3>\n<p><label>Navedite iskustva relevantna za u\u010destvovanje u postupku akreditacije studijskih programa i reakreditacije institucija visokog obrazovanja (edukacije, u\u010destvovanja u doma\u0107im i me\u0111unarodnim akreditacijama programa i reakreditacijama ustanova).<br \/>\n\t<span class=\"wpcf7-form-control-wrap iskustvo-u-postupku\"><input type=\"text\" name=\"iskustvo-u-postupku\" value=\"\" size=\"40\" class=\"wpcf7-form-control wpcf7-text wpcf7-validates-as-required\" aria-required=\"true\" aria-invalid=\"false\" \/><\/span><\/label><\/p>\n<h3>4. Podaci o dodatnom usavr\u0161avanju<\/h3>\n<p><label>Ako postoje, navedite do tri najzna\u010dajnija oblika dodatnog usavr\u0161avanja \u2013 trajanje, instituciju, opis usavr\u0161avanja.<br \/>\n\t<span class=\"wpcf7-form-control-wrap podaci-o-dodatnom-usavrsavanju\"><input type=\"text\" name=\"podaci-o-dodatnom-usavrsavanju\" value=\"\" size=\"40\" class=\"wpcf7-form-control wpcf7-text wpcf7-validates-as-required\" aria-required=\"true\" aria-invalid=\"false\" \/><\/span><\/label><\/p>\n<h3>5. Me\u0111unarodno iskustvo<\/h3>\n<p><label>Ako postoje, navedite boravke na inostranim ustanovama visokog obrazovanja koji su trajali du\u017ee od mjesec dana.<br \/>\n\t<span class=\"wpcf7-form-control-wrap medjunarodno-iskustvo\"><input type=\"text\" name=\"medjunarodno-iskustvo\" value=\"\" size=\"40\" class=\"wpcf7-form-control wpcf7-text wpcf7-validates-as-required\" aria-required=\"true\" aria-invalid=\"false\" \/><\/span><\/label><\/p>\n<h3>6. Iskustvo u obezbje\u0111enju kvaliteta u visokom obrazovanju<\/h3>\n<p><label>Ako postoji, navedite svoju uklju\u010denost u obezbje\u0111enje kvaliteta visokog obrazovanja ustanova, kao na primjer u\u010destvovanje u izradi samoanalize, eksternom vrednovanju, jedinici za obezbje\u0111enje kvaliteta na ustanovi visokog obrazovanja i sl.<br \/>\n\t<span class=\"wpcf7-form-control-wrap iskustvo-u-obezb-kvaliteta\"><input type=\"text\" name=\"iskustvo-u-obezb-kvaliteta\" value=\"\" size=\"40\" class=\"wpcf7-form-control wpcf7-text wpcf7-validates-as-required\" aria-required=\"true\" aria-invalid=\"false\" \/><\/span><\/label><\/p>\n<h3>7. \u010clanstvo u udru\u017eenjima<\/h3>\n<p><label>Navedite naziv udru\u017eenja i Va\u0161u funkciju u njoj.<br \/>\n\t<span class=\"wpcf7-form-control-wrap clanstvo-udruzenja\"><input type=\"text\" name=\"clanstvo-udruzenja\" value=\"\" size=\"40\" class=\"wpcf7-form-control wpcf7-text wpcf7-validates-as-required\" aria-required=\"true\" aria-invalid=\"false\" \/><\/span><\/label><\/p>\n<h3>8. Znanje engleskog jezika<\/h3>\n<p>Za \u010detiri dolje navedena naslova (slu\u0161anje, \u010ditanje, govor, pismo), procijenite svoj nivo znanja, koriste\u0107i ocjene od 1 do 5 (s tim da je 1 najmanja, a 5 najve\u0107a ocjena).<\/p>\n<p>Slu\u0161anje:<br \/>\n<span class=\"wpcf7-form-control-wrap eng-slusanje\"><span class=\"wpcf7-form-control wpcf7-radio\"><span class=\"wpcf7-list-item first\"><input type=\"radio\" name=\"eng-slusanje\" value=\"1\" \/><span class=\"wpcf7-list-item-label\">1<\/span><\/span><span class=\"wpcf7-list-item\"><input type=\"radio\" name=\"eng-slusanje\" value=\"2\" \/><span class=\"wpcf7-list-item-label\">2<\/span><\/span><span class=\"wpcf7-list-item\"><input type=\"radio\" name=\"eng-slusanje\" value=\"3\" \/><span class=\"wpcf7-list-item-label\">3<\/span><\/span><span class=\"wpcf7-list-item\"><input type=\"radio\" name=\"eng-slusanje\" value=\"4\" \/><span class=\"wpcf7-list-item-label\">4<\/span><\/span><span class=\"wpcf7-list-item last\"><input type=\"radio\" name=\"eng-slusanje\" value=\"5\" \/><span class=\"wpcf7-list-item-label\">5<\/span><\/span><\/span><\/span><\/p>\n<p>\u010citanje:<br \/>\n<span class=\"wpcf7-form-control-wrap eng-citanje\"><span class=\"wpcf7-form-control wpcf7-radio\"><span class=\"wpcf7-list-item first\"><input type=\"radio\" name=\"eng-citanje\" value=\"1\" \/><span class=\"wpcf7-list-item-label\">1<\/span><\/span><span class=\"wpcf7-list-item\"><input type=\"radio\" name=\"eng-citanje\" value=\"2\" \/><span class=\"wpcf7-list-item-label\">2<\/span><\/span><span class=\"wpcf7-list-item\"><input type=\"radio\" name=\"eng-citanje\" value=\"3\" \/><span class=\"wpcf7-list-item-label\">3<\/span><\/span><span class=\"wpcf7-list-item\"><input type=\"radio\" name=\"eng-citanje\" value=\"4\" \/><span class=\"wpcf7-list-item-label\">4<\/span><\/span><span class=\"wpcf7-list-item last\"><input type=\"radio\" name=\"eng-citanje\" value=\"5\" \/><span class=\"wpcf7-list-item-label\">5<\/span><\/span><\/span><\/span><\/p>\n<p>Govor:<br \/>\n<span class=\"wpcf7-form-control-wrap eng-govor\"><span class=\"wpcf7-form-control wpcf7-radio\"><span class=\"wpcf7-list-item first\"><input type=\"radio\" name=\"eng-govor\" value=\"1\" \/><span class=\"wpcf7-list-item-label\">1<\/span><\/span><span class=\"wpcf7-list-item\"><input type=\"radio\" name=\"eng-govor\" value=\"2\" \/><span class=\"wpcf7-list-item-label\">2<\/span><\/span><span class=\"wpcf7-list-item\"><input type=\"radio\" name=\"eng-govor\" value=\"3\" \/><span class=\"wpcf7-list-item-label\">3<\/span><\/span><span class=\"wpcf7-list-item\"><input type=\"radio\" name=\"eng-govor\" value=\"4\" \/><span class=\"wpcf7-list-item-label\">4<\/span><\/span><span class=\"wpcf7-list-item last\"><input type=\"radio\" name=\"eng-govor\" value=\"5\" \/><span class=\"wpcf7-list-item-label\">5<\/span><\/span><\/span><\/span><\/p>\n<p>Pisanje:<br \/>\n<span class=\"wpcf7-form-control-wrap eng-pisanje\"><span class=\"wpcf7-form-control wpcf7-radio\"><span class=\"wpcf7-list-item first\"><input type=\"radio\" name=\"eng-pisanje\" value=\"1\" \/><span class=\"wpcf7-list-item-label\">1<\/span><\/span><span class=\"wpcf7-list-item\"><input type=\"radio\" name=\"eng-pisanje\" value=\"2\" \/><span class=\"wpcf7-list-item-label\">2<\/span><\/span><span class=\"wpcf7-list-item\"><input type=\"radio\" name=\"eng-pisanje\" value=\"3\" \/><span class=\"wpcf7-list-item-label\">3<\/span><\/span><span class=\"wpcf7-list-item\"><input type=\"radio\" name=\"eng-pisanje\" value=\"4\" \/><span class=\"wpcf7-list-item-label\">4<\/span><\/span><span class=\"wpcf7-list-item last\"><input type=\"radio\" name=\"eng-pisanje\" value=\"5\" \/><span class=\"wpcf7-list-item-label\">5<\/span><\/span><\/span><\/span><\/p>\n<h3>9. Motivaciono pismo (najvi\u0161e 500 rije\u010di)<\/h3>\n<p><label>U motivacionom pismu navesti razloge prijavljivanja, klju\u010dne preporuke za unaprje\u0111enje kvaliteta visokog obrazovanja u Crnoj Gori s Va\u0161e ta\u010dke gledi\u0161ta i doprinos i o\u010dekivanja od u\u010de\u0161\u0107a u ekspertskom timu za reakreditaciju ustanove.<br \/>\n\t<span class=\"wpcf7-form-control-wrap motivaciono\"><input type=\"text\" name=\"motivaciono\" value=\"\" size=\"40\" maxlength=\"500\" class=\"wpcf7-form-control wpcf7-text wpcf7-validates-as-required\" aria-required=\"true\" aria-invalid=\"false\" \/><\/span><\/label><\/p>\n<div class=\"nine\">\n<p>CV (Curriculum Vitae)*<br \/>\n<span class=\"wpcf7-form-control-wrap your-file\"><input type=\"file\" name=\"your-file\" size=\"40\" class=\"wpcf7-form-control wpcf7-file wpcf7-validates-as-required\" accept=\".pdf,.docx,.doc\" aria-required=\"true\" aria-invalid=\"false\" \/><\/span><\/p>\n<p><span class=\"wpcf7-form-control-wrap your-consent\"><span class=\"wpcf7-form-control wpcf7-acceptance\"><span class=\"wpcf7-list-item\"><label><input type=\"checkbox\" name=\"your-consent\" value=\"1\" aria-invalid=\"false\" \/><span class=\"wpcf7-list-item-label\">Ovim potvr\u0111ujem da su podaci navedeni u prjavi vjerodostojni.<\/span><\/label><\/span><\/span><\/span><\/p>\n<p>Mjesto*<br \/>\n<span class=\"wpcf7-form-control-wrap mjesto\"><input type=\"text\" name=\"mjesto\" value=\"\" size=\"40\" class=\"wpcf7-form-control wpcf7-text wpcf7-validates-as-required\" aria-required=\"true\" aria-invalid=\"false\" \/><\/span><\/p>\n<p>Datum*<br \/>\n<span class=\"wpcf7-form-control-wrap datum\"><input type=\"date\" name=\"datum\" value=\"\" class=\"wpcf7-form-control wpcf7-date wpcf7-validates-as-required wpcf7-validates-as-date\" id=\"today-date\" aria-required=\"true\" aria-invalid=\"false\" \/><\/span><\/p>\n<\/div>\n<p><center><input type=\"submit\" value=\"Po\u0161alji\" class=\"wpcf7-form-control has-spinner wpcf7-submit\" \/><\/center><\/p>\n<p><b>Agencija se obavezuje da \u0107e s Va\u0161im li\u010dnim podacima postupati u skladu sa Zakonom o za\u0161titi li\u010dnih podataka i ne snosi odgovornost za bilo kakvu direktnu ili indirektnu \u0161tetu ili gubitak koji mo\u017ee nastati radi gubitka podataka ili prihoda, a koji proizlaze iz neovla\u0161\u0107enog pristupa, upotrebe ili odavanja podataka nastalih usled \u201ehakerskih napada\u201c na informati\u010dki sistem Agencije.<\/b><\/p>\n<div class=\"wpcf7-response-output\" aria-hidden=\"true\"><\/div><\/form><\/div>\n","protected":false},"excerpt":{"rendered":"","protected":false},"author":1,"featured_media":0,"parent":0,"menu_order":0,"comment_status":"closed","ping_status":"closed","template":"","meta":[],"acf":[],"_links":{"self":[{"href":"https:\/\/akokvo.me\/me\/wp-json\/wp\/v2\/pages\/2536"}],"collection":[{"href":"https:\/\/akokvo.me\/me\/wp-json\/wp\/v2\/pages"}],"about":[{"href":"https:\/\/akokvo.me\/me\/wp-json\/wp\/v2\/types\/page"}],"author":[{"embeddable":true,"href":"https:\/\/akokvo.me\/me\/wp-json\/wp\/v2\/users\/1"}],"replies":[{"embeddable":true,"href":"https:\/\/akokvo.me\/me\/wp-json\/wp\/v2\/comments?post=2536"}],"version-history":[{"count":2,"href":"https:\/\/akokvo.me\/me\/wp-json\/wp\/v2\/pages\/2536\/revisions"}],"predecessor-version":[{"id":7754,"href":"https:\/\/akokvo.me\/me\/wp-json\/wp\/v2\/pages\/2536\/revisions\/7754"}],"wp:attachment":[{"href":"https:\/\/akokvo.me\/me\/wp-json\/wp\/v2\/media?parent=2536"}],"curies":[{"name":"wp","href":"https:\/\/api.w.org\/{rel}","templated":true}]}}