{"id":426,"date":"2019-02-04T09:31:24","date_gmt":"2019-02-04T09:31:24","guid":{"rendered":"https:\/\/akokvo.me\/?page_id=426"},"modified":"2022-01-18T14:05:14","modified_gmt":"2022-01-18T13:05:14","slug":"o-nama","status":"publish","type":"page","link":"https:\/\/akokvo.me\/me\/o-nama\/","title":{"rendered":"O nama"},"content":{"rendered":"<p>Agencija za kontrolu i obezbje\u0111enje kvaliteta visokog obrazovanja (AKOKVO) je vode\u0107e dr\u017eavno tijelo za eksterno obezbje\u0111enje kvaliteta visokog obrazovanja osnovano 2017. godine Zakonom o visokom obrazovanju. Osnovna du\u017enost AKOKVO jeste da upravlja procesom evaluacije i sertifikacije ustanova visokog obrazovanja i studijskih programa u skladu sa Evropskim standardima i smjernicama za obezbje\u0111enje kvaliteta u Evropskom prostoru visokog obrazovanja-<a href=\"https:\/\/akokvo.me\/wp-content\/uploads\/2020\/12\/ESG_cg_2015.pdf\"> ESG<\/a>. Istovremeno, AKOKVO zasniva svoj rad na sljede\u0107im vrijednostima:<\/p>\n<p><strong>Transparentnost<\/strong> \u2013 AKOKVO objavljuje pravila i kriterijume, kao i rezultate evaluacionih postupaka i istra\u017eivanja.<br \/>\n<strong>Nezavisnost<\/strong> &#8211; AKOKVO te\u017ei objektivnom i nezavisnom postupku dono\u0161enja odluka koje se ti\u010du postupaka evaluacije studijskih programa i ustanova, ishoda evaluacija, kao i organizacionih pitanja.<br \/>\n<strong>Saradnja<\/strong> \u2013 AKOKVO sara\u0111uje, obu\u010dava i konsultuje ustanove visokog obrazovanja o primjeni Evropskih standarda i smjernica i sara\u0111uje sa relevantnim evropskim organizacijama i registrima brinu\u0107i o ispunjavanju uslova za \u010dlanstvo.<br \/>\n<strong>Integritet<\/strong> \u2013 AKOKVO postupa sa integritetom sa fer, jednakim, objektivnim i profesionalnim odnosom i na\u010dinom prema svim zainteresovanim stranama.<\/p>\n<p><strong>Istorija<\/strong><\/p>\n<p>Obezbje\u0111enje kvaliteta visokog obrazovanja kroz procese akreditacije zapo\u010deto je pristupanjem Crne Gore Evropskom prostoru visokog obrazovanja 2003.godine i obavezom ispunjavanja <a href=\"https:\/\/akokvo.me\/wp-content-uploads-2020-12-esg_cg_2015-pdf\/\">Evropskih standarda i smjernica<\/a> 2010. godine.<\/p>\n<p>Do osnivanja Agencije, postupak akreditacije je sprovodilo Ministarstvo nadle\u017eno za poslove prosvjete, a odluku o akreditaciji, odnosno reakreditaciji je donosio Savjet za visoko obrazovanje kojeg su \u010dinili renomirani akademski stru\u010dnjaci iz Crne Gore.<\/p>\n<p>AKOKVO je osnovana u novembru 2017. godine\u00a0<a href=\"https:\/\/akokvo.me\/wp-content\/uploads\/2019\/02\/Odluka-o-osnivanju-Agencije.pdf\">Odlukom Vlade Crne Gore<\/a>. U punom kapacitetu Agencija je svoj rad zapo\u010dela u septembru 2018. godine. Osim preuzimanja postupaka akreditacije i reakreditacije, Agencija je u sklopu svojih nadle\u017enosti dobila i istra\u017eivanje u oblasti obezbje\u0111enja kvaliteta, kao i politika visokog obrazovanja. Agencija, tako\u0111e, sara\u0111uje sa medjunarodnim organizacijama i asocijacijama iz oblasti obezbje\u0111enja kvaliteta visokog obrazovanja, kao i respektivnim regionalnim i me\u0111unarodnim agencijama.<\/p>\n<p><strong>Kontrola kvaliteta<\/strong><\/p>\n<p>Agencija je odgovorna za kontrolu kvaliteta visokog obrazovanja u Crnoj Gori. Kontrolu kvaliteta Agencija vr\u0161i kroz eksternu evaluaciju, i to postupcima akreditacije studijskih programa, reakreditacijom ustanova visokog obrazovanja i akreditacijom programa cjelo\u017eivotnog u\u010denja. Tako\u0111e, Agencija vr\u0161i periodi\u010dne kontrole tokom akreditacionog, odnosno reakreditacionog perioda na zahtjev Ministarstva ili ustanove. Standardi i kriterijumi za postupke evaluacije se zasnivaju na\u00a0<a href=\"https:\/\/akokvo.me\/wp-content\/uploads\/2020\/12\/ESG_cg_2015.pdf\">Evropskim standardima i smjernicama<\/a>. U tom smislu, Agencija te\u017ei potpunoj primjeni ESG-a u postupcima eksterne evaluacije i u svom radu.<\/p>\n<p><strong>Obezbje\u0111enje kvaliteta i istra\u017eivanje<\/strong><\/p>\n<p>Agencija te\u017ei da svoj rad dosljedno uskladi sa <a href=\"https:\/\/akokvo.me\/wp-content\/uploads\/2020\/12\/ESG_cg_2015.pdf\">Evropskim standardima i smjernicama za obezbje\u0111enje kvaliteta<\/a>. Ta primjena se ogleda prioritetno kroz strate\u0161ki pristup u razvoju visokog obrazovanja i njegov zakonski okvir. Na putu ispunjavanja evropskih standarda Agencija ja\u010da svoje kapacitete, daju\u0107i poseban zna\u010daj ulozi stejkholdera sistema visokog obrazovanja. Bolja usagla\u0161enost sa ESG zna\u010di ve\u0107i kredibilitet sistema i ispunjavanje preduslova za \u010dlanstvo u Evropsku agenciju za obezbje\u0111enje kvaliteta (ENQA) i registrovanje u Evropskom registru obezbje\u0111enja kvaliteta visokog obrazovanja (EQAR). Tim \u010dlanstvom, odnosno registrovanjem crnogorska Agencija ubrzava procese mobilnosti, internacionalizacije i prepoznavanja crnogorskih diploma. Istra\u017eivanjem u oblasti politika obezbje\u0111enja kvaliteta i uop\u0161te visokog obrazovanja, Agencija uti\u010de na unaprje\u0111enje sistema.<\/p>\n","protected":false},"excerpt":{"rendered":"<p>Agencija za kontrolu i obezbje\u0111enje kvaliteta visokog obrazovanja (AKOKVO) je vode\u0107e dr\u017eavno tijelo za eksterno obezbje\u0111enje kvaliteta visokog obrazovanja osnovano 2017. godine Zakonom o visokom obrazovanju. Osnovna du\u017enost AKOKVO jeste da upravlja procesom evaluacije i sertifikacije ustanova visokog obrazovanja i studijskih programa u skladu sa Evropskim standardima i smjernicama za obezbje\u0111enje kvaliteta u Evropskom prostoru [&hellip;]<\/p>\n","protected":false},"author":1,"featured_media":0,"parent":0,"menu_order":0,"comment_status":"closed","ping_status":"closed","template":"","meta":[],"acf":[],"_links":{"self":[{"href":"https:\/\/akokvo.me\/me\/wp-json\/wp\/v2\/pages\/426"}],"collection":[{"href":"https:\/\/akokvo.me\/me\/wp-json\/wp\/v2\/pages"}],"about":[{"href":"https:\/\/akokvo.me\/me\/wp-json\/wp\/v2\/types\/page"}],"author":[{"embeddable":true,"href":"https:\/\/akokvo.me\/me\/wp-json\/wp\/v2\/users\/1"}],"replies":[{"embeddable":true,"href":"https:\/\/akokvo.me\/me\/wp-json\/wp\/v2\/comments?post=426"}],"version-history":[{"count":18,"href":"https:\/\/akokvo.me\/me\/wp-json\/wp\/v2\/pages\/426\/revisions"}],"predecessor-version":[{"id":8069,"href":"https:\/\/akokvo.me\/me\/wp-json\/wp\/v2\/pages\/426\/revisions\/8069"}],"wp:attachment":[{"href":"https:\/\/akokvo.me\/me\/wp-json\/wp\/v2\/media?parent=426"}],"curies":[{"name":"wp","href":"https:\/\/api.w.org\/{rel}","templated":true}]}}