{"id":428,"date":"2019-02-04T09:33:22","date_gmt":"2019-02-04T09:33:22","guid":{"rendered":"https:\/\/akokvo.me\/?page_id=428"},"modified":"2020-12-22T00:14:12","modified_gmt":"2020-12-21T23:14:12","slug":"misija-i-vizija","status":"publish","type":"page","link":"https:\/\/akokvo.me\/me\/misija-i-vizija\/","title":{"rendered":"Misija, vizija i ciljevi"},"content":{"rendered":"<p style=\"font-size: 22px;\">MISIJA<\/p>\n<p>AKOKVO doprinosi unaprje\u0111enju kvaliteta visokog obrazovanja u Crnoj Gori primjenom <a href=\"https:\/\/akokvo.me\/wp-content\/uploads\/2020\/12\/ESG_cg_2015.pdf\">Evropskih standarda i smjernica<\/a> u evaluaciji ustanova visokog obrazovanja, njihovih studijskih programa i programa cjelo\u017eivotnog u\u010denja kako bi osigurala integraciju crnogorskog u Evropski sistem obezbje\u0111enja kvaliteta visokog obrazovanja.<\/p>\n<hr \/>\n<p style=\"font-size: 22px;\">VIZIJA<\/p>\n<p>Kredibilan, me\u0111unarodno prepoznatljiv i konkurentan sistem visokog obrazovanja u Crnoj Gori je osnova za njegovu su\u0161tinsku integraciju u Evropski prostor visokog obrazovanja (EHEA) i ekonomski i dru\u0161tveni napredak Crne Gore.<\/p>\n<hr \/>\n<p style=\"font-size: 22px;\">CILJEVI<\/p>\n<p>Osnovni cilj AKOKVO jeste unaprje\u0111enje kvaliteta ustanova visokog obrazovanja u Crnoj Gori i njihovih studijskih programa i garancija ispunjavanja osnovnih standarda i kriterijuma za njihovo javno va\u017eenje. Taj cilj Agencija ispunjava kroz eksternu evaluaciju (akreditaciju studijskih programa, programa cjelo\u017eivotnog u\u010denja i reakreditaciju ustanova visokog obrazovanja), a ustanove kroz interno obezbje\u0111enje kvaliteta.<\/p>\n<p>Posebni ciljevi su:<\/p>\n<ul>\n<li>Razviti postupke ocjene kvaliteta rada ustanova visokog obrazovanja i njihovih studijskih programa i programa cjelo\u017eivotnog obrazovanja;<\/li>\n<li>Utvrditi standarde i kriterijume za evaluaciju kako bi se rezultati rada ustanova i studijskih programa preto\u010dili u kvalitativne ocjene;<\/li>\n<li>Obezbijediti objektivnost evaluacija kroz nezavisnost u odlu\u010divanju, organizaciju i rezultate rada Agencije;<\/li>\n<li>Pru\u017eiti dru\u0161tvu informacije o kvalitetu rada visoko\u0161kolskih ustanova;<\/li>\n<li>Promovisati internacionalizaciju procesa evaluacije.<\/li>\n<\/ul>\n","protected":false},"excerpt":{"rendered":"<p>MISIJA AKOKVO doprinosi unaprje\u0111enju kvaliteta visokog obrazovanja u Crnoj Gori primjenom Evropskih standarda i smjernica u evaluaciji ustanova visokog obrazovanja, njihovih studijskih programa i programa cjelo\u017eivotnog u\u010denja kako bi osigurala integraciju crnogorskog u Evropski sistem obezbje\u0111enja kvaliteta visokog obrazovanja. VIZIJA Kredibilan, me\u0111unarodno prepoznatljiv i konkurentan sistem visokog obrazovanja u Crnoj Gori je osnova za njegovu [&hellip;]<\/p>\n","protected":false},"author":1,"featured_media":0,"parent":0,"menu_order":0,"comment_status":"closed","ping_status":"closed","template":"","meta":[],"acf":[],"_links":{"self":[{"href":"https:\/\/akokvo.me\/me\/wp-json\/wp\/v2\/pages\/428"}],"collection":[{"href":"https:\/\/akokvo.me\/me\/wp-json\/wp\/v2\/pages"}],"about":[{"href":"https:\/\/akokvo.me\/me\/wp-json\/wp\/v2\/types\/page"}],"author":[{"embeddable":true,"href":"https:\/\/akokvo.me\/me\/wp-json\/wp\/v2\/users\/1"}],"replies":[{"embeddable":true,"href":"https:\/\/akokvo.me\/me\/wp-json\/wp\/v2\/comments?post=428"}],"version-history":[{"count":15,"href":"https:\/\/akokvo.me\/me\/wp-json\/wp\/v2\/pages\/428\/revisions"}],"predecessor-version":[{"id":3850,"href":"https:\/\/akokvo.me\/me\/wp-json\/wp\/v2\/pages\/428\/revisions\/3850"}],"wp:attachment":[{"href":"https:\/\/akokvo.me\/me\/wp-json\/wp\/v2\/media?parent=428"}],"curies":[{"name":"wp","href":"https:\/\/api.w.org\/{rel}","templated":true}]}}