{"id":430,"date":"2019-02-04T09:39:10","date_gmt":"2019-02-04T09:39:10","guid":{"rendered":"https:\/\/akokvo.me\/?page_id=430"},"modified":"2021-12-15T14:11:07","modified_gmt":"2021-12-15T13:11:07","slug":"upravni-odbor","status":"publish","type":"page","link":"https:\/\/akokvo.me\/me\/upravni-odbor\/","title":{"rendered":"Upravni odbor"},"content":{"rendered":"<p>Upravni odbor ima predsjednika i dva \u010dlana od kojih su dva predstavnika osniva\u010da\u00a0 i jedan predstavnik organa dr\u017eavne uprave nadle\u017enog za poslove prosvjete. Dosada\u0161njim \u010dlanovima organa upravljanja Sa\u0161i Vujo\u0161evi\u0107 i Merimi Bakovi\u0107 je zbog isteka prestao mandat, dok je <strong>Mijajlo \u0110uri\u0107<\/strong> na\u010delnik odjeljenja za normativno-pravne poslove u Ministarstvu prosvjete,\u00a0 imenovan rje\u0161enjem Vlade Crne Gore br: 07-6152\/3 od 07. novembra 2019. godine, nastavio da obavlja funkciju\u00a0 \u010dlana Upravnog odbora.<\/p>\n<p>Rje\u0161enjem Vlade Crne Gore broj: 04-6371\/3 od 09. decembra 2021. godine za predsjednicu Upravnog odbora imanovana je <strong>prof.dr Nada Jaukovi\u0107<\/strong>, redovna profesorica na Metalur\u0161ko-tehnolo\u0161kom fakultetu, Univerziteta Crne Gore, dok je za \u010dlanicu Upravnog odbora imenovana <strong>dr Katarina Todorovi\u0107<\/strong> saradnica u nastavi na Filozofskom fakultetu Univerziteta Crne Gore.<\/p>\n<p>Detaljnije o nadle\u017enostima i djelokugu rada Upravnog odbora pogledati:<a href=\"https:\/\/akokvo.me\/wp-content\/uploads\/2020\/12\/Statut_integralni-dokument.pdf\"> Statut Agencije<\/a> i <a href=\"https:\/\/akokvo.me\/wp-content\/uploads\/2020\/12\/Poslovnik-o-radu-UO.pdf\">Poslovnik o radu UO<\/a>.<\/p>\n","protected":false},"excerpt":{"rendered":"<p>Upravni odbor ima predsjednika i dva \u010dlana od kojih su dva predstavnika osniva\u010da\u00a0 i jedan predstavnik organa dr\u017eavne uprave nadle\u017enog za poslove prosvjete. Dosada\u0161njim \u010dlanovima organa upravljanja Sa\u0161i Vujo\u0161evi\u0107 i Merimi Bakovi\u0107 je zbog isteka prestao mandat, dok je Mijajlo \u0110uri\u0107 na\u010delnik odjeljenja za normativno-pravne poslove u Ministarstvu prosvjete,\u00a0 imenovan rje\u0161enjem Vlade Crne Gore br: [&hellip;]<\/p>\n","protected":false},"author":1,"featured_media":0,"parent":0,"menu_order":0,"comment_status":"closed","ping_status":"closed","template":"","meta":[],"acf":[],"_links":{"self":[{"href":"https:\/\/akokvo.me\/me\/wp-json\/wp\/v2\/pages\/430"}],"collection":[{"href":"https:\/\/akokvo.me\/me\/wp-json\/wp\/v2\/pages"}],"about":[{"href":"https:\/\/akokvo.me\/me\/wp-json\/wp\/v2\/types\/page"}],"author":[{"embeddable":true,"href":"https:\/\/akokvo.me\/me\/wp-json\/wp\/v2\/users\/1"}],"replies":[{"embeddable":true,"href":"https:\/\/akokvo.me\/me\/wp-json\/wp\/v2\/comments?post=430"}],"version-history":[{"count":11,"href":"https:\/\/akokvo.me\/me\/wp-json\/wp\/v2\/pages\/430\/revisions"}],"predecessor-version":[{"id":7742,"href":"https:\/\/akokvo.me\/me\/wp-json\/wp\/v2\/pages\/430\/revisions\/7742"}],"wp:attachment":[{"href":"https:\/\/akokvo.me\/me\/wp-json\/wp\/v2\/media?parent=430"}],"curies":[{"name":"wp","href":"https:\/\/api.w.org\/{rel}","templated":true}]}}