{"id":432,"date":"2020-12-04T09:45:51","date_gmt":"2020-12-04T08:45:51","guid":{"rendered":"https:\/\/akokvo.me\/?page_id=432"},"modified":"2025-06-20T10:04:36","modified_gmt":"2025-06-20T08:04:36","slug":"rukovodstvo","status":"publish","type":"page","link":"https:\/\/akokvo.me\/me\/rukovodstvo\/","title":{"rendered":"Rukovodstvo"},"content":{"rendered":"<p><img loading=\"lazy\" class=\"alignleft wp-image-738\" src=\"https:\/\/akokvo.me\/wp-content\/uploads\/2021\/10\/20150523_181233-1.jpg\" alt=\"\" width=\"200\" height=\"143\" \/><\/p>\n<p><strong>Direktor Agencije za kontrolu i obezbje\u0111enje kvaliteta visokog obrazovanja<\/strong><\/p>\n<p><strong>Goran Danilovi\u0107<\/strong><\/p>\n<p>&nbsp;<\/p>\n<p>Goran Danilovi\u0107 je ro\u0111en 5. januara 1971. godine. Diplomirao je na Filozofskom fakultetu u Nik\u0161i\u0107u, na Odsjeku za filozofiju i stekao zvanje Diplomirani profesor filosofije. Imenovan je na mjestu direktora Agencije za kontrolu i obezbje\u0111enje kvaliteta visokog obrazovanja u junu 2023. godine. Biv\u0161i je Poslanik u Skup\u0161tini Crne Gore (2016-2020) i Ministar unutra\u0161njih poslova Crne Gore u 2016. godini. Prije funkcije Ministra unutra\u0161njih poslova bio je poslanik u Skup\u0161tini Crne Gore (2001-2016).<\/p>\n<p>Bio je \u010dlan Odbora za me\u0111unarodne odnose i iseljenike (2012 \u2013 2016), zamjenik predsjednika Odbora za bezbjednost i odbranu Skup\u0161tine Crne Gore u jednogodi\u0161njem mandatu, \u010dlan Parlamentarne skup\u0161tine OEBS-a (2009 \u2013 2015). Bio je i \u010dlan Odbora za bezbjednost i odbranu Skup\u0161tine Crne Gore (2006 \u2013 2012) i kandidat za gradona\u010delnika Podgorice 2006.god. Karijeru je zapo\u010deo kao novinar na RTCG-u (1996-1998), u po\u010detku je bio novinar saradnik, a kasnije novinar urednik. Jedan je od osniva\u010da Radio Svetigore, zamjenik glavnog urednika (1998-1999) i urednik obnovljenih Dnevnih novina \u201eGlas Crnogorca\u201c (1999-2001).\t<\/p>\n<p>Autor je putopisnih TV reporta\u017ea iz oblasti kulture i duhovnosti \u2013 Sveta Gora 1998, Istorija Pravoslavlja 2000, Putevima Istoka\/Kapadokija 2000. Bio je glavni i odgovorni urednik najve\u0107eg multimedijalnog projekta u Jugoisto\u010dnoj Evropi \u201eKosovo i Metohija lice Evrope\u201c , savjetnik na projektu \u201eSrbija zemlja sporta\u201c, savjetnik na projektu \u201e100 godina ponosa i slave\u201c 2013.god.  Autor je zbirki pjesama: Rije\u010di i re\u010di, Drhtaj u prutu i Lunavo. Otac je dvoje djece, govori ruski jezik.<\/p>\n<hr \/>\n<p><img loading=\"lazy\" class=\"alignleft wp-image-738\" src=\"https:\/\/akokvo.me\/wp-content\/uploads\/2019\/03\/Milica-Kaved\u017ei\u0107.jpg\" alt=\"\" width=\"200\" height=\"143\" \/><\/p>\n<p><strong>Pomo\u0107nica direktora u sektoru za obezbje\u0111enje kvaliteta i istra\u017eivanje<\/strong><\/p>\n<p><strong>Milica Kaved\u017ei\u0107<\/strong><\/p>\n<p>&nbsp;<\/p>\n<p>&nbsp;<\/p>\n<p>Milica Kaved\u017ei\u0107 ro\u0111ena je 10.novembra 1989.godine u Podgorici gdje je zavr\u0161ila Osnovnu \u0161kolu i Gimnaziju sa nagradom \u201eLu\u010da\u201c. Studirala je na Ekonomskom fakultetu u Podgorici, a kao stipendista austrijske vlade dio studija je provela na Univerzitetu za ekonomiju i biznis u Be\u010du, Austriji. Diplomirala je 2012.godine i stekla nagradu Ekonomskog fakulteta za najboljeg studenta u generaciji. Naredne, 2013.godine, rektor Univerziteta Crne Gore joj je dodijelio nagradu za najboljeg studenta u oblasti dru\u0161tvenih nauka. Po zavr\u0161etku studija, kao stipendista njema\u010dke vladine organizacije \u201eDAAD\u201c usavr\u0161avala se na Institutu za njema\u010dki jezik u Berlinu.<\/p>\n<p>Radni anga\u017eman zapo\u010dela je kao polaznik prve generacije programa Stru\u010dnog osposobljavanja visoko\u0161kolaca u Kabinetu potpredsjednika Vlade za ekonomsku politiku i finansijski sistem. Tokom 2013.godine na akademiji \u201eCELAP\u201c u \u0160angaju, Kini, poha\u0111ala je jednomjese\u010dnu obuku za mlade lidere u zemljama u razvoju.<br \/>\nTokom 2015.godine bila je radno anga\u017eovana kao PR Paviljona Crne Gore na Svjetskoj izlo\u017ebi Expo u Milanu, Italiji.<\/p>\n<p>U Agenciji za kontrolu i obezbje\u0111enje kvaliteta visokog obrazovanja zasnovala je radni anga\u017eman kao savjetnik za me\u0111unarodnu saradnju 2018.godine. U septembru 2023.godine imenovana je od strane Vlade Crne Gore za pomo\u0107nika direktora Agencije u sektoru za obezbje\u0111enje kvaliteta i istra\u017eivanje. Predstavnica je Crne Gore u Grupi za pra\u0107enje Bolonjskog procesa (BFUG). U\u010destvuje u izradi i implementaciji aplikacija za povla\u010denje sredstava iz dostupnih EU fondova.<\/p>\n<p>Govori engleski, ruski, njema\u010dki i italijanski jezik.<\/p>\n<hr \/>\n<p>&nbsp;<\/p>\n","protected":false},"excerpt":{"rendered":"<p>Direktor Agencije za kontrolu i obezbje\u0111enje kvaliteta visokog obrazovanja Goran Danilovi\u0107 &nbsp; Goran Danilovi\u0107 je ro\u0111en 5. januara 1971. godine. Diplomirao je na Filozofskom fakultetu u Nik\u0161i\u0107u, na Odsjeku za filozofiju i stekao zvanje Diplomirani profesor filosofije. Imenovan je na mjestu direktora Agencije za kontrolu i obezbje\u0111enje kvaliteta visokog obrazovanja u junu 2023. godine. Biv\u0161i [&hellip;]<\/p>\n","protected":false},"author":1,"featured_media":0,"parent":0,"menu_order":0,"comment_status":"closed","ping_status":"closed","template":"","meta":[],"acf":[],"_links":{"self":[{"href":"https:\/\/akokvo.me\/me\/wp-json\/wp\/v2\/pages\/432"}],"collection":[{"href":"https:\/\/akokvo.me\/me\/wp-json\/wp\/v2\/pages"}],"about":[{"href":"https:\/\/akokvo.me\/me\/wp-json\/wp\/v2\/types\/page"}],"author":[{"embeddable":true,"href":"https:\/\/akokvo.me\/me\/wp-json\/wp\/v2\/users\/1"}],"replies":[{"embeddable":true,"href":"https:\/\/akokvo.me\/me\/wp-json\/wp\/v2\/comments?post=432"}],"version-history":[{"count":52,"href":"https:\/\/akokvo.me\/me\/wp-json\/wp\/v2\/pages\/432\/revisions"}],"predecessor-version":[{"id":17354,"href":"https:\/\/akokvo.me\/me\/wp-json\/wp\/v2\/pages\/432\/revisions\/17354"}],"wp:attachment":[{"href":"https:\/\/akokvo.me\/me\/wp-json\/wp\/v2\/media?parent=432"}],"curies":[{"name":"wp","href":"https:\/\/api.w.org\/{rel}","templated":true}]}}