{"id":434,"date":"2020-12-10T09:51:55","date_gmt":"2020-12-10T08:51:55","guid":{"rendered":"https:\/\/akokvo.me\/?page_id=434"},"modified":"2026-03-25T08:53:03","modified_gmt":"2026-03-25T07:53:03","slug":"organizaciona-sema","status":"publish","type":"page","link":"https:\/\/akokvo.me\/me\/organizaciona-sema\/","title":{"rendered":"Organizaciona \u0161ema"},"content":{"rendered":"<p><img loading=\"lazy\" class=\"alignnone wp-image-3861 size-full\" src=\"https:\/\/akokvo.me\/wp-content\/uploads\/2020\/12\/akokvo-org-sema.png\" alt=\"\" width=\"955\" height=\"559\" srcset=\"https:\/\/akokvo.me\/wp-content\/uploads\/2020\/12\/akokvo-org-sema.png 955w, https:\/\/akokvo.me\/wp-content\/uploads\/2020\/12\/akokvo-org-sema-300x176.png 300w, https:\/\/akokvo.me\/wp-content\/uploads\/2020\/12\/akokvo-org-sema-768x450.png 768w, https:\/\/akokvo.me\/wp-content\/uploads\/2020\/12\/akokvo-org-sema-810x474.png 810w\" sizes=\"(max-width: 955px) 100vw, 955px\" \/><\/p>\n<p>&nbsp;<\/p>\n<p><strong>Ministarstvo prosvjete, nauke, kulture i sporta<\/strong>\u00a0vr\u0161i nadzor nad radom Agencije.<\/p>\n<p><strong>Upravni odbor i direktora Agencije<\/strong> imenuje Vlada na \u010detiri godine na predlog Ministarstva prosvjete, a njihove nadle\u017enosti su definisane\u00a0<a href=\"https:\/\/akokvo.me\/wp-content\/uploads\/2020\/12\/Statut_integralni-dokument.pdf\">Statutom Agencije<\/a> i <a href=\"https:\/\/akokvo.me\/wp-content\/uploads\/2019\/04\/Zakon-o-visokom-obrazovanju.pdf\">Zakonom o visokom obrazovanju<\/a>.<\/p>\n<p><strong>Upravni odbor<\/strong> ima nadle\u017enosti u dijelu organizacionih i finansijskih poslova Agencije:<\/p>\n<ul>\n<li>donosi statut, akt o unutra\u0161njoj organizaciji i sistematizaciji radnih mjesta i druga akta u skladu sa statutom;<\/li>\n<li>donosi odluku o raspisivanju konkursa za izbor direktora Agencije;<\/li>\n<li>podnosi inicijativu Vladi za razrje\u0161enje predsjednika ili \u010dlana Upravnog odbora;<\/li>\n<li>usvaja godi\u0161nji program rada Agencije;<\/li>\n<li>usvaja godi\u0161nji finansijski plan;<\/li>\n<li>usvaja godi\u0161nji finansijski izvje\u0161taj, najkasnije do 31. marta teku\u0107e godine;<\/li>\n<li>usvaja godi\u0161nji izvje\u0161taj o radu Agencije, najkasnije do 31. marta teku\u0107e godine;<\/li>\n<li>predla\u017ee visinu naknade za pru\u017eene usluge;<\/li>\n<li>predla\u017ee unutra\u0161nju reviziju finansijskog poslovanja;<\/li>\n<li>donosi poslovnik o svom radu;<\/li>\n<li>obavlja i druge poslove utvr\u0111ene zakonom i ovim statutom i drugim aktima Agencije.<\/li>\n<\/ul>\n<p><strong>Direktor<\/strong> je, kao zakonski predstavnik i zastupnik Agencije, odgovoran za sprovo\u0111enje postupaka evaluacije. Pored toga, nadle\u017ean je da:<\/p>\n<ul>\n<li>rukovodi radom i poslovanjem Agencije i odgovara za zakonitost rada Agencije;<\/li>\n<li>priprema izvje\u0161taje o radu Agencije i godi\u0161nji finansijski izvje\u0161taj;<\/li>\n<li>izvr\u0161ava odluke Upravnog odbora;<\/li>\n<li>predla\u017ee akt o unutra\u0161njoj organizaciji i sistematizaciji Agencije;<\/li>\n<li>predla\u017ee godi\u0161nji program rada, godi\u0161nji finansijski plan, i odgovoran je za njihovo ostvarivanje;<\/li>\n<li>dostavlja izvje\u0161taje o radu Agencije i druge izvje\u0161taje Upravnom odboru Agencije;<\/li>\n<li>izvr\u0161ava odluke Upravnog odbora;<\/li>\n<li>predla\u017ee statut, akt o unutra\u0161njoj organizaciji i sistematizaciji radnih mjesta Agencije i donosi druga akta iz djelokruga poslova Agencije;<\/li>\n<li>donosi odluke o zasnivanju i prestanku radnog odnosa zaposlenih u Agenciji u skladu sa zakonom;<\/li>\n<li>raspisuje javni poziv na osnovu kojeg utvr\u0111uje listu eksperata za akreditaciju studijskih programa odnosno reakreditaciju ustanova;<\/li>\n<li>obrazuje komisije za potrebe sprovo\u0111enja postupaka predvi\u0111enih Zakonom iz djelokruga rada Agencije;<\/li>\n<li>odre\u0111uje sekretara iz reda zaposlenih za obavljanje administrativnih i stru\u010dnih poslova za potrebe eskpertskih komisija;<\/li>\n<li>anga\u017euje saradnike za stru\u010dne poslove u vezi sa djelatno\u0161\u0107u Agencije;<\/li>\n<li>zaklju\u010duje ugovore i sporazume o saradnji;<\/li>\n<li>obezbje\u0111uje za\u0161titu i zdravlje na radu u skladu sa zakonom;<\/li>\n<li>obezbje\u0111uje vo\u0111enje i \u010duvanje evidencije i dokumentacije u Agenciji;<\/li>\n<li>vr\u0161i i druge poslove utvr\u0111ene zakonom i statutom Agencije.<\/li>\n<\/ul>\n<p><strong>Sektor za kontrolu kvaliteta<\/strong> sprovodi postupke akreditacije studijskih programa i programa cjelo\u017eivotnog u\u010denja, reakreditacije ustanova visokog obrazovanja kao i periodi\u010dnih i naknadnih (follow-up) kontrola, sara\u0111uju\u0107i sa ustanovama u svim fazama akreditacionog, odnosno reakreditacionog perioda i predla\u017ee mjere za unaprje\u0111enje kvaliteta.<\/p>\n<ul>\n<li>Samostalna savjetnica I za akreditaciju i reakreditaciju: Ana Rutovi\u0107<\/li>\n<li>Samostalna savjetnica I za kontrolu kvaliteta: Dajana Pavi\u0107evi\u0107<\/li>\n<li>Samostalna savjetnica III za kontrolu kvaliteta: Aldina Puri\u0161i\u0107<\/li>\n<li>Samostalni savjetnik III za evaluaciju ustanova visokog obrazovanja: Kemal Demirovi\u0107<\/li>\n<\/ul>\n<p><strong>Sektor za obezbje\u0111enje kvaliteta i istra\u017eivanje<\/strong> sara\u0111uje sa me\u0111unarodnim organizacijama i asocijacijama u oblasti obezbje\u0111enja kvaliteta, koordinira projekte, upravlja bazama podataka o sistemu visokog obrazovanja i obezbje\u0111enja kvaliteta, realizuje istra\u017eivanja za politike obezbje\u0111enja kvaliteta i predla\u017ee mjere za unaprje\u0111enje kvaliteta.<\/p>\n<ul>\n<li>Pomo\u0107nica direktora u sektoru za obezbje\u0111enje kvaliteta i istra\u017eivanje: Milica Kaved\u017ei\u0107<\/li>\n<li>Samostalna savjetnica II za me\u0111unarodnu saradnju: Dunja Bulaji\u0107<\/li>\n<li>Samostalna savjetnica II za obezbje\u0111enje kvaliteta: Jelena \u0110ukanovi\u0107<\/li>\n<\/ul>\n<p><strong>Slu\u017eba za op\u0161te poslove i finansije<\/strong> brine o ostvarivanju prava iz radnih odnosa, vr\u0161i finansijske poslove, javne nabavke, priprema finansijske i izvje\u0161taje o radu i vodi ra\u010duna o knjigovodstvenom i kancelarijskom poslovanju.<\/p>\n<ul>\n<li>Samostalna savjetnica I za finansije: Danica Kora\u0107<\/li>\n<li>Samostalna savjetnica II za IT poslove: Svetlana Furtula<\/li>\n<li>Samostalni savjetnik II za javne nabavke: Milan \u0160ukovi\u0107<\/li>\n<li>Arhivarka, samostalni referent: Lidija \u0106a\u0107i\u0107<\/li>\n<li>Tehni\u010dka sekretarica, samostalni referent: Tijana Drobnjak<\/li>\n<li>Samostalni referent: Nikola Sekuli\u0107<\/li>\n<\/ul>\n<p>&nbsp;<\/p>\n<p>&nbsp;<\/p>\n","protected":false},"excerpt":{"rendered":"<p>&nbsp; Ministarstvo prosvjete, nauke, kulture i sporta\u00a0vr\u0161i nadzor nad radom Agencije. Upravni odbor i direktora Agencije imenuje Vlada na \u010detiri godine na predlog Ministarstva prosvjete, a njihove nadle\u017enosti su definisane\u00a0Statutom Agencije i Zakonom o visokom obrazovanju. Upravni odbor ima nadle\u017enosti u dijelu organizacionih i finansijskih poslova Agencije: donosi statut, akt o unutra\u0161njoj organizaciji i sistematizaciji [&hellip;]<\/p>\n","protected":false},"author":1,"featured_media":0,"parent":0,"menu_order":0,"comment_status":"closed","ping_status":"closed","template":"","meta":[],"acf":[],"_links":{"self":[{"href":"https:\/\/akokvo.me\/me\/wp-json\/wp\/v2\/pages\/434"}],"collection":[{"href":"https:\/\/akokvo.me\/me\/wp-json\/wp\/v2\/pages"}],"about":[{"href":"https:\/\/akokvo.me\/me\/wp-json\/wp\/v2\/types\/page"}],"author":[{"embeddable":true,"href":"https:\/\/akokvo.me\/me\/wp-json\/wp\/v2\/users\/1"}],"replies":[{"embeddable":true,"href":"https:\/\/akokvo.me\/me\/wp-json\/wp\/v2\/comments?post=434"}],"version-history":[{"count":31,"href":"https:\/\/akokvo.me\/me\/wp-json\/wp\/v2\/pages\/434\/revisions"}],"predecessor-version":[{"id":19275,"href":"https:\/\/akokvo.me\/me\/wp-json\/wp\/v2\/pages\/434\/revisions\/19275"}],"wp:attachment":[{"href":"https:\/\/akokvo.me\/me\/wp-json\/wp\/v2\/media?parent=434"}],"curies":[{"name":"wp","href":"https:\/\/api.w.org\/{rel}","templated":true}]}}