{"id":448,"date":"2019-02-04T10:02:33","date_gmt":"2019-02-04T10:02:33","guid":{"rendered":"https:\/\/akokvo.me\/?page_id=448"},"modified":"2026-03-25T09:03:43","modified_gmt":"2026-03-25T08:03:43","slug":"slobodan-pristup-informacijama","status":"publish","type":"page","link":"https:\/\/akokvo.me\/me\/slobodan-pristup-informacijama\/","title":{"rendered":"Slobodan pristup informacijama"},"content":{"rendered":"<p>Slobodan pristup informacijama u posjedu Agencije za kontrolu i obezbje\u0111enje kvaliteta visokog obrazovanja:<\/p>\n<p>1) <a href=\"https:\/\/akokvo.me\/wp-content\/uploads\/2025\/10\/Vodic-za-pristup-informacijama-u-posjedu-Agencije-13102025.pdf\">Vodi\u010d za slobodan pristup informacij<\/a><a href=\"https:\/\/akokvo.me\/wp-content\/uploads\/2022\/11\/Vodic-za-slobodan-pristup-informacijama-2022.pdf\">ama<\/a><\/p>\n<p>2) <a href=\"https:\/\/akokvo.me\/registar-programa-i-ustanova\/\">Javni registri i javne evidencije<\/a><\/p>\n<p>3) <a href=\"https:\/\/akokvo.me\/wp-content\/uploads\/2025\/05\/Program-rada-za-2025.-godinu.pdf\">Program i planovi rada<\/a><\/p>\n<p>4) Izvje\u0161taji i druga dokumenta o radu i stanju u oblastima iz svoje nadle\u017enosti, na linkovima:<\/p>\n<ul>\n<li><a href=\"https:\/\/akokvo.me\/izvjestaji-o-radu\/\">Link 1<\/a><\/li>\n<li><a href=\"https:\/\/akokvo.me\/wp-content\/uploads\/2020\/11\/Izvjestaj1.pdf\">Link 2<\/a><\/li>\n<li><a href=\"https:\/\/akokvo.me\/wp-content\/uploads\/2020\/06\/Izvjestaj-o-sprovodjenju-plana-integriteta.pdf\">Link 3<\/a><\/li>\n<\/ul>\n<p>5) <a href=\"https:\/\/akokvo.me\/strategije\/\">Nacrti, predlozi i kona\u010dni tekstovi strate\u0161kih dokumenata i planova i programa za njihovo sprovo\u0111enje<\/a><\/p>\n<p>6) Nacrti i predlozi zakona i drugih propisa, kao i mi\u0161ljenja eksperata na te propise &#8211; <strong>nije u nadle\u017enosti Agencije<\/strong><\/p>\n<p>7) Pojedina\u010dni akti i ugovori o raspolaganju finansijskim sredstvima iz javnih prihoda i dr\u017eavnom imovinom, na linkovima:<\/p>\n<ul>\n<li><a href=\"https:\/\/akokvo.me\/javne-nabavke\/\">Link 1<\/a><\/li>\n<li><a href=\"https:\/\/akokvo.me\/finansijski-izvjestaji\/\">Link 2<\/a><\/li>\n<li><a href=\"https:\/\/akokvo.me\/wp-content\/uploads\/2024\/03\/Interna-procedura-o-sprovodenju-postupka-javnih-nabavki.pdf\">Link 3<\/a><\/li>\n<li><a href=\"https:\/\/akokvo.me\/wp-content\/uploads\/2019\/02\/Strategija_razvoja_i_finansiranja_visokog_obrazovanja_u_CG.pdf\">Link 4<\/a><\/li>\n<li><a href=\"https:\/\/akokvo.me\/wp-content\/uploads\/2020\/02\/Interno-pravilo-o-troskovima-reprezentacije-2022.pdf\">Link 5<\/a><\/li>\n<li><a href=\"https:\/\/akokvo.me\/wp-content\/uploads\/2020\/02\/Interna-procedura-za-placanje-faktura-2022.pdf\">Link 6\u00a0<\/a><\/li>\n<\/ul>\n<p>8) <a href=\"https:\/\/akokvo.me\/wp-content\/uploads\/2026\/03\/Spisak-zaposlenih-u-AKOKVO-25.03.2026..pdf\">Spisak dr\u017eavnih slu\u017ebenika i namje\u0161tenika, sa njihovim slu\u017ebeni\u010dkim i namje\u0161teni\u010dkim zvanjima<\/a><\/p>\n<p>9) <a href=\"https:\/\/akokvo.me\/wp-content\/uploads\/2025\/06\/Spisak-javnih-funkcionera-i-njihove-zarade-20.06.2025.-godine.pdf\">Spisak javnih funkcionera i liste obra\u010duna njihovih zarada i drugih primanja i naknada u vezi sa vr\u0161enjem javne funkcije<\/a><\/p>\n<p>10) <a href=\"https:\/\/akokvo.me\/odluke-po-zahtjevu-za-slobodan-pristup-informacijama\/\">Rje\u0161enja i drugi pojedina\u010dni akti koji su od zna\u010daja za prava, obaveze i interese tre\u0107ih lica<\/a><\/p>\n<p>11) <a href=\"https:\/\/akokvo.me\/odluke-po-zahtjevu-za-slobodan-pristup-informacijama\/\">Informacija kojoj je po zahtjevu pristup odobren<\/a><\/p>\n<p>12) <a href=\"https:\/\/akokvo.me\/obaveze-iz-zakona-o-finansiranju-politickih-subjekata-izbornih-kampanja\/\">Obaveze iz Zakona o finansiranju politi\u010dkih subjekata i izbornih kampanja<\/a><\/p>\n","protected":false},"excerpt":{"rendered":"<p>Slobodan pristup informacijama u posjedu Agencije za kontrolu i obezbje\u0111enje kvaliteta visokog obrazovanja: 1) Vodi\u010d za slobodan pristup informacijama 2) Javni registri i javne evidencije 3) Program i planovi rada 4) Izvje\u0161taji i druga dokumenta o radu i stanju u oblastima iz svoje nadle\u017enosti, na linkovima: Link 1 Link 2 Link 3 5) Nacrti, predlozi [&hellip;]<\/p>\n","protected":false},"author":1,"featured_media":0,"parent":0,"menu_order":0,"comment_status":"closed","ping_status":"closed","template":"","meta":[],"acf":[],"_links":{"self":[{"href":"https:\/\/akokvo.me\/me\/wp-json\/wp\/v2\/pages\/448"}],"collection":[{"href":"https:\/\/akokvo.me\/me\/wp-json\/wp\/v2\/pages"}],"about":[{"href":"https:\/\/akokvo.me\/me\/wp-json\/wp\/v2\/types\/page"}],"author":[{"embeddable":true,"href":"https:\/\/akokvo.me\/me\/wp-json\/wp\/v2\/users\/1"}],"replies":[{"embeddable":true,"href":"https:\/\/akokvo.me\/me\/wp-json\/wp\/v2\/comments?post=448"}],"version-history":[{"count":60,"href":"https:\/\/akokvo.me\/me\/wp-json\/wp\/v2\/pages\/448\/revisions"}],"predecessor-version":[{"id":19280,"href":"https:\/\/akokvo.me\/me\/wp-json\/wp\/v2\/pages\/448\/revisions\/19280"}],"wp:attachment":[{"href":"https:\/\/akokvo.me\/me\/wp-json\/wp\/v2\/media?parent=448"}],"curies":[{"name":"wp","href":"https:\/\/api.w.org\/{rel}","templated":true}]}}