{"id":456,"date":"2019-02-04T10:04:18","date_gmt":"2019-02-04T10:04:18","guid":{"rendered":"https:\/\/akokvo.me\/?page_id=456"},"modified":"2024-04-17T12:43:03","modified_gmt":"2024-04-17T10:43:03","slug":"visoko-obrazovanje-u-crnoj-gori","status":"publish","type":"page","link":"https:\/\/akokvo.me\/me\/visoko-obrazovanje-u-crnoj-gori\/","title":{"rendered":"Visoko obrazovanje u Crnoj Gori"},"content":{"rendered":"<p>Pravni okvir sistema visokog obrazovanja i obezbje\u0111enja kvaliteta u Crnoj Gori \u010dine <a href=\"https:\/\/akokvo.me\/wp-content\/uploads\/2023\/01\/Zakon-o-visokom-obrazovanju.pdf\">Zakon o visokom obrazovanju<\/a>, <a href=\"https:\/\/akokvo.me\/wp-content\/uploads\/2023\/01\/Zakon-o-akademskom-integritetu.pdf\">Zakon o akademskom integritetu<\/a>, kao i set standarda i podzakonskih akata.<\/p>\n<p>Strate\u0161ki okvir sistema visokog obrazovanja definisan je <a href=\"https:\/\/akokvo.me\/wp-content\/uploads\/2019\/02\/Strategija_razvoja_visokog_obrazovanja_u_Crnoj_Gori_2016-2020.pdf\">Strategijom razvoja visokog obrazovanja<\/a>.<\/p>\n<p>Zakonom o visokom obrazovanju (izmjenama iz 2017. godine) definisano je da poslove na obezbje\u0111enju kvaliteta visokog obrazovanja obavlja AKOKVO, u skladu sa evropskim standardima i smjernicama.<\/p>\n<p>U vezi sa tim, nadle\u017enosti AKOKVO koje proizilaze iz \u010dlana 13a, pomenutog Zakona su sljede\u0107e:<\/p>\n<p>1) sprovodi postupak akreditacije studijskog programa i izdaje sertifikat o akreditaciji studijskog programa;<\/p>\n<p>2) sprovodi postupak eksterne evaluacije ustanove visokog obrazovanja i izdaje sertifikat o reakreditaciji ustanove visokog obrazovanja na osnovu izvje\u0161taja o reakreditaciji;<\/p>\n<p>2a) donosi standarde za evaluaciju u skladu sa standardima u Evropskom prostoru visokog obrazovanja;<\/p>\n<p>3) sprovodi periodi\u010dnu ocjenu kvaliteta rada licenciranih ustanova visokog obrazovanja na zahtjev ovla\u0161\u0107enog organa ustanove ili Ministarstva;<\/p>\n<p>4) utvr\u0111uje listu eksperata za akreditaciju studijskih programa, odnosno reakreditaciju ustanova na osnovu javnog poziva;<\/p>\n<p>5) sara\u0111uje sa ustanovama visokog obrazovanja u obezbje\u0111ivanju i unapre\u0111enju kvaliteta;<\/p>\n<p>6) analizira izvje\u0161taje o samoevaluaciji ustanova i izvje\u0161taje o eksternoj evaluaciji ustanova;<\/p>\n<p>7) predla\u017ee mjere za unapre\u0111enje kvaliteta visokog obrazovanja na osnovu preporuka iz izvje\u0161taja o reakreditaciji ustanova visokog obrazovanja i dostavlja ih Ministarstvu i Vladi;<\/p>\n<p>8) vodi registar akreditovanih studijskih programa i reakreditovanih ustanova;<\/p>\n<p>9) utvr\u0111uje metodologiju rangiranja ustanova i vr\u0161i rangiranje ustanova visokog obrazovanja;<\/p>\n<p>10) vr\u0161i i druge poslove propisane Zakonom.<\/p>\n<p>Obezbje\u0111enje kvaliteta se ostvaruje kroz postupak samoevaluacije ustanova visokog obrazovanja, kao i kroz postupke eksterne evaluacije koje sprovodi AKOKVO. Postupci eksterne evaluacije u skladu sa Zakonom o visokom obrazovanju su:<\/p>\n<p>&#8211; akreditacija studijskih programa;<\/p>\n<p>&#8211; reakreditacija ustanova visokog obrazovanja;<\/p>\n<p>&#8211; akreditacija programa cjelo\u017eivotnog u\u010denja;<\/p>\n<p>&#8211; periodi\u010dna ocjena kvaliteta rada ustanova visokog obrazovanja.<\/p>\n<p>Pored zakonskog okvira, obezbje\u0111enje kvaliteta visokog obrazovanja regulisano je:<\/p>\n<ul>\n<li><a href=\"https:\/\/akokvo.me\/wp-content\/uploads\/2020\/09\/Pravilnik-o-postupku-akreditacije-studijskih-programa-sadrzaju-i-obliku-sertifikata-o-akreditaciji.pdf\">Pravilnikom o postupku akreditacije studijskih programa, sadr\u017eaju i obliku sertifikata o akreditaciji<\/a>, koji je donijelo Ministarstvo prosvjete, kao i standardima i aktima koje je donijela AKOKVO, a to su:<\/li>\n<li><a href=\"https:\/\/akokvo.me\/wp-content\/uploads\/2023\/11\/Pravila-o-reakreditaciji-s-obrascima-objedinjeno-novembar-2023.pdf\">Pravila o postupku reakreditacije ustanove visokog obrazovanja<\/a>;<\/li>\n<li><a href=\"https:\/\/akokvo.me\/wp-content\/uploads\/2019\/09\/Pravila-cjelo%C5%BEivotno.pdf\">Pravila o postupku akreditacije programa cjelo\u017eivotnog u\u010denja;<\/a><\/li>\n<li><a href=\"https:\/\/akokvo.me\/pravilnici\/\">Standardi i smjernice za akreditaciju studijskih programa<\/a>;<\/li>\n<li><a href=\"https:\/\/akokvo.me\/pravilnici\/\">Standardi i smjernice za reakreditaciju ustanova visokog obrazovanja<\/a>;<\/li>\n<li><a href=\"https:\/\/akokvo.me\/pravilnici\/\">Standardi i smjernice za akreditaciju Agencije za obezbje\u0111enje kvaliteta visokog obrazovanja<\/a>;<\/li>\n<li><a href=\"https:\/\/akokvo.me\/akreditacija-pravila\/\">Set prate\u0107ih obrazaca i zahtjeva za sprovo\u0111enje postupaka akreditacije i reakreditacije<\/a>;<\/li>\n<li><a href=\"https:\/\/akokvo.me\/reakreditacija-postupak\/\">Interna procedura za sprovo\u0111enje postupka reakreditacije ustanove visokog obrazovanja<\/a>;<\/li>\n<li><a href=\"https:\/\/akokvo.me\/akreditacija-postupak\/#ASP\">Interna procedura za sprovo\u0111enje postupka akreditacije studijskog programa<\/a>.<\/li>\n<li><a href=\"https:\/\/akokvo.me\/wp-content\/uploads\/2020\/10\/poslovnik.pdf\">Poslovnik o radu Komisije za akreditaciju studijskog programa<\/a>;<\/li>\n<li><a href=\"https:\/\/akokvo.me\/wp-content\/uploads\/2023\/12\/Potpisana-pravila-i-obrasci-na-latinici-12.01.2024..pdf\">Pravila o sadr\u017eaju i na\u010dinu vo\u0111enja registra akreditovanih studijskih programa i reakreditovanih ustanova visokog obrazovanja<\/a>;<\/li>\n<li><a href=\"https:\/\/akokvo.me\/wp-content\/uploads\/2022\/11\/Pravila_o_sadrzaju_ankete_za_studente_i_osnovne_odredbe.pdf\">Pravila o sadr\u017eaju ankete za studente i osnovne odredbe<\/a>.<\/li>\n<\/ul>\n<p>Visoko obrazovanje u Crnoj Gori se sti\u010de na ustanovama visokog obrazovanja\u00a0i to na: univerzitetu, fakultetu, umjetni\u010dkoj akademiji i visokoj \u0161koli.<\/p>\n<p>Studije\u00a0se razlikuju prema:<\/p>\n<ul>\n<li>Vrsti: osnovne, master i doktorske;<\/li>\n<li>Osnovne i master mogu biti akademske ili primijenjene;<\/li>\n<li>Vlasni\u0161tvu: dr\u017eavne (fakulteti nemaju svojstvo pravnog lica) i privatne (fakulteti mogu imati svojstvo pravnog lica);<\/li>\n<li>Organizaciji izvo\u0111enja studijskih programa: samostalne, zajedni\u010dki programi sa doma\u0107om ili inostranom ustanovom;<\/li>\n<li>Na\u010dinu izvo\u0111enja nastave: tradicionalne, na daljinu i na engleskom jeziku.<\/li>\n<\/ul>\n<p>Diplome koji se sti\u010du na ustanovi visokog obrazovanja su:<\/p>\n<ul>\n<li>diploma osnovnih studija: akademskih (180 ECTS) i primijenjenih (180 ECTS);<\/li>\n<li>diploma master studija: akademskih (120 ECTS) i primijenjenih (120 ECTS);<\/li>\n<li>diploma o zavr\u0161enim integrisanim osnovnim i master studijama obima 300, odnosno 360 ECTS;<\/li>\n<li>diploma univerziteta iz oblasti regulisanih profesija (medicina, stomatologija, arhitektura, farmacija, visoka medicinska \u0161kola) u skladu sa Direktivom 2005\/36EC i Direktivom 55\/13EC;<\/li>\n<li>diploma univerziteta akademskih doktorskih studija obima 180 ECTS.<\/li>\n<\/ul>\n<p>Pored izmjena Zakona o visokom obrazovanju, kojim je 2017. godine prepoznato osnivanje AKOKVO, uvedene su i sljede\u0107e, klju\u010dne promjene u sistemu visokog obrazovanja u Crnoj Gori:<\/p>\n<ul>\n<li>novi model studiranja 3+2+3, umjesto dosada\u0161njeg 3+1+1+3;<\/li>\n<li>besplatne osnovne i master studije na javnim ustanovama visokog obrazovanja;<\/li>\n<li>obaveznost prakti\u010dne nastave najmanje 25% u odnosu na ukupnu optere\u0107enost studenta po predmetima, odnosno godini, u zavisnosti od ishoda u\u010denja za pojedini studijski program.<\/li>\n<\/ul>\n","protected":false},"excerpt":{"rendered":"<p>Pravni okvir sistema visokog obrazovanja i obezbje\u0111enja kvaliteta u Crnoj Gori \u010dine Zakon o visokom obrazovanju, Zakon o akademskom integritetu, kao i set standarda i podzakonskih akata. Strate\u0161ki okvir sistema visokog obrazovanja definisan je Strategijom razvoja visokog obrazovanja. Zakonom o visokom obrazovanju (izmjenama iz 2017. godine) definisano je da poslove na obezbje\u0111enju kvaliteta visokog obrazovanja [&hellip;]<\/p>\n","protected":false},"author":1,"featured_media":0,"parent":0,"menu_order":0,"comment_status":"closed","ping_status":"closed","template":"","meta":[],"acf":[],"_links":{"self":[{"href":"https:\/\/akokvo.me\/me\/wp-json\/wp\/v2\/pages\/456"}],"collection":[{"href":"https:\/\/akokvo.me\/me\/wp-json\/wp\/v2\/pages"}],"about":[{"href":"https:\/\/akokvo.me\/me\/wp-json\/wp\/v2\/types\/page"}],"author":[{"embeddable":true,"href":"https:\/\/akokvo.me\/me\/wp-json\/wp\/v2\/users\/1"}],"replies":[{"embeddable":true,"href":"https:\/\/akokvo.me\/me\/wp-json\/wp\/v2\/comments?post=456"}],"version-history":[{"count":17,"href":"https:\/\/akokvo.me\/me\/wp-json\/wp\/v2\/pages\/456\/revisions"}],"predecessor-version":[{"id":14604,"href":"https:\/\/akokvo.me\/me\/wp-json\/wp\/v2\/pages\/456\/revisions\/14604"}],"wp:attachment":[{"href":"https:\/\/akokvo.me\/me\/wp-json\/wp\/v2\/media?parent=456"}],"curies":[{"name":"wp","href":"https:\/\/api.w.org\/{rel}","templated":true}]}}