{"id":461,"date":"2019-02-04T10:07:58","date_gmt":"2019-02-04T10:07:58","guid":{"rendered":"https:\/\/akokvo.me\/?page_id=461"},"modified":"2025-12-03T12:19:53","modified_gmt":"2025-12-03T11:19:53","slug":"ustanove-visokog-obrazovanja","status":"publish","type":"page","link":"https:\/\/akokvo.me\/me\/ustanove-visokog-obrazovanja\/","title":{"rendered":"Ustanove visokog obrazovanja"},"content":{"rendered":"<p>Visoko obrazovanje u Crnoj Gori se ostvaruje na ustanovama visokog obrazovanja, koje su licencirane u skladu sa\u00a0<a href=\"https:\/\/akokvo.me\/wp-content\/uploads\/2023\/01\/Zakon-o-visokom-obrazovanju.pdf\">Zakonom o visokom obrazovanju<\/a>. Pomenuti Zakon je precizirao da ustanove visokog obrazovanja mogu biti univerzitet, fakultet, umjetni\u010dka akademija i visoka \u0161kola, te da se mogu osnovati kao javne ili privatne ustanove.<\/p>\n<p>Jedan od uslova koji ustanova visokog obrazovanja treba da obezbijedi kako bi ispunila kriterijume definisane Zakonom o visokom obrazovanju u vezi sa osnivanjem i obavljanjem djelatnosti\u00a0je posjedovanje sertifikata o akreditaciji koji izdaje AKOKVO (\u010dlan 23 Zakona o visokom obrazovanju, stav 1, alineja 1).<\/p>\n<p>U Crnoj Gori visoko obrazovanje se ostvaruje na ukupno 10 ustanova visokog obrazovanja, i to na 4 univerziteta i 6 samostalnih fakulteta.<\/p>\n<p>Na pomenutim ustanovama se izvodi 287 studijskih programa po modelu (3+2+3), pri \u010demu 42% njih \u010dine osnovne studije (123 programa), 43% master studije (122 programa) i 15% doktorski studiji (42 programa).<\/p>\n<p>U prosjeku, godi\u0161nje se upi\u0161e oko 23.000 studenata (na sva tri nivoa studija), dok oko 4.700 studenata diplomira. Najve\u0107i broj studijskih programa (173) nudi Univerzitet Crne Gore, koji se sastoji od 18 fakulteta, jedne umjetni\u010dke akademije i Instituta za interdisciplinarne i multidisciplinarne studije. To \u010dini 60% svih studijskih programa u zemlji. Preostalih 40% programa izvodi se na privatnim univerzitetima, privatnim fakultetima, kao i na jednom dr\u017eavnom fakultetu.<\/p>\n<p>Broj upisanih studenata na svim nivoima studija u studijskoj 2024\/2025. godini je 20 361, od \u010dega:<\/p>\n<ul>\n<li>Broj upisanih studenata na osnovnim studijama je 16 221;<\/li>\n<li>Broj upisanih studenata na postdiplomskim studijama (specijalisti\u010dke studije i magistarske\/master studije) je 3 941;<\/li>\n<li>Broj upisanih studenata na doktorskim studijama je 199.<\/li>\n<\/ul>\n<p>(izvor:\u00a0<a href=\"https:\/\/www.monstat.org\/cg\/\">Monstat<\/a>)<\/p>\n<p>Broj diplomiranih studenata u 2024. godini je 3548, od \u010dega:<\/p>\n<ul>\n<li>Broj diplomiranih studenata na osnovnim studijama je 2241;<\/li>\n<li>Broj diplomiranih studenata na postdiplomskim studijama (specijalisti\u010dke studije i magistarske\/master studije) je 1284;<\/li>\n<li>Broj diplomiranih studenata na doktorskim studijama je 23.<\/li>\n<\/ul>\n<p>(izvor:\u00a0<a href=\"https:\/\/www.monstat.org\/cg\/\">Monstat<\/a>)<\/p>\n<p>Od ukupnog broja upisanih studenata u studijskoj 2024\/2025. godini, njih \u010dak 66% je upisalo studije na Univerzitetu Crne Gore.<\/p>\n<p>Od ukupnog broja diplomiranih studenata u 2024. godini, njih 59% je diplomiralo tako\u0111e na Univerzitetu Crne Gore.<\/p>\n<p>Studijski programi koji se izvode na ustanovama visokog obrazovanja u Crnoj Gori prolaze kroz eksterno obezbje\u0111enje kvaliteta koje sprovodi AKOKVO, i to kroz tri vrste procedura: akreditacija studijskih programa, reakreditacija ustanova visokog obrazovanja i akreditacija programa cjelo\u017eivotnog u\u010denja.<\/p>\n<p>Od svog osnivanja AKOKVO je realizovala:<\/p>\n<ul>\n<li>akreditacije studijskih programa (102);<\/li>\n<li>reakreditacije ustanova visokog obrazovanja (25);<\/li>\n<li>akreditacije programa cjelo\u017eivotnog u\u010denja (4).<\/li>\n<\/ul>\n<table style=\"height: 32px;\" width=\"621\">\n<tbody>\n<tr>\n<td colspan=\"3\" width=\"604\"><strong>USTANOVE VISOKOG OBRAZOVANJA U CRNOJ GORI, decembar, 2025.<\/strong><\/td>\n<\/tr>\n<\/tbody>\n<\/table>\n<table>\n<tbody>\n<tr>\n<td colspan=\"3\" width=\"604\"><strong>Univerzitet Crne Gore &#8211; UCG<\/strong><\/td>\n<\/tr>\n<tr>\n<td width=\"312\"><strong>Naziv fakulteta <\/strong><\/td>\n<td width=\"104\"><strong>Br. studijskih programa<\/strong><\/td>\n<td width=\"189\"><strong>Datum posljednje reakreditacije<\/strong><\/td>\n<\/tr>\n<tr>\n<td width=\"312\"><a href=\"https:\/\/www.ucg.ac.me\/ef\">Ekonomski fakultet<\/a><\/td>\n<td width=\"104\">8<\/td>\n<td width=\"189\">25. jul 2022.<\/td>\n<\/tr>\n<tr>\n<td width=\"312\"><a href=\"https:\/\/www.ucg.ac.me\/af\">Arhitektonski fakultet<\/a><\/td>\n<td width=\"104\">2<\/td>\n<td width=\"189\">25. jul 2022.<\/td>\n<\/tr>\n<tr>\n<td width=\"312\"><a href=\"https:\/\/www.ucg.ac.me\/btf\">Biotehni\u010dki fakultet<\/a><\/td>\n<td width=\"104\">13<\/td>\n<td width=\"189\">25. jul 2022.<\/td>\n<\/tr>\n<tr>\n<td width=\"312\"><a href=\"https:\/\/www.ucg.ac.me\/etf\">Elektrotehni\u010dki fakultet<\/a><\/td>\n<td width=\"104\">10<\/td>\n<td width=\"189\">25. jul 2022.<\/td>\n<\/tr>\n<tr>\n<td width=\"312\"><a href=\"https:\/\/www.ucg.ac.me\/fdu\">Fakultet dramskih umjetnosti<\/a><\/td>\n<td width=\"104\">7<\/td>\n<td width=\"189\">25. jul 2022.<\/td>\n<\/tr>\n<tr>\n<td width=\"312\"><a href=\"https:\/\/www.ucg.ac.me\/flu\">Fakultet likovnih umjetnosti<\/a><\/td>\n<td width=\"104\">8<\/td>\n<td width=\"189\">25. jul 2022.<\/td>\n<\/tr>\n<tr>\n<td width=\"312\"><a href=\"https:\/\/www.ucg.ac.me\/fpn\">Fakultet politi\u010dkih nauka<\/a><\/td>\n<td width=\"104\">8<\/td>\n<td width=\"189\">25. jul 2022.<\/td>\n<\/tr>\n<tr>\n<td width=\"312\"><a href=\"https:\/\/www.ucg.ac.me\/sport\">Fakultet za sport i fizi\u010dko vaspitanje<\/a><\/td>\n<td width=\"104\">5<\/td>\n<td width=\"189\">25. jul 2022.<\/td>\n<\/tr>\n<tr>\n<td width=\"312\"><a href=\"https:\/\/www.ucg.ac.me\/fth\">Fakultet za turizam i hotelijerstvo<\/a><\/td>\n<td width=\"104\">4<\/td>\n<td width=\"189\">25. jul 2022.<\/td>\n<\/tr>\n<tr>\n<td width=\"312\"><a href=\"https:\/\/www.ucg.ac.me\/fil\">Filolo\u0161ki fakultet<\/a><\/td>\n<td width=\"104\">16<\/td>\n<td width=\"189\">25. jul 2022.<\/td>\n<\/tr>\n<tr>\n<td width=\"312\"><a href=\"https:\/\/www.ucg.ac.me\/ff\">Filozofski fakultet<\/a><\/td>\n<td width=\"104\">23<\/td>\n<td width=\"189\">25. jul 2022.<\/td>\n<\/tr>\n<tr>\n<td width=\"312\"><a href=\"https:\/\/www.ucg.ac.me\/gf\">Gra\u0111evinski fakultet<\/a><\/td>\n<td width=\"104\">5<\/td>\n<td width=\"189\">25. jul 2022.<\/td>\n<\/tr>\n<tr>\n<td width=\"312\"><a href=\"https:\/\/www.ucg.ac.me\/programi\/mf\">Ma\u0161inski fakultet<\/a><\/td>\n<td width=\"104\">8<\/td>\n<td width=\"189\">25. jul 2022.<\/td>\n<\/tr>\n<tr>\n<td width=\"312\"><a href=\"https:\/\/www.ucg.ac.me\/programi\/mf\">Medicinski fakultet<\/a><\/td>\n<td width=\"104\">10<\/td>\n<td width=\"189\">25. jul 2022.<\/td>\n<\/tr>\n<tr>\n<td width=\"312\"><a href=\"https:\/\/www.ucg.ac.me\/mtf\">Metalur\u0161ko-tehnolo\u0161ki fakultet<\/a><\/td>\n<td width=\"104\">9<\/td>\n<td width=\"189\">25. jul 2022.<\/td>\n<\/tr>\n<tr>\n<td width=\"312\"><a href=\"https:\/\/www.ucg.ac.me\/ma\">Muzi\u010dka akademija<\/a><\/td>\n<td width=\"104\">4<\/td>\n<td width=\"189\">25. jul 2022.<\/td>\n<\/tr>\n<tr>\n<td width=\"312\"><a href=\"https:\/\/www.ucg.ac.me\/pfkotor\">Pomorski fakultet Kotor<\/a><\/td>\n<td width=\"104\">8<\/td>\n<td width=\"189\">25. jul 2022.<\/td>\n<\/tr>\n<tr>\n<td width=\"312\"><a href=\"https:\/\/www.ucg.ac.me\/pf\">Pravni fakultet<\/a><\/td>\n<td width=\"104\">6<\/td>\n<td width=\"189\">25. jul 2022.<\/td>\n<\/tr>\n<tr>\n<td width=\"312\"><a href=\"https:\/\/www.ucg.ac.me\/programi\/pmf\">Prirodno-matemati\u010dki fakultet<\/a><\/td>\n<td width=\"104\">17<\/td>\n<td width=\"189\">25. jul 2022.<\/td>\n<\/tr>\n<tr>\n<td width=\"312\"><a href=\"https:\/\/www.ucg.ac.me\/rektorat\/dok\">Centar za interdisciplinarne studije<\/a><\/td>\n<td width=\"104\">2<\/td>\n<td width=\"189\">25. jul 2022.<\/td>\n<\/tr>\n<\/tbody>\n<\/table>\n<table>\n<tbody>\n<tr>\n<td colspan=\"3\" width=\"604\"><strong>Univerzitet Donja Gorica- UDG<\/strong><\/td>\n<\/tr>\n<tr>\n<td width=\"312\"><strong>Naziv fakulteta<\/strong><\/td>\n<td width=\"104\"><strong>Br. studijskih programa<\/strong><\/td>\n<td width=\"189\"><strong>Datum posljednje reakreditacije<\/strong><\/td>\n<\/tr>\n<tr>\n<td width=\"312\"><a href=\"https:\/\/www.udg.edu.me\/fakulteti\/FPN\">Fakultet pravnih nauka<\/a><\/td>\n<td width=\"104\">4<\/td>\n<td width=\"189\">09. septembar 2025.<\/td>\n<\/tr>\n<tr>\n<td width=\"312\"><a href=\"https:\/\/www.udg.edu.me\/fakulteti\/FPRN\">Fakultet primijenjene nauke<\/a><\/td>\n<td width=\"104\">2<\/td>\n<td width=\"189\">01. jun 2022.<\/td>\n<\/tr>\n<tr>\n<td width=\"312\"><a href=\"https:\/\/www.udg.edu.me\/fakulteti\/FUK\">Fakultet umjetnosti<\/a><\/td>\n<td width=\"104\">3<\/td>\n<td width=\"189\">09. septembar 2025.<\/td>\n<\/tr>\n<tr>\n<td width=\"312\"><a href=\"https:\/\/www.udg.edu.me\/fakulteti\/FDM\">Fakultet za dizajn i multimediju<\/a><\/td>\n<td width=\"104\">4<\/td>\n<td width=\"189\">09. septembar 2025.<\/td>\n<\/tr>\n<tr>\n<td width=\"312\"><a href=\"https:\/\/www.udg.edu.me\/fakulteti\/FMEFB\">Fakultet za me\u0111unarodnu ekonomiju, finansije i biznis<\/a><\/td>\n<td width=\"104\">8<\/td>\n<td width=\"189\">09. septembar 2025.<\/td>\n<\/tr>\n<tr>\n<td width=\"312\"><a href=\"https:\/\/www.udg.edu.me\/fakulteti\/FKT\">Fakultet za kulturu i turizam<\/a><\/td>\n<td width=\"104\">5<\/td>\n<td width=\"189\">09. septembar 2025.<\/td>\n<\/tr>\n<tr>\n<td width=\"312\"><a href=\"https:\/\/www.udg.edu.me\/fakulteti\/FPTBHE\">Fakultet za prehrambenu tehnologiju, bezbijednost hrane i ekologiju<\/a><\/td>\n<td width=\"104\">3<\/td>\n<td width=\"189\">09. septembar 2025.<\/td>\n<\/tr>\n<tr>\n<td width=\"312\"><a href=\"https:\/\/www.udg.edu.me\/fakulteti\/FIST\">Fakultet za informacione sisteme i tehnologije<\/a><\/td>\n<td width=\"104\">3<\/td>\n<td width=\"189\">09. septembar 2025.<\/td>\n<\/tr>\n<tr>\n<td width=\"312\"><a href=\"https:\/\/www.udg.edu.me\/fakulteti\/FSM\">Fakultet za sportski menad\u017ement<\/a><\/td>\n<td width=\"104\">3<\/td>\n<td width=\"189\">09. septembar 2025.<\/td>\n<\/tr>\n<tr>\n<td width=\"312\"><a href=\"https:\/\/www.udg.edu.me\/fakulteti\/FF\">Filolo\u0161ki fakultet<\/a><\/td>\n<td width=\"104\">2<\/td>\n<td width=\"189\">28. avgust 2023.<\/td>\n<\/tr>\n<tr>\n<td width=\"312\"><a href=\"https:\/\/www.udg.edu.me\/fakulteti\/HS\">Humanisti\u010dke studije<\/a><\/td>\n<td width=\"104\">12<\/td>\n<td width=\"189\">09. septembar 2025.<\/td>\n<\/tr>\n<tr>\n<td width=\"312\"><a href=\"https:\/\/www.udg.edu.me\/fakulteti\/PT\">Politehnika<\/a><\/td>\n<td width=\"104\">3<\/td>\n<td width=\"189\">09. septembar 2025.<\/td>\n<\/tr>\n<\/tbody>\n<\/table>\n<table>\n<tbody>\n<tr>\n<td colspan=\"3\" width=\"604\"><strong>Univerzitet Mediteran<\/strong><\/td>\n<\/tr>\n<tr>\n<td width=\"312\"><strong>Naziv fakulteta<\/strong><\/td>\n<td width=\"104\"><strong>Br. studijskih programa<\/strong><\/td>\n<td width=\"189\"><strong>Datum posljednje reakreditacije<\/strong><\/td>\n<\/tr>\n<tr>\n<td width=\"312\"><a href=\"http:\/\/fvu.unimediteran.net\/index.php\/mne\/\">Fakultet vizuelnih umjetnosti<\/a><\/td>\n<td width=\"104\">2<\/td>\n<td width=\"189\">05. avgust 2024.<\/td>\n<\/tr>\n<tr>\n<td width=\"312\"><a href=\"http:\/\/fps.unimediteran.net\/index.php\/mne\/\">Fakultet za ekonomiju i biznis<\/a><\/td>\n<td width=\"104\">6<\/td>\n<td width=\"189\">05. avgust 2024.<\/td>\n<\/tr>\n<tr>\n<td width=\"312\"><a href=\"http:\/\/fit.unimediteran.net\/\">Fakultet za informacione tehnologije<\/a><\/td>\n<td width=\"104\">2<\/td>\n<td width=\"189\">05. avgust 2024.<\/td>\n<\/tr>\n<tr>\n<td width=\"312\"><a href=\"http:\/\/fsj.unimediteran.net\/index.php\/mne\/\">Fakultet za strane jezike<\/a><\/td>\n<td width=\"104\">2<\/td>\n<td width=\"189\">05. avgust 2024.<\/td>\n<\/tr>\n<tr>\n<td width=\"312\"><a href=\"http:\/\/ftht.unimediteran.net\/\">Fakultet za turizam<\/a><\/td>\n<td width=\"104\">4<\/td>\n<td width=\"189\">05. avgust 2024.<\/td>\n<\/tr>\n<tr>\n<td width=\"312\"><a href=\"http:\/\/pf.unimediteran.net\/index.php\/mne\/\">Pravni fakultet<\/a><\/td>\n<td width=\"104\">6<\/td>\n<td width=\"189\">05. avgust 2024.<\/td>\n<\/tr>\n<\/tbody>\n<\/table>\n<table>\n<tbody>\n<tr>\n<td colspan=\"3\" width=\"604\"><strong>Univerzitet Adriatik<\/strong><\/td>\n<\/tr>\n<tr>\n<td width=\"312\"><strong>Naziv fakulteta<\/strong><\/td>\n<td width=\"104\"><strong>Br. studijskih programa<\/strong><\/td>\n<td width=\"189\"><strong>Datum posljednje reakreditacije<\/strong><\/td>\n<\/tr>\n<tr>\n<td width=\"312\"><a href=\"http:\/\/www.fbt-budva.com\/\">Fakultet za biznis i turizam Budva<\/a><\/td>\n<td width=\"104\">2<\/td>\n<td width=\"189\">03. jun 2025.<\/td>\n<\/tr>\n<tr>\n<td width=\"312\"><a href=\"http:\/\/www.fms-tivat.me\">Fakultet za mediteranske poslovne studije<\/a><\/td>\n<td width=\"104\">6<\/td>\n<td width=\"189\">16. jul 2025.<\/td>\n<\/tr>\n<tr>\n<td width=\"312\"><a href=\"http:\/\/www.fm-hn.com\/\">Fakultet za menad\u017ement Herceg Novi<\/a><\/td>\n<td width=\"104\">2<\/td>\n<td width=\"189\">20. avgust 2024.<\/td>\n<\/tr>\n<tr>\n<td width=\"312\"><a href=\"http:\/\/www.fpebar.me\">Fakultet za poslovnu ekonomiju i pravo<\/a><\/td>\n<td width=\"104\">6<\/td>\n<td width=\"189\">09. maj 2024.<\/td>\n<\/tr>\n<tr>\n<td width=\"312\"><a href=\"http:\/\/www.fskl-cg.me\/me\">Fakultet za saobra\u0107aj i komunikacije<\/a><\/td>\n<td width=\"104\">2<\/td>\n<td width=\"189\">20. maj 2025.<\/td>\n<\/tr>\n<tr>\n<td width=\"312\"><a href=\"http:\/\/www.pfbar.me\/\">Pomorski fakultet Bar<\/a><\/td>\n<td width=\"104\">5<\/td>\n<td width=\"189\">08. septembar 2025.<\/td>\n<\/tr>\n<\/tbody>\n<\/table>\n<p>&nbsp;<\/p>\n<table>\n<tbody>\n<tr>\n<td colspan=\"3\" width=\"604\"><strong>Samostalni fakulteti<\/strong><\/td>\n<\/tr>\n<tr>\n<td width=\"312\"><strong>Fakultet<\/strong><\/td>\n<td width=\"104\"><strong>Br. studijskih programa<\/strong><\/td>\n<td width=\"189\"><strong>Datum posljednje reakreditacije<\/strong><\/td>\n<\/tr>\n<tr>\n<td width=\"312\"><a href=\"http:\/\/www.hecmontenegro.com\">Fakultet za internacionalni menad\u017ement u turizmu i hotelijerstvu Milo\u010der &#8211; HEC <\/a><\/td>\n<td width=\"104\">2<\/td>\n<td width=\"189\">31. januar 2024.<\/td>\n<\/tr>\n<tr>\n<td width=\"312\"><a href=\"http:\/\/www.fcjk.me\">Fakultet za crnogorski jezik i knji\u017eevnost<\/a><\/td>\n<td width=\"104\">2<\/td>\n<td width=\"189\">24. april 2024.<\/td>\n<\/tr>\n<tr>\n<td width=\"312\"><a href=\"http:\/\/www.fdes.me\">Fakultet za dr\u017eavne i evropske studije<\/a><\/td>\n<td width=\"104\">3<\/td>\n<td width=\"189\">27. novembar 2024.<\/td>\n<\/tr>\n<tr>\n<td width=\"312\"><a href=\"http:\/\/www.fpm.me\">Fakultet za poslovni menad\u017ement Bar<\/a><\/td>\n<td width=\"104\">3<\/td>\n<td width=\"189\">26. avgust 2024.<\/td>\n<\/tr>\n<tr>\n<td width=\"312\"><a href=\"http:\/\/iceps.edu.me\/\">Visoka medicinska \u0161kola ICEPS, Kotor<\/a><\/td>\n<td width=\"104\">2<\/td>\n<td width=\"189\">27. oktobar 2023.<\/td>\n<\/tr>\n<tr>\n<td width=\"312\"><a href=\"http:\/\/\">Fakulteta slobodnih umjetnosti i nauka<\/a><\/td>\n<td width=\"104\">1<\/td>\n<td width=\"189\">23. februar 2024.<\/td>\n<\/tr>\n<\/tbody>\n<\/table>\n<p>&nbsp;<\/p>\n","protected":false},"excerpt":{"rendered":"<p>Visoko obrazovanje u Crnoj Gori se ostvaruje na ustanovama visokog obrazovanja, koje su licencirane u skladu sa\u00a0Zakonom o visokom obrazovanju. Pomenuti Zakon je precizirao da ustanove visokog obrazovanja mogu biti univerzitet, fakultet, umjetni\u010dka akademija i visoka \u0161kola, te da se mogu osnovati kao javne ili privatne ustanove. Jedan od uslova koji ustanova visokog obrazovanja treba [&hellip;]<\/p>\n","protected":false},"author":1,"featured_media":0,"parent":0,"menu_order":0,"comment_status":"closed","ping_status":"closed","template":"","meta":[],"acf":[],"_links":{"self":[{"href":"https:\/\/akokvo.me\/me\/wp-json\/wp\/v2\/pages\/461"}],"collection":[{"href":"https:\/\/akokvo.me\/me\/wp-json\/wp\/v2\/pages"}],"about":[{"href":"https:\/\/akokvo.me\/me\/wp-json\/wp\/v2\/types\/page"}],"author":[{"embeddable":true,"href":"https:\/\/akokvo.me\/me\/wp-json\/wp\/v2\/users\/1"}],"replies":[{"embeddable":true,"href":"https:\/\/akokvo.me\/me\/wp-json\/wp\/v2\/comments?post=461"}],"version-history":[{"count":69,"href":"https:\/\/akokvo.me\/me\/wp-json\/wp\/v2\/pages\/461\/revisions"}],"predecessor-version":[{"id":18819,"href":"https:\/\/akokvo.me\/me\/wp-json\/wp\/v2\/pages\/461\/revisions\/18819"}],"wp:attachment":[{"href":"https:\/\/akokvo.me\/me\/wp-json\/wp\/v2\/media?parent=461"}],"curies":[{"name":"wp","href":"https:\/\/api.w.org\/{rel}","templated":true}]}}