{"id":468,"date":"2019-02-04T10:17:25","date_gmt":"2019-02-04T10:17:25","guid":{"rendered":"https:\/\/akokvo.me\/?page_id=468"},"modified":"2026-01-29T13:12:44","modified_gmt":"2026-01-29T12:12:44","slug":"akreditacija-postupak","status":"publish","type":"page","link":"https:\/\/akokvo.me\/me\/akreditacija-postupak\/","title":{"rendered":"Postupak akreditacije"},"content":{"rendered":"<p><a href=\"#ASP\"><strong>AKREDITACIJA STUDIJSKOG PROGRAMA<\/strong><\/a><\/p>\n<p><a href=\"#APCU\"><strong>AKREDITACIJA PROGRAMA CJELO\u017dIVOTNOG U\u010cENJA<\/strong><\/a><\/p>\n<hr \/>\n<p id=\"ASP\"><strong>AKREDITACIJA STUDIJSKOG PROGRAMA<\/strong><\/p>\n<ol>\n<li>Ustanova visokog obrazovanja podnosi Zahtjev za akreditaciju studijskog programa sa prate\u0107om dokumentacijom (<a href=\"https:\/\/akokvo.me\/wp-content\/uploads\/2024\/06\/Obrazac-zahtjeva-za-akreditaciju-studijskog-programa.docx\">Obrazac zahtjeva za akreditaciju studijskog programa<\/a> | <a href=\"https:\/\/akokvo.me\/wp-content\/uploads\/2021\/01\/Obrazac_zahtjeva_Doktorske_studije.docx\">Obrazac zahtjeva za akreditaciju doktorskih studija<\/a> | <a href=\"https:\/\/akokvo.me\/wp-content\/uploads\/2025\/09\/Obrazac_zahtjeva_akreditacija_SP_na_engleskom_jeziku_01092025.docx\">Obrazac zahtjeva za akreditaciju studija na engleskom jeziku<\/a>\u00a0| <a href=\"https:\/\/akokvo.me\/wp-content\/uploads\/2021\/01\/Obrazac_zahtjeva_Studije_na_daljinu.docx\">Obrazac zahtjeva za akreditaciju studija na daljinu \u00a0<\/a>| <a href=\"https:\/\/akokvo.me\/wp-content\/uploads\/2022\/08\/Obrazac_zahtjeva_Studije_nastavnicke_kompetencije_jul2022.docx\">Obrazac zahtjeva za inicijalno obrazovanje nastavnika<\/a>).<\/li>\n<li>Agencija imenuje koordinatora (zaposlenog iz Agencije) koji provjerava formalno ispunjenje zahtjeva (u roku od 5 dana od dana podno\u0161enja zahtjeva).<\/li>\n<li>Ustanova visokog obrazovanja podnosi popunjeni Zahtjev za akreditaciju, pozitivno mi\u0161ljenje Savjeta za kvalifikacije i dokaz o uplati administrativne takse. Ako ustanova nije podnijela kompletan zahtjev, koordinator tra\u017ei dopunu ili otklanjanje nedostataka (u roku od 8 dana).<\/li>\n<li>Kada je prijava kompletna, formira se Komisija za akreditaciju, koja \u0107e procijeniti zahtjev za akreditaciju.<\/li>\n<li>Aktom o obrazovanju Komisije ure\u0111uju se sastav, zadaci i druga pitanja od zna\u010daja za rad Komisije. Bli\u017ei na\u010din rada i odlu\u010divanje Komisije regulisan je <a href=\"https:\/\/akokvo.me\/wp-content\/uploads\/2020\/10\/poslovnik.pdf\">Poslovnikom o radu Komisije za akreditaciju studijskog programa<\/a>.<\/li>\n<li>Prije po\u010detka rada Komisije, koordinator obavje\u0161tava predsjednika i \u010dlanove Komisije o postupcima, rokovima i pripremi izvje\u0161taja o akreditaciji studijskog programa.<\/li>\n<li>Komisija, na osnovu Zahtjeva za akreditaciju i druge dostavljene dokumentacije, priprema Izvje\u0161taj o akreditaciji sa prijedlogom da se studijski program akredituje\/ne akredituje i dostavlja ga Agenciji (u roku od 30\/60 dana od dana formiranja komisije, u zavisnosti od broja studijskih programa koji su predmet akreditacije). (<a href=\"https:\/\/akokvo.me\/wp-content\/uploads\/2022\/02\/Obrazac_izvjestaja_Osnovne_i_Master_studije.docx\">Obrazac izvje\u0161taja za akreditaciju osnovnih i master studija<\/a> | <a href=\"https:\/\/akokvo.me\/wp-content\/uploads\/2021\/01\/Obrazac_izvjestaja_Doktorske_studije.docx\">Obrazac izvje\u0161taja za akreditaciju doktorskih studija<\/a> | <a href=\"https:\/\/akokvo.me\/wp-content\/uploads\/2026\/01\/Obrazac_izvjestaja_Studije_na_engleskom_jeziku_.docx\">Obrazac izvje\u0161taja za akreditaciju studija na engleskom jeziku<\/a> | <a href=\"https:\/\/akokvo.me\/wp-content\/uploads\/2021\/01\/Obrazac_izvjestaja_Studije_na_daljinu.docx\">Obrazac izvje\u0161taja za akreditaciju studija na daljinu<\/a>\u00a0 | <a href=\"https:\/\/akokvo.me\/wp-content\/uploads\/2022\/08\/Obrazac_izvjestaja_Studije_nastavnicke_kompetencije_jul2022.docx\">Obrazac izvje\u0161taja za inicijalno obrazovanje nastavnika<\/a>).<\/li>\n<li>Koordinator provjerava da li su svi \u010dlanovi Komisije ocijenili sve akreditacione standarde u Izvje\u0161taju o akreditaciji (u roku od 5 dana). Agencija mo\u017ee vratiti izvje\u0161taj o akreditaciji Komisiji na pobolj\u0161anje ili donijeti odluku o akreditaciji.<\/li>\n<li>Komisija je du\u017ena da pobolj\u0161a i preda Agenciji kona\u010dni Izvje\u0161taj o akreditaciji sa akreditacionim stavom (u roku od 7 dana).<\/li>\n<li>Agencija \u0161alje kona\u010dni Izvje\u0161taj o akreditaciji ustanovi visokog obrazovanja (u roku od 7 dana).<\/li>\n<li>Ustanova visokog obrazovanja je du\u017ena da se izjasni o podacima navedenim u Izvje\u0161taju o akreditaciji (u roku od 15 dana).<\/li>\n<li>Agencija \u0161alje Komisiji izjavu ustanove visokog obrazovanja (u roku od 3 dana). Komisija je du\u017ena da odgovori na sve primjedbe ustanove (u roku od 7 dana).<\/li>\n<li>Na osnovu Izvje\u0161taja o akreditaciji studijskog programa, Agencija (direktor) izdaje Sertifikat o akreditaciji studijskog programa, tj. donosi odluku o odbijanju zahtjeva o akreditaciji (u roku od 8 dana). Zajedno sa Sertifikatom o akreditaciji, odnosno odlukom o odbijanju zahtjeva za akreditaciju, Agencija \u0161alje ustanovi visokog obrazovanja izvje\u0161taj o akreditaciji studijskog programa.<\/li>\n<\/ol>\n<p>&nbsp;<\/p>\n<hr \/>\n<p id=\"APCU\"><strong>AKREDITACIJA PROGRAMA CJELO\u017dIVOTNOG U\u010cENJA<\/strong><\/p>\n<ol>\n<li>Ustanova visokog obrazovanja podnosi <a href=\"https:\/\/akokvo.me\/wp-content\/uploads\/2019\/09\/Obrazac-zahtjeva-za-akreditaciju-programa-cjelo\u017eivotnog-u\u010denja.docx\">Zahtjev za akreditaciju programa cjelo\u017eivotnog u\u010denja<\/a> sa prate\u0107om dokumentacijom. Uz Zahtjev za akreditaciju programa cjelo\u017eivotnog u\u010denja, podnosi se elaborat posebnog programa usavr\u0161avanja (<a href=\"https:\/\/akokvo.me\/wp-content\/uploads\/2019\/09\/Pravila-o-postupku-akreditacije-programa-cjelo\u017eivotnog-u\u010denja-1.docx\">Pravila o postupku akreditacije programa cjelo\u017eivotnog u\u010denja<\/a>).<\/li>\n<li>Agencija imenuje koordinatora (zaposlenog iz Agencije) da provjeri formalno ispunjenje zahtjeva (u roku od 8 dana od dana podno\u0161enja zahtjeva).<\/li>\n<li>Ukoliko je zahtjev neuredan, nakon prijema obavje\u0161tenja, ustanova je du\u017ena da otkloni nedostatke (u roku od 15 dana).<\/li>\n<li>Ukoliko ustanova u roku otkloni utvr\u0111ene nedostatke, smatra\u0107e se da je zahtjev bio uredan od dana podno\u0161enja. Ukoliko ustanova ne otkloni utvr\u0111ene nedostatke u roku, Agencija \u0107e donijeti rje\u0161enje kojim se odbija predmetni zahtjev. Na zahtjev ustanove rok se mo\u017ee produ\u017eiti najvi\u0161e za 15 dana, nakon \u010dega se smatra, u slu\u010daju nedostavljanja urednog zahtjeva, da je ustanova odustala od istog.<\/li>\n<li>Agencija obrazuje posebnu komisiju kao ekspertsko tijelo koja treba da ocijeni podnijeti Zahtjev. Komisiju \u010dine najmanje tri \u010dlana, koji se biraju sa liste eksperata od strane Agencije.<\/li>\n<li>Komisija ima zadatak da sa\u010dini i koordinatoru dostavi Izvje\u0161taj o akreditaciji posebnog programa usavr\u0161avanja (u roku od 15 dana).<\/li>\n<li>Na osnovu prijedloga ekspertske Komisije, Agencija najkasnije u roku od tri mjeseca od dana podno\u0161enja urednog zahtjeva donosi odluku o akreditaciji posebnog programa usavr\u0161avanja na osnovu koje izdaje sertifikat ili rje\u0161enje kojim se odbija zahtjev za akreditaciju.<\/li>\n<li>Odluku ili rje\u0161enje Agencija dostavlja ustanovi sa Izvje\u0161tajem o akreditaciji posebnog programa usavr\u0161avanja.<\/li>\n<li>Na osnovu pozitivne odluke o akreditaciji posebnog programa usavr\u0161avanja, Agencija ustanovi izdaje sertifikat o akreditaciji na period od najdu\u017ee pet godina.<\/li>\n<\/ol>\n","protected":false},"excerpt":{"rendered":"<p>AKREDITACIJA STUDIJSKOG PROGRAMA AKREDITACIJA PROGRAMA CJELO\u017dIVOTNOG U\u010cENJA AKREDITACIJA STUDIJSKOG PROGRAMA Ustanova visokog obrazovanja podnosi Zahtjev za akreditaciju studijskog programa sa prate\u0107om dokumentacijom (Obrazac zahtjeva za akreditaciju studijskog programa | Obrazac zahtjeva za akreditaciju doktorskih studija | Obrazac zahtjeva za akreditaciju studija na engleskom jeziku\u00a0| Obrazac zahtjeva za akreditaciju studija na daljinu \u00a0| Obrazac zahtjeva za [&hellip;]<\/p>\n","protected":false},"author":1,"featured_media":700,"parent":0,"menu_order":0,"comment_status":"closed","ping_status":"closed","template":"","meta":[],"acf":[],"_links":{"self":[{"href":"https:\/\/akokvo.me\/me\/wp-json\/wp\/v2\/pages\/468"}],"collection":[{"href":"https:\/\/akokvo.me\/me\/wp-json\/wp\/v2\/pages"}],"about":[{"href":"https:\/\/akokvo.me\/me\/wp-json\/wp\/v2\/types\/page"}],"author":[{"embeddable":true,"href":"https:\/\/akokvo.me\/me\/wp-json\/wp\/v2\/users\/1"}],"replies":[{"embeddable":true,"href":"https:\/\/akokvo.me\/me\/wp-json\/wp\/v2\/comments?post=468"}],"version-history":[{"count":32,"href":"https:\/\/akokvo.me\/me\/wp-json\/wp\/v2\/pages\/468\/revisions"}],"predecessor-version":[{"id":19004,"href":"https:\/\/akokvo.me\/me\/wp-json\/wp\/v2\/pages\/468\/revisions\/19004"}],"wp:featuredmedia":[{"embeddable":true,"href":"https:\/\/akokvo.me\/me\/wp-json\/wp\/v2\/media\/700"}],"wp:attachment":[{"href":"https:\/\/akokvo.me\/me\/wp-json\/wp\/v2\/media?parent=468"}],"curies":[{"name":"wp","href":"https:\/\/api.w.org\/{rel}","templated":true}]}}