{"id":489,"date":"2019-02-04T10:23:12","date_gmt":"2019-02-04T10:23:12","guid":{"rendered":"https:\/\/akokvo.me\/?page_id=489"},"modified":"2023-11-23T12:53:50","modified_gmt":"2023-11-23T11:53:50","slug":"reakreditacija-postupak","status":"publish","type":"page","link":"https:\/\/akokvo.me\/me\/reakreditacija-postupak\/","title":{"rendered":"Postupak reakreditacije"},"content":{"rendered":"<ol>\n<li>Ustanova visokog obrazovanja podnosi <a href=\"https:\/\/akokvo.me\/wp-content\/uploads\/2019\/12\/Zahtjev_za_reakreditaciju_ustanove_20112023.docx\">Zahtjev za reakreditaciju ustanove visokog obrazovanja<\/a> sa prate\u0107om dokumentacijom (<a href=\"https:\/\/akokvo.me\/wp-content\/uploads\/2019\/12\/Obrazac-za-izvjestaj-o-samoevaluaciji-sa-kriterijumima_20112023.docx\">Obrazac za izvje\u0161taj o samoevaluaciji sa kriterijumima<\/a>).<\/li>\n<li>Agencija imenuje koordinatora (zaposleni u Agenciji) da provjeri formalnu ispunjenost zahtjeva (u roku od 10 dana od dana podno\u0161enja). Ako ustanova nije podnijela kompletan zahtjev sa dokazom o uplati administrativne takse, koordinator zahtijeva dopunu ili otklanjanje nedostataka (u roku od 8 dana).<\/li>\n<li>Kada je prijava kompletirana, formira se ekspertska Komisija koja ocjenjuje Zahtjev za reakreditaciju (na prijedlog koordinatora, u roku od 5 dana). Komisiju obrazuje direktor Agencije (najmanje 5 eksperata za reakreditaciju Univerziteta i najmanje 3 eksperta za reakreditaciju drugih institucija).<\/li>\n<li>Agencija dostavlja ustanovi odluku o imenovanju \u010dlanova Komisije, radi davanja mi\u0161ljenja. Ustanova je du\u017ena da dostavi mi\u0161ljenje o odluci o obrazovanju komisije (u roku od 3 dana). Ako ustanova dostavi negativno mi\u0161ljenje, a Agencija to smatra opravdanim, Agencija \u0107e imenovati novu Komisiju za reakreditaciju.<\/li>\n<li>Komisija, na osnovu <a href=\"https:\/\/akokvo.me\/wp-content\/uploads\/2019\/12\/Pravila-o-reakreditaciji-novembar-2023.pdf\">Pravila o postupku reakreditacije ustanove visokog obrazovanja<\/a>, procjenjuje zahtjev za reakreditaciju, priprema preliminarni Izvje\u0161taj &#8211; <a href=\"https:\/\/akokvo.me\/wp-content\/uploads\/2022\/02\/Obrazac-za-izvjestaj-o-reakreditaciji-sa-uputstvom_20112023.docx\">Obrazac za izvje\u0161taj o reakreditaciji sa uputstvom<\/a>\u00a0i (zajedno sa koordinatorom) posje\u0107uje ustanovu.<\/li>\n<li>Nakon pregleda svih dokumenata i direktnog uvida u rad ustanove tokom posjete, Komisija priprema nacrt Izvje\u0161taja o reakreditaciji institucije i \u0161alje ga ustanovi. Ustanova mo\u017ee da podnese komentare i sugestije na nacrt (u roku od 8 dana).<\/li>\n<li>Komisija priprema i podnosi kona\u010dan Izvje\u0161taj (koji potpisuju svi \u010dlanovi), sa preporukom da se ustanova reakredituje\/ ne reakredituje, Agenciji (u roku od 30 dana od posjete).<\/li>\n<li>Agencija \u0161alje kona\u010dan Izvje\u0161taj o reakreditaciji sa reakreditacionim stavom ustanovi kako bi dala svoje komentare i sugestije (u roku od 8 dana).<\/li>\n<li>Agencija mo\u017ee vratiti Izvje\u0161taj o reakreditaciji Komisiji na unaprje\u0111enje ili donijeti odluku o reakreditaciji.<\/li>\n<li>Komisija je du\u017ena da unaprijedi i preda Agenciji kona\u010dni Izvje\u0161taj o reakreditaciji sa reakreditacionim stavom (u roku od 8 dana).<\/li>\n<li>Agencija (direktor) donosi odluku u vezi sa Zahtjevom za reakreditaciju na osnovu kona\u010dnog Izvje\u0161taja o reakreditaciji (u roku od 8 dana). Agencija obavje\u0161tava ustanovu o Odluci o reakreditaciji.<\/li>\n<li>Agencija izdaje Sertifikat o reakreditaciji ustanovi na osnovu Odluke o reakreditaciji.<\/li>\n<\/ol>\n","protected":false},"excerpt":{"rendered":"<p>Ustanova visokog obrazovanja podnosi Zahtjev za reakreditaciju ustanove visokog obrazovanja sa prate\u0107om dokumentacijom (Obrazac za izvje\u0161taj o samoevaluaciji sa kriterijumima). Agencija imenuje koordinatora (zaposleni u Agenciji) da provjeri formalnu ispunjenost zahtjeva (u roku od 10 dana od dana podno\u0161enja). Ako ustanova nije podnijela kompletan zahtjev sa dokazom o uplati administrativne takse, koordinator zahtijeva dopunu ili [&hellip;]<\/p>\n","protected":false},"author":1,"featured_media":702,"parent":0,"menu_order":0,"comment_status":"closed","ping_status":"closed","template":"","meta":[],"acf":[],"_links":{"self":[{"href":"https:\/\/akokvo.me\/me\/wp-json\/wp\/v2\/pages\/489"}],"collection":[{"href":"https:\/\/akokvo.me\/me\/wp-json\/wp\/v2\/pages"}],"about":[{"href":"https:\/\/akokvo.me\/me\/wp-json\/wp\/v2\/types\/page"}],"author":[{"embeddable":true,"href":"https:\/\/akokvo.me\/me\/wp-json\/wp\/v2\/users\/1"}],"replies":[{"embeddable":true,"href":"https:\/\/akokvo.me\/me\/wp-json\/wp\/v2\/comments?post=489"}],"version-history":[{"count":16,"href":"https:\/\/akokvo.me\/me\/wp-json\/wp\/v2\/pages\/489\/revisions"}],"predecessor-version":[{"id":12785,"href":"https:\/\/akokvo.me\/me\/wp-json\/wp\/v2\/pages\/489\/revisions\/12785"}],"wp:featuredmedia":[{"embeddable":true,"href":"https:\/\/akokvo.me\/me\/wp-json\/wp\/v2\/media\/702"}],"wp:attachment":[{"href":"https:\/\/akokvo.me\/me\/wp-json\/wp\/v2\/media?parent=489"}],"curies":[{"name":"wp","href":"https:\/\/api.w.org\/{rel}","templated":true}]}}