{"id":491,"date":"2019-02-04T10:24:18","date_gmt":"2019-02-04T10:24:18","guid":{"rendered":"https:\/\/akokvo.me\/?page_id=491"},"modified":"2025-08-27T14:37:03","modified_gmt":"2025-08-27T12:37:03","slug":"medunarodna-saradnja","status":"publish","type":"page","link":"https:\/\/akokvo.me\/me\/medunarodna-saradnja\/","title":{"rendered":"Me\u0111unarodna saradnja"},"content":{"rendered":"<p>Jedan od klju\u010dnih ciljeva AKOKVO je ja\u010danje me\u0111unarodne saradnje, kako bi se osigurao razvoj i primjena Evropskih standarda i smjernica za obezbje\u0111enje kvaliteta (ESG) u visokom obrazovanju Crne Gore. Kroz aktivno u\u010de\u0161\u0107e u me\u0111unarodnim projektima, mre\u017eama i inicijativama, AKOKVO doprinosi unapre\u0111enju sistema obezbje\u0111enja kvaliteta, profesionalnom razvoju zaposlenih i ja\u010danju kredibiliteta crnogorskih ustanova visokog obrazovanja u okviru <a href=\"https:\/\/ehea.info\">Evropskog prostora visokog obrazovanja (EHEA)<\/a>. Me\u0111unarodna saradnja ima poseban zna\u010daj za unapre\u0111enje kvaliteta rada AKOKVO, jer omogu\u0107ava razmjenu dobre prakse kroz saradnju sa evropskim asocijacijama za obezbje\u0111enje kvaliteta, bilateralne inicijative i u\u010de\u0161\u0107e u projektima koje podr\u017eava Evropska unija.<\/p>\n<p><strong>Evropska asocijacija za obezbje\u0111enje kvaliteta (ENQA)<\/strong>\u00a0je krovna asocijacija agencija za obezbje\u0111enje kvaliteta u EHEA \u010diji je AKOKVO pridru\u017eeni \u010dlan od 2019. godine. S obzirom na to da pojedini preduslovi koje zahtijeva punopravno \u010dlanstvo, prvenstveno u oblasti zakonodavstva, jo\u0161 uvijek nisu ispunjeni, AKOKVO je u junu 2024. godine obnovila <a href=\"https:\/\/akokvo.me\/wp-content\/uploads\/2025\/08\/Affiliate-ENQA-certificate-ACQAHE-2024.pdf\">pridru\u017eeno \u010dlanstvo<\/a> u ovoj asocijaciji. Pored direktne saradnje sa ENQA, AKOKVO prisustvuje godi\u0161njem Forumu i Skup\u0161tini asocijacije, i u\u010destvuje u projektima, obukama i treninzima koji doprinose unaprje\u0111enju institucionalnih kapaciteta. Nevedene aktivnosti predstavljaju va\u017ean korak ka punopravnom \u010dlanstvu u ENQA i registraciji u Evropski registar za obezbje\u0111enje kvaliteta (EQAR).<\/p>\n<p><strong>Centralno-isto\u010dno-evropska mre\u017ea agencija za obezbje\u0111enje kvaliteta u visokom obrazovanju (<\/strong><strong>CEENQA)<\/strong>\u00a0 &#8211;\u00a0 kao punopravna \u010dlanica od 2020. godine, kroz ostvareno pravo glasa, AKOKVO u\u010destvuje u kreiranju novih i unapre\u0111enju postoje\u0107ih politika asocijacije. AKOKVO aktivno u\u010destvuje na redovnim dvomjese\u010dnim online sastancima CEENQA, objavljuje \u010dlanke o svojim aktivnostima u godi\u0161njem biltenu ove asocijacije i u\u010destvuje u programima razmjene zaposlenih. CEENQA predstavlja jednu od klju\u010dnih platformi za povezivanje agencija za obezbje\u0111enje kvaliteta u centralnoj i isto\u010dnoj Evropi, podsti\u010du\u0107i saradnju i ispunjenje ciljeva Evropskog prostora visokog obrazovanja (EHEA).<\/p>\n<p><strong>Savjet za regionalnu saradnju (RCC)<\/strong> <strong>i Inicijativa za reformu obrazovanja u Jugoisto\u010dnoj Evropi (ERI SEE)<\/strong> &#8211; saradnja sa RCC i ERI SEE, kao i sa ministarstvima obrazovanja zemalja Zapadnog Balkana usmjerena je ka olak\u0161avanju procesa priznavanja akademskih kvalifikacija unutar regiona i obezbje\u0111enju kvaliteta visokog obrazovanja. Tokom 2025. godine planirano je intenziviranje aktivnosti u cilju podr\u0161ke uskla\u0111ivanju sistema obezbje\u0111enja kvaliteta u zemljama Zapadnog Balkana sa ESG standardima, kao i dalji razvoj i unapre\u0111enje Zajedni\u010dke baze akreditovanih studijskih programa i ustanova (JIS).<\/p>\n<p><strong>Grupa za pra\u0107enje Bolonjskog procesa (BFUG)<\/strong> je radna grupa je formirana od strane Bolonjskog sekretarijata, a \u010dine je dr\u017eave \u010dlanice Evropskog prostora visokog obrazovanja (EHEA), sa ciljem pru\u017eanja podr\u0161ke Bolonjskom procesu, posebno osvr\u0107u\u0107i se na period izme\u0111u Ministarskih konferencija. AKOKVO ima svog predstavnika u BFUG grupi od 2023. godine, a pored \u010dlanstva u pomenutoj krovnoj Grupi, AKOKVO je postala i \u010dlanica povezanih radnih i koordinacionih grupa:<\/p>\n<ul>\n<li>Radna grupa za pra\u0107enje implementacije Bolonjskog procesa<\/li>\n<li>Radna grupa za internacionalizaciju i mobilnost<\/li>\n<li>Koordinaciona grupa za dijalog o globalnim politikama<\/li>\n<li>Tematska grupa A za kvalifikacioni okvir<\/li>\n<li>Tematska grupa C za obezbje\u0111enje kvaliteta<\/li>\n<li>Tematska grupa D za socijalnu dimenziju<\/li>\n<\/ul>\n<p>Pored \u010dlanstva u me\u0111unarodnim asocijacijama AKOKVO je posve\u0107ena bilateralnoj saradnji sa agencijama u regionu i \u0161irom EHEA.<\/p>\n","protected":false},"excerpt":{"rendered":"<p>Jedan od klju\u010dnih ciljeva AKOKVO je ja\u010danje me\u0111unarodne saradnje, kako bi se osigurao razvoj i primjena Evropskih standarda i smjernica za obezbje\u0111enje kvaliteta (ESG) u visokom obrazovanju Crne Gore. Kroz aktivno u\u010de\u0161\u0107e u me\u0111unarodnim projektima, mre\u017eama i inicijativama, AKOKVO doprinosi unapre\u0111enju sistema obezbje\u0111enja kvaliteta, profesionalnom razvoju zaposlenih i ja\u010danju kredibiliteta crnogorskih ustanova visokog obrazovanja u [&hellip;]<\/p>\n","protected":false},"author":1,"featured_media":0,"parent":0,"menu_order":0,"comment_status":"closed","ping_status":"closed","template":"","meta":[],"acf":[],"_links":{"self":[{"href":"https:\/\/akokvo.me\/me\/wp-json\/wp\/v2\/pages\/491"}],"collection":[{"href":"https:\/\/akokvo.me\/me\/wp-json\/wp\/v2\/pages"}],"about":[{"href":"https:\/\/akokvo.me\/me\/wp-json\/wp\/v2\/types\/page"}],"author":[{"embeddable":true,"href":"https:\/\/akokvo.me\/me\/wp-json\/wp\/v2\/users\/1"}],"replies":[{"embeddable":true,"href":"https:\/\/akokvo.me\/me\/wp-json\/wp\/v2\/comments?post=491"}],"version-history":[{"count":10,"href":"https:\/\/akokvo.me\/me\/wp-json\/wp\/v2\/pages\/491\/revisions"}],"predecessor-version":[{"id":17699,"href":"https:\/\/akokvo.me\/me\/wp-json\/wp\/v2\/pages\/491\/revisions\/17699"}],"wp:attachment":[{"href":"https:\/\/akokvo.me\/me\/wp-json\/wp\/v2\/media?parent=491"}],"curies":[{"name":"wp","href":"https:\/\/api.w.org\/{rel}","templated":true}]}}