{"id":557,"date":"2019-02-04T11:06:57","date_gmt":"2019-02-04T11:06:57","guid":{"rendered":"https:\/\/akokvo.me\/?page_id=557"},"modified":"2026-03-31T08:44:27","modified_gmt":"2026-03-31T06:44:27","slug":"kontakt","status":"publish","type":"page","link":"https:\/\/akokvo.me\/me\/kontakt\/","title":{"rendered":"Kontakt"},"content":{"rendered":"<p><strong>AGENCIJA ZA OBEZBJE\u0110IVANJE KVALITETA VISOKOG OBRAZOVANJA<\/strong><\/p>\n<p>Kontakt telefon: +382 20 675 359<br \/>\nEmail: <a href=\"mailto:info@akokvo.me\">info@akokvo.me<\/a><\/p>\n<p>Mihaila Lali\u0107a br. 1<br \/>\n81000 Podgorica<br \/>\nCrna Gora<\/p>\n<hr \/>\n<div class=\"employee\">\n<div class=\"image\"><img loading=\"lazy\" class=\"alignnone wp-image-738\" src=\"\/wp-content\/uploads\/2021\/10\/20150523_181233-1.jpg\" alt=\"\" width=\"145\" height=\"164\" \/><\/div>\n<div class=\"employee-text\"><strong>Direktor<\/strong><br \/>\n<strong>Goran Danilovi\u0107<\/strong><br \/>\nEmail: <a href=\"mailto:goran.danilovic@akokvo.me\" target=\"_blank\" rel=\"noopener noreferrer\">goran.danilovic@akokvo.me<\/a><\/div>\n<\/div>\n<div class=\"sector\"><strong>SEKTOR ZA KONTROLU KVALITETA VISOKOG OBRAZOVANJA<\/strong><\/div>\n<hr \/>\n<div class=\"employee\">\n<div class=\"employee-text\"><\/div>\n<\/div>\n<div class=\"employee\">\n<div class=\"image\"><img loading=\"lazy\" class=\"alignnone wp-image-4673\" src=\"https:\/\/akokvo.me\/wp-content\/uploads\/2021\/07\/Ana-Rutovi\u0107.jpg\" alt=\"\" width=\"150\" height=\"150\" srcset=\"https:\/\/akokvo.me\/wp-content\/uploads\/2021\/07\/Ana-Rutovi\u0107.jpg 142w, https:\/\/akokvo.me\/wp-content\/uploads\/2021\/07\/Ana-Rutovi\u0107-65x65.jpg 65w\" sizes=\"(max-width: 150px) 100vw, 150px\" \/><\/div>\n<div class=\"employee-text\"><strong>Samostalna savjetnica I &#8211; za akreditaciju i reakreditaciju<\/strong><br \/>\n<strong>Ana Rutovi\u0107 <\/strong><br \/>\nSlu\u017ebenica za prijem i postupanje po obavje\u0161tenjima o sumnjama na prevare odnosno nepravilnosti<br \/>\nEmail: <a href=\"mailto:ana.rutovic@akokvo.me\">ana.rutovic@akokvo.me<\/a><\/div>\n<\/div>\n<div class=\"employee\">\n<div class=\"image\"><img loading=\"lazy\" class=\"wp-image-740 alignnone\" src=\"\/wp-content\/uploads\/2023\/09\/Dajana-Pavicevic.jpg\" alt=\"\" width=\"153\" height=\"134\" \/><\/div>\n<div class=\"employee-text\"><strong>Samostalna savjetnica I &#8211; za kontrolu kvaliteta<\/strong><br \/>\n<strong>Dajana Pavi\u0107evi\u0107<\/strong><br \/>\nEmail: <a href=\"mailto:dajana.pavicevic@akokvo.me\">dajana.pavicevic@akokvo.me<\/a><\/div>\n<\/div>\n<div class=\"employee\">\n<div class=\"image\"><img class=\"alignnone wp-image-728\" src=\"\/wp-content\/uploads\/2019\/03\/Aldina-\u0160arkinovi\u0107.jpg\" alt=\"\" \/><\/div>\n<div class=\"employee-text\"><strong>Samostalna savjetnica III \u2013 za kontrolu kvaliteta<\/strong><br \/>\n<strong>mr Aldina Puri\u0161i\u0107<\/strong><br \/>\nEmail: <a href=\"mailto:aldina.sarkinovic@akokvo.me\">aldina.purisic@akokvo.me<\/a><\/div>\n<\/div>\n<div class=\"employee\">\n<div class=\"image\"><img loading=\"lazy\" class=\"alignnone wp-image-4688\" src=\"https:\/\/akokvo.me\/wp-content\/uploads\/2021\/07\/kemo.jpg\" alt=\"\" width=\"170\" height=\"170\" srcset=\"https:\/\/akokvo.me\/wp-content\/uploads\/2021\/07\/kemo.jpg 150w, https:\/\/akokvo.me\/wp-content\/uploads\/2021\/07\/kemo-65x65.jpg 65w\" sizes=\"(max-width: 170px) 100vw, 170px\" \/><\/div>\n<div class=\"employee-text\"><strong>Samostalni savjetnik III &#8211; za evaluaciju ustanova visokog obrazovanja<\/strong><br \/>\n<strong>Kemal Demirovi\u0107<\/strong><br \/>\nEmail: <a href=\"mailto:kemal.demirovic@akokvo.me\">kemal.demirovic@akokvo.me<\/a><\/div>\n<\/div>\n<div class=\"sector\"><strong>SEKTOR ZA OBEZBJE\u0110ENJE KVALITETA I ISTRA\u017dIVANJE<\/strong><\/div>\n<hr \/>\n<div class=\"employee\">\n<div class=\"employee-text\"><\/div>\n<\/div>\n<div class=\"employee\">\n<div class=\"image\"><img class=\"alignnone wp-image-740\" src=\"\/wp-content\/uploads\/2019\/03\/Milica-Kaved\u017ei\u0107.jpg\" alt=\"\" \/><\/div>\n<div class=\"employee-text\"><strong>Pomo\u0107nica direktora u sektoru za obezbje\u0111enje kvaliteta i istra\u017eivanje<\/strong><br \/>\n<strong>Milica Kaved\u017ei\u0107<\/strong><br \/>\nEmail: <a href=\"mailto:milica.kavedzic@akokvo.me\">milica.kavedzic@akokvo.me<\/a><\/div>\n<\/div>\n<div class=\"employee\">\n<div class=\"image\"><img class=\"alignnone wp-image-732\" src=\"\/wp-content\/uploads\/2019\/03\/Dunja-Bulaji\u0107.jpg\" alt=\"\" \/><\/div>\n<div class=\"employee-text\"><strong>Samostalna savjetnica II \u2013 za me\u0111unarodnu saradnju<\/strong><br \/>\n<strong>mr Dunja Bulaji\u0107<\/strong><br \/>\nEmail: <a href=\"mailto:dunja.bulajic@akokvo.me\">dunja.bulajic@akokvo.me<\/a><\/div>\n<\/div>\n<div class=\"employee\">\n<div class=\"image\"><img class=\"alignnone wp-image-736\" src=\"\/wp-content\/uploads\/2019\/03\/Jelena-\u0110ukanovi\u0107.jpg\" alt=\"\" \/><\/div>\n<div class=\"employee-text\"><strong>Samostalna savjetnica II \u2013 za obezbje\u0111enje kvaliteta<\/strong><br \/>\n<strong>Jelena \u0110ukanovi\u0107<\/strong><br \/>\nEmail: <a href=\"mailto:jelena.djukanovic@akokvo.me\">jelena.djukanovic@akokvo.me<\/a><\/div>\n<\/div>\n<div class=\"sector\"><strong>SLU\u017dBA ZA OP\u0160TE POSLOVE I FINANSIJE<\/strong><\/div>\n<hr \/>\n<div class=\"employee\">\n<div class=\"image\"><img loading=\"lazy\" class=\"alignnone wp-image-742\" src=\"https:\/\/akokvo.me\/wp-content\/uploads\/2024\/11\/Danica-Korac-245x300.jpg\" alt=\"\" width=\"134\" height=\"164\" \/><\/div>\n<div class=\"employee-text\"><strong>Samostalna savjetnica I za finansije<\/strong><br \/>\n<strong>Danica Kora\u0107<\/strong><br \/>\nEmail: <a href=\"mailto:danica.korac@akokvo.me\">danica.korac@akokvo.me<\/a><\/div>\n<\/div>\n<div class=\"employee\">\n<div class=\"image\"><img loading=\"lazy\" class=\"alignnone wp-image-742\" src=\"\/wp-content\/uploads\/2023\/09\/Svetlana-Furtula.jpg\" alt=\"\" width=\"134\" height=\"150\" \/><\/div>\n<div class=\"employee-text\"><strong>Samostalna savjetnica II za IT poslove<\/strong><br \/>\n<strong>Svetlana Furtula<\/strong><br \/>\nEmail: <a href=\"mailto:svetlana.furtula@akokvo.me\">svetlana.furtula@akokvo.me<\/a><\/div>\n<\/div>\n<div class=\"employee\">\n<div class=\"image\"><img loading=\"lazy\" class=\"alignnone wp-image-742\" src=\"https:\/\/akokvo.me\/wp-content\/uploads\/2025\/04\/Milan-Sukovic-5.jpg\" alt=\"\" width=\"140\" height=\"170\" \/><\/div>\n<div class=\"employee-text\"><strong>Samostalni savjetnik II za javne nabavke<\/strong><br \/>\n<strong>Milan \u0160ukovi\u0107<\/strong><br \/>\nEmail: <a href=\"mailto:milan.sukovic@akokvo.me\">milan.sukovic@akokvo.me<\/a><\/div>\n<\/div>\n<div class=\"employee\">\n<div class=\"image\"><img class=\"alignnone wp-image-808\" src=\"\/wp-content\/uploads\/2019\/03\/Lidija-\u0107a\u0107i\u0107.jpg\" alt=\"\" \/><\/div>\n<div class=\"employee-text\"><strong>Samostalni referent, arhivarka<\/strong><br \/>\n<strong>Lidija \u0106a\u0107i\u0107<\/strong><br \/>\nEmail: <a href=\"mailto:lidija.cacic@akokvo.me\">lidija.cacic@akokvo.me<\/a><\/div>\n<\/div>\n<div class=\"employee\">\n<div class=\"image\"><img class=\"alignnone wp-image-742\" src=\"\/wp-content\/uploads\/2021\/12\/ner.png\" alt=\"\" \/><\/div>\n<div class=\"employee-text\"><strong>Samostalna referentkinja &#8211; tehni\u010dki sekretar<\/strong><br \/>\n<strong>Tijana Drobnjak<\/strong><br \/>\nEmail: <a href=\"mailto:tijana.drobnjak@akokvo.me\">tijana.drobnjak@akokvo.me<\/a><\/div>\n<\/div>\n<div class=\"employee\">\n<div class=\"image\"><img class=\"alignnone wp-image-808\" src=\"\/wp-content\/uploads\/2021\/12\/refe.png\" alt=\"\" \/><\/div>\n<div class=\"employee-text\"><strong>Samostalni referent<\/strong><br \/>\n<strong>Nikola Sekuli\u0107<\/strong><br \/>\nEmail: <a href=\"mailto:nikola.sekulic@akokvo.me\">nikola.sekulic@akokvo.me<\/a><\/div>\n<\/div>\n","protected":false},"excerpt":{"rendered":"<p>AGENCIJA ZA OBEZBJE\u0110IVANJE KVALITETA VISOKOG OBRAZOVANJA Kontakt telefon: +382 20 675 359 Email: info@akokvo.me Mihaila Lali\u0107a br. 1 81000 Podgorica Crna Gora Direktor Goran Danilovi\u0107 Email: goran.danilovic@akokvo.me SEKTOR ZA KONTROLU KVALITETA VISOKOG OBRAZOVANJA Samostalna savjetnica I &#8211; za akreditaciju i reakreditaciju Ana Rutovi\u0107 Slu\u017ebenica za prijem i postupanje po obavje\u0161tenjima o sumnjama na prevare odnosno [&hellip;]<\/p>\n","protected":false},"author":1,"featured_media":0,"parent":0,"menu_order":0,"comment_status":"closed","ping_status":"closed","template":"","meta":[],"acf":[],"_links":{"self":[{"href":"https:\/\/akokvo.me\/me\/wp-json\/wp\/v2\/pages\/557"}],"collection":[{"href":"https:\/\/akokvo.me\/me\/wp-json\/wp\/v2\/pages"}],"about":[{"href":"https:\/\/akokvo.me\/me\/wp-json\/wp\/v2\/types\/page"}],"author":[{"embeddable":true,"href":"https:\/\/akokvo.me\/me\/wp-json\/wp\/v2\/users\/1"}],"replies":[{"embeddable":true,"href":"https:\/\/akokvo.me\/me\/wp-json\/wp\/v2\/comments?post=557"}],"version-history":[{"count":178,"href":"https:\/\/akokvo.me\/me\/wp-json\/wp\/v2\/pages\/557\/revisions"}],"predecessor-version":[{"id":19283,"href":"https:\/\/akokvo.me\/me\/wp-json\/wp\/v2\/pages\/557\/revisions\/19283"}],"wp:attachment":[{"href":"https:\/\/akokvo.me\/me\/wp-json\/wp\/v2\/media?parent=557"}],"curies":[{"name":"wp","href":"https:\/\/api.w.org\/{rel}","templated":true}]}}