{"id":7331,"date":"2021-12-07T09:14:27","date_gmt":"2021-12-07T08:14:27","guid":{"rendered":"https:\/\/akokvo.me\/?page_id=7331"},"modified":"2021-12-16T16:55:48","modified_gmt":"2021-12-16T15:55:48","slug":"prijava-za-listu-eksperata-predstavnici-privrede","status":"publish","type":"page","link":"https:\/\/akokvo.me\/me\/prijava-za-listu-eksperata-predstavnici-privrede\/","title":{"rendered":"Prijava za listu eksperata \u2013 predstavnici privrede"},"content":{"rendered":"<div role=\"form\" class=\"wpcf7\" id=\"wpcf7-f7750-o1\" lang=\"me-ME\" dir=\"ltr\">\n<div class=\"screen-reader-response\"><p role=\"status\" aria-live=\"polite\" aria-atomic=\"true\"><\/p> <ul><\/ul><\/div>\n<form action=\"\/me\/wp-json\/wp\/v2\/pages\/7331#wpcf7-f7750-o1\" method=\"post\" class=\"wpcf7-form init\" enctype=\"multipart\/form-data\" novalidate=\"novalidate\" data-status=\"init\">\n<div style=\"display: none;\">\n<input type=\"hidden\" name=\"_wpcf7\" value=\"7750\" \/>\n<input type=\"hidden\" name=\"_wpcf7_version\" value=\"5.5.6\" \/>\n<input type=\"hidden\" name=\"_wpcf7_locale\" value=\"me_ME\" \/>\n<input type=\"hidden\" name=\"_wpcf7_unit_tag\" value=\"wpcf7-f7750-o1\" \/>\n<input type=\"hidden\" name=\"_wpcf7_container_post\" value=\"0\" \/>\n<input type=\"hidden\" name=\"_wpcf7_posted_data_hash\" value=\"\" \/>\n<\/div>\n<p><a href=\"\/directory\" target=\"_blank\">Prijava za direktorijum<\/a><\/p>\n<p>Ekspert se prijavljuje za<br \/>\n<span class=\"wpcf7-form-control-wrap ekspert\"><span class=\"wpcf7-form-control wpcf7-radio\"><span class=\"wpcf7-list-item first\"><label><input type=\"radio\" name=\"ekspert\" value=\"Ekspert sa boravi\u0161tem u Crnoj Gori\" \/><span class=\"wpcf7-list-item-label\">Ekspert sa boravi\u0161tem u Crnoj Gori<\/span><\/label><\/span><span class=\"wpcf7-list-item last\"><label><input type=\"radio\" name=\"ekspert\" value=\"Strani ekspert\" \/><span class=\"wpcf7-list-item-label\">Strani ekspert<\/span><\/label><\/span><\/span><\/span><\/p>\n<div class=\"one\">\n<h3>1. Li\u010dni podaci<\/h3>\n<p><label>Ime i prezime*<br \/>\n    <span class=\"wpcf7-form-control-wrap ime-prezime\"><input type=\"text\" name=\"ime-prezime\" value=\"\" size=\"40\" class=\"wpcf7-form-control wpcf7-text wpcf7-validates-as-required\" aria-required=\"true\" aria-invalid=\"false\" \/><\/span> <\/label><\/p>\n<p><label> Datum ro\u0111enja*<br \/>\n    <span class=\"wpcf7-form-control-wrap datum-rodjenja\"><input type=\"date\" name=\"datum-rodjenja\" value=\"\" class=\"wpcf7-form-control wpcf7-date wpcf7-validates-as-required wpcf7-validates-as-date\" aria-required=\"true\" aria-invalid=\"false\" \/><\/span> <\/label><\/p>\n<p><label> Dr\u017eava iz koje ekspert dolazi*<br \/>\n    <span class=\"wpcf7-form-control-wrap drzava-iz-koje-ekspert-dolazi\"><input type=\"text\" name=\"drzava-iz-koje-ekspert-dolazi\" value=\"\" size=\"40\" class=\"wpcf7-form-control wpcf7-text wpcf7-validates-as-required\" aria-required=\"true\" aria-invalid=\"false\" \/><\/span> <\/label><\/p>\n<p><label> Adresa za kontakt*<br \/>\n    <span class=\"wpcf7-form-control-wrap adresa-kontakta\"><input type=\"text\" name=\"adresa-kontakta\" value=\"\" size=\"40\" class=\"wpcf7-form-control wpcf7-text wpcf7-validates-as-required\" aria-required=\"true\" aria-invalid=\"false\" \/><\/span> <\/label><\/p>\n<div class=\"contact-phone\">\n<p><label> Mobilni telefon*<br \/>\n    <span class=\"wpcf7-form-control-wrap mobilni-telefon\"><input type=\"number\" name=\"mobilni-telefon\" value=\"\" class=\"wpcf7-form-control wpcf7-number wpcf7-validates-as-required wpcf7-validates-as-number\" aria-required=\"true\" aria-invalid=\"false\" \/><\/span> <\/label>\n<\/div>\n<p><label> E-mail*<br \/>\n    <span class=\"wpcf7-form-control-wrap email\"><input type=\"email\" name=\"email\" value=\"\" size=\"40\" class=\"wpcf7-form-control wpcf7-text wpcf7-email wpcf7-validates-as-required wpcf7-validates-as-email\" aria-required=\"true\" aria-invalid=\"false\" \/><\/span> <\/label><\/p>\n<\/div>\n<div class=\"two\">\n<h3>2. Podaci o poslednjem nau\u010dnom, odnosno akademskom zvanju<\/h3>\n<p>Poslednje nau\u010dno zvanje*<br \/>\n<span class=\"wpcf7-form-control-wrap poslednje-naucno-zvanje\"><span class=\"wpcf7-form-control wpcf7-radio\"><span class=\"wpcf7-list-item first\"><label><input type=\"radio\" name=\"poslednje-naucno-zvanje\" value=\"Dr\" \/><span class=\"wpcf7-list-item-label\">Dr<\/span><\/label><\/span><span class=\"wpcf7-list-item last\"><label><input type=\"radio\" name=\"poslednje-naucno-zvanje\" value=\"Mr\" \/><span class=\"wpcf7-list-item-label\">Mr<\/span><\/label><\/span><\/span><\/span><\/p>\n<p><label> Datum sticanja poslednjeg nau\u010dnog zvanja<br \/>\n    <span class=\"wpcf7-form-control-wrap datum-sticanja-naucnog-zvanja\"><input type=\"date\" name=\"datum-sticanja-naucnog-zvanja\" value=\"\" class=\"wpcf7-form-control wpcf7-date wpcf7-validates-as-date\" aria-invalid=\"false\" \/><\/span> <\/label><\/p>\n<p><label> Ustanova*<br \/>\n    <span class=\"wpcf7-form-control-wrap ustanova-naucno\"><input type=\"text\" name=\"ustanova-naucno\" value=\"\" size=\"40\" class=\"wpcf7-form-control wpcf7-text wpcf7-validates-as-required\" aria-required=\"true\" aria-invalid=\"false\" \/><\/span> <\/label><\/p>\n<p><label> Oblast na koju se odnosi izbor u nau\u010dno zvanje*<br \/>\n    <span class=\"wpcf7-form-control-wrap oblast-naucno-zvanje\"><select name=\"oblast-naucno-zvanje\" class=\"wpcf7-form-control wpcf7-select wpcf7-validates-as-required\" aria-required=\"true\" aria-invalid=\"false\"><option value=\"\">---<\/option><option value=\"Prirodne nauke\">Prirodne nauke<\/option><option value=\"Tehni\u010dko-tehnolo\u0161ke nauke\">Tehni\u010dko-tehnolo\u0161ke nauke<\/option><option value=\"Medicinske nauke\">Medicinske nauke<\/option><option value=\"Dru\u0161tvene nauke\">Dru\u0161tvene nauke<\/option><option value=\"Hunamisti\u010dke nauke\">Hunamisti\u010dke nauke<\/option><option value=\"Poljoprivredne nauke\">Poljoprivredne nauke<\/option><option value=\"Umjetnost\">Umjetnost<\/option><option value=\"Interdisciplinarne nauke\">Interdisciplinarne nauke<\/option><\/select><\/span> <\/label><\/p>\n<p><label> Akademsko zvanje (ukoliko posjedujete)<br \/>\n    <span class=\"wpcf7-form-control-wrap poslednje-akademsko-zvanje\"><select name=\"poslednje-akademsko-zvanje\" class=\"wpcf7-form-control wpcf7-select\" aria-invalid=\"false\"><option value=\"\">---<\/option><option value=\"Docent\">Docent<\/option><option value=\"Vanredni profesor\">Vanredni profesor<\/option><option value=\"Redovni profesor\">Redovni profesor<\/option><\/select><\/span> <\/label><\/p>\n<p><label> Datum sticanja poslednjeg akademskog zvanja<br \/>\n    <span class=\"wpcf7-form-control-wrap datum-sticanja-akademskog-zvanja\"><input type=\"date\" name=\"datum-sticanja-akademskog-zvanja\" value=\"\" class=\"wpcf7-form-control wpcf7-date wpcf7-validates-as-date\" aria-invalid=\"false\" \/><\/span> <\/label><\/p>\n<p><label> Ustanova<br \/>\n    <span class=\"wpcf7-form-control-wrap ustanova-akademsko\"><input type=\"text\" name=\"ustanova-akademsko\" value=\"\" size=\"40\" class=\"wpcf7-form-control wpcf7-text\" aria-invalid=\"false\" \/><\/span> <\/label><\/p>\n<p><label> Oblast na koju se odnosi izbor u akademsko zvanje<br \/>\n    <span class=\"wpcf7-form-control-wrap oblast-akademsko-zvanje\"><select name=\"oblast-akademsko-zvanje\" class=\"wpcf7-form-control wpcf7-select\" aria-invalid=\"false\"><option value=\"\">---<\/option><option value=\"Prirodne nauke\">Prirodne nauke<\/option><option value=\"Tehni\u010dko-tehnolo\u0161ke nauke\">Tehni\u010dko-tehnolo\u0161ke nauke<\/option><option value=\"Medicinske nauke\">Medicinske nauke<\/option><option value=\"Dru\u0161tvene nauke\">Dru\u0161tvene nauke<\/option><option value=\"Hunamisti\u010dke nauke\">Hunamisti\u010dke nauke<\/option><option value=\"Poljoprivredne nauke\">Poljoprivredne nauke<\/option><option value=\"Umjetnost\">Umjetnost<\/option><option value=\"Interdisciplinarne nauke\">Interdisciplinarne nauke<\/option><\/select><\/span> <\/label><\/p>\n<h3>3. Oblast ekspertize za koju se kandidat pijavljuje (mogu\u0107e odabrati vi\u0161e opcija)*<\/h3>\n<div class=\"ekspertize\">\n<span class=\"wpcf7-form-control-wrap oblast-ekspertize\"><span class=\"wpcf7-form-control wpcf7-checkbox wpcf7-validates-as-required\"><span class=\"wpcf7-list-item first\"><label><input type=\"checkbox\" name=\"oblast-ekspertize[]\" value=\"Obrazovanje i osposobljavanje\" \/><span class=\"wpcf7-list-item-label\">Obrazovanje i osposobljavanje<\/span><\/label><\/span><span class=\"wpcf7-list-item\"><label><input type=\"checkbox\" name=\"oblast-ekspertize[]\" value=\"Humanistika i umjetnost\" \/><span class=\"wpcf7-list-item-label\">Humanistika i umjetnost<\/span><\/label><\/span><span class=\"wpcf7-list-item\"><label><input type=\"checkbox\" name=\"oblast-ekspertize[]\" value=\"Prirodne nauke\" \/><span class=\"wpcf7-list-item-label\">Prirodne nauke<\/span><\/label><\/span><span class=\"wpcf7-list-item\"><label><input type=\"checkbox\" name=\"oblast-ekspertize[]\" value=\"Dru\u0161tvene nauke\" \/><span class=\"wpcf7-list-item-label\">Dru\u0161tvene nauke<\/span><\/label><\/span><span class=\"wpcf7-list-item\"><label><input type=\"checkbox\" name=\"oblast-ekspertize[]\" value=\"Interdisciplinarna podru\u010dja\" \/><span class=\"wpcf7-list-item-label\">Interdisciplinarna podru\u010dja<\/span><\/label><\/span><span class=\"wpcf7-list-item\"><label><input type=\"checkbox\" name=\"oblast-ekspertize[]\" value=\"In\u017eenjerstvo, proizvodne tehnologije (ma\u0161instvo i obrada metala, elektrotehnika i automatizacija i dr.)\" \/><span class=\"wpcf7-list-item-label\">In\u017eenjerstvo, proizvodne tehnologije (ma\u0161instvo i obrada metala, elektrotehnika i automatizacija i dr.)<\/span><\/label><\/span><span class=\"wpcf7-list-item\"><label><input type=\"checkbox\" name=\"oblast-ekspertize[]\" value=\"Gra\u0111evinarstvo i ure\u0111enje prostora\" \/><span class=\"wpcf7-list-item-label\">Gra\u0111evinarstvo i ure\u0111enje prostora<\/span><\/label><\/span><span class=\"wpcf7-list-item\"><label><input type=\"checkbox\" name=\"oblast-ekspertize[]\" value=\"Ekonomija i pravo\" \/><span class=\"wpcf7-list-item-label\">Ekonomija i pravo<\/span><\/label><\/span><span class=\"wpcf7-list-item\"><label><input type=\"checkbox\" name=\"oblast-ekspertize[]\" value=\"Poljoprivreda, prehrana i veterina\" \/><span class=\"wpcf7-list-item-label\">Poljoprivreda, prehrana i veterina<\/span><\/label><\/span><span class=\"wpcf7-list-item\"><label><input type=\"checkbox\" name=\"oblast-ekspertize[]\" value=\"Rudarstvo, metalurgija i hemijska industrija\" \/><span class=\"wpcf7-list-item-label\">Rudarstvo, metalurgija i hemijska industrija<\/span><\/label><\/span><span class=\"wpcf7-list-item\"><label><input type=\"checkbox\" name=\"oblast-ekspertize[]\" value=\"Zdravstvo i socijalna za\u0161tita\" \/><span class=\"wpcf7-list-item-label\">Zdravstvo i socijalna za\u0161tita<\/span><\/label><\/span><span class=\"wpcf7-list-item\"><label><input type=\"checkbox\" name=\"oblast-ekspertize[]\" value=\"Turizam, trgovina i ugostiteljstvo\" \/><span class=\"wpcf7-list-item-label\">Turizam, trgovina i ugostiteljstvo<\/span><\/label><\/span><span class=\"wpcf7-list-item\"><label><input type=\"checkbox\" name=\"oblast-ekspertize[]\" value=\"Saobra\u0107aj i komunikacije\" \/><span class=\"wpcf7-list-item-label\">Saobra\u0107aj i komunikacije<\/span><\/label><\/span><span class=\"wpcf7-list-item\"><label><input type=\"checkbox\" name=\"oblast-ekspertize[]\" value=\"Usluge\" \/><span class=\"wpcf7-list-item-label\">Usluge<\/span><\/label><\/span><span class=\"wpcf7-list-item last\"><label><input type=\"checkbox\" name=\"oblast-ekspertize[]\" value=\"Informaciona tehnologija\" \/><span class=\"wpcf7-list-item-label\">Informaciona tehnologija<\/span><\/label><\/span><\/span><\/span><\/p>\n<p>U\u017ea oblast ekspertize (navesti jednu opciju)*<br \/>\n<span class=\"wpcf7-form-control-wrap uza-oblast-ekspertize\"><input type=\"text\" name=\"uza-oblast-ekspertize\" value=\"\" size=\"40\" class=\"wpcf7-form-control wpcf7-text wpcf7-validates-as-required\" aria-required=\"true\" aria-invalid=\"false\" \/><\/span>\n<\/p><\/div>\n<div class=\"four\">\n<h3>4. Radno iskustvo<\/h3>\n<p>Sada\u0161nje radno mjesto<\/p>\n<p><label> Kompanija\/Institucija\/Udru\u017eenje*<br \/>\n    <span class=\"wpcf7-form-control-wrap radno-mjesto-organizacija\"><input type=\"text\" name=\"radno-mjesto-organizacija\" value=\"\" size=\"40\" class=\"wpcf7-form-control wpcf7-text wpcf7-validates-as-required\" aria-required=\"true\" aria-invalid=\"false\" \/><\/span> <\/label><\/p>\n<p><label> Pozicija*<br \/>\n    <span class=\"wpcf7-form-control-wrap radno-mjesto-pozicija\"><input type=\"text\" name=\"radno-mjesto-pozicija\" value=\"\" size=\"40\" class=\"wpcf7-form-control wpcf7-text wpcf7-validates-as-required\" aria-required=\"true\" aria-invalid=\"false\" \/><\/span> <\/label><\/p>\n<p><label> Datum zasnivanja radnog odnosa*<br \/>\n\t<span class=\"wpcf7-form-control-wrap datum-zasnivanja-radnog-odnosa\"><input type=\"date\" name=\"datum-zasnivanja-radnog-odnosa\" value=\"\" class=\"wpcf7-form-control wpcf7-date wpcf7-validates-as-required wpcf7-validates-as-date\" aria-required=\"true\" aria-invalid=\"false\" \/><\/span><\/label><\/p>\n<p><label><br \/>\nIskustvo na rukovode\u0107im pozicijama u posljednjih deset godina (ukoliko posjedujete)<br \/>\n<span class=\"wpcf7-form-control-wrap iskustvo-rukovodeca-pozicija\"><textarea name=\"iskustvo-rukovodeca-pozicija\" cols=\"40\" rows=\"10\" class=\"wpcf7-form-control wpcf7-textarea\" aria-invalid=\"false\"><\/textarea><\/span><br \/>\n<\/label><\/p>\n<p><label><br \/>\nNavedite po\u010detak i zavr\u0161etak zaposlenja, naziv organizacije i kratak opis posla<br \/>\n<span class=\"wpcf7-form-control-wrap pocetak-zavrsetak-rukovodeca-pozicija\"><textarea name=\"pocetak-zavrsetak-rukovodeca-pozicija\" cols=\"40\" rows=\"10\" class=\"wpcf7-form-control wpcf7-textarea\" aria-invalid=\"false\"><\/textarea><\/span><br \/>\n<\/label><\/p>\n<\/div>\n<h3>5. Podaci o dodatnom usavr\u0161avanju<\/h3>\n<p><label><br \/>\nAko postoje navedite do tri najzna\u010dajnija oblika dodatnog usavr\u0161avanja - trajanje, instituciju, opis usavr\u0161avanja<br \/>\n<span class=\"wpcf7-form-control-wrap podaci-dodatno-usavrsavanje\"><textarea name=\"podaci-dodatno-usavrsavanje\" cols=\"40\" rows=\"10\" class=\"wpcf7-form-control wpcf7-textarea\" aria-invalid=\"false\"><\/textarea><\/span><br \/>\n<\/label><\/p>\n<h3>6. Iskustvo u postupku akreditacije studijskih programa i reakreditacije institucija<\/h3>\n<p><label>Navedite iskustva relevantna za u\u010destvovanje u postupku akreditacije studijskih programa i reakreditacije institucija visokog obrazovanja (edukacije, u\u010destvovanja u doma\u0107im i me\u0111unarodnim akreditacijama programa i reakreditacijama ustanova).<br \/>\n\t<span class=\"wpcf7-form-control-wrap iskustvo-u-postupku\"><input type=\"text\" name=\"iskustvo-u-postupku\" value=\"\" size=\"40\" class=\"wpcf7-form-control wpcf7-text wpcf7-validates-as-required\" aria-required=\"true\" aria-invalid=\"false\" \/><\/span><\/label><\/p>\n<h3>7. Iskustvo u obezbje\u0111enju kvaliteta u visokom obrazovanju<\/h3>\n<p><label><br \/>\nAko postoji, navedite svoju uklju\u010denost u obezbje\u0111enje kvaliteta visokog obrazovanja ustanova, kao na primjer u\u010destvovanje u izradi samoanalize, eksternom vrednovanju, jedinici za obezbje\u0111enje kvaliteta na ustanovi visokog obrazovanja i sl<br \/>\n<span class=\"wpcf7-form-control-wrap iskustvo-u-obezbjedenju-kvaliteta-u-visokom-obrazovanju\"><textarea name=\"iskustvo-u-obezbjedenju-kvaliteta-u-visokom-obrazovanju\" cols=\"40\" rows=\"10\" class=\"wpcf7-form-control wpcf7-textarea\" aria-invalid=\"false\"><\/textarea><\/span><br \/>\n<\/label><\/p>\n<h3>8.\u010clanstvo u udru\u017eenjima<\/h3>\n<p>Navedite naziv udru\u017eenja i Va\u0161u funkciju u njoj.<br \/>\n<span class=\"wpcf7-form-control-wrap clanstvo-u-udruzenjima\"><input type=\"text\" name=\"clanstvo-u-udruzenjima\" value=\"\" size=\"40\" class=\"wpcf7-form-control wpcf7-text\" aria-invalid=\"false\" \/><\/span><\/p>\n<div class=\"eight\">\n<h3>9. Znanje stranih jezika <span>(5 - odli\u010dno, 4 - vrlodobro, 3 - dobro, 2 - slabo)<\/span><\/h3>\n<table>\n<tr>\n<th>Naziv jezika<\/th>\n<th>Govor<\/th>\n<th>\u010citanje<\/th>\n<th>Pisanje<\/th>\n<\/tr>\n<tr>\n<td>Crnogorski\/srpski\/hrvatski\/bosanski*<\/td>\n<td><span class=\"wpcf7-form-control-wrap jezik-mne-govor\"><select name=\"jezik-mne-govor\" class=\"wpcf7-form-control wpcf7-select wpcf7-validates-as-required\" aria-required=\"true\" aria-invalid=\"false\"><option value=\"\">---<\/option><option value=\"5\">5<\/option><option value=\"4\">4<\/option><option value=\"3\">3<\/option><option value=\"2\">2<\/option><\/select><\/span><\/td>\n<td><span class=\"wpcf7-form-control-wrap jezik-mne-citanje\"><select name=\"jezik-mne-citanje\" class=\"wpcf7-form-control wpcf7-select wpcf7-validates-as-required\" aria-required=\"true\" aria-invalid=\"false\"><option value=\"\">---<\/option><option value=\"5\">5<\/option><option value=\"4\">4<\/option><option value=\"3\">3<\/option><option value=\"2\">2<\/option><\/select><\/span><\/td>\n<td><span class=\"wpcf7-form-control-wrap jezik-mne-pisanje\"><select name=\"jezik-mne-pisanje\" class=\"wpcf7-form-control wpcf7-select wpcf7-validates-as-required\" aria-required=\"true\" aria-invalid=\"false\"><option value=\"\">---<\/option><option value=\"5\">5<\/option><option value=\"4\">4<\/option><option value=\"3\">3<\/option><option value=\"2\">2<\/option><\/select><\/span><\/td>\n<\/tr>\n<tr>\n<td>Engleski*<\/td>\n<td><span class=\"wpcf7-form-control-wrap jezik-en-govor\"><select name=\"jezik-en-govor\" class=\"wpcf7-form-control wpcf7-select wpcf7-validates-as-required\" aria-required=\"true\" aria-invalid=\"false\"><option value=\"\">---<\/option><option value=\"5\">5<\/option><option value=\"4\">4<\/option><option value=\"3\">3<\/option><option value=\"2\">2<\/option><\/select><\/span><\/td>\n<td><span class=\"wpcf7-form-control-wrap jezik-en-citanje\"><select name=\"jezik-en-citanje\" class=\"wpcf7-form-control wpcf7-select wpcf7-validates-as-required\" aria-required=\"true\" aria-invalid=\"false\"><option value=\"\">---<\/option><option value=\"5\">5<\/option><option value=\"4\">4<\/option><option value=\"3\">3<\/option><option value=\"2\">2<\/option><\/select><\/span><\/td>\n<td><span class=\"wpcf7-form-control-wrap jezik-en-pisanje\"><select name=\"jezik-en-pisanje\" class=\"wpcf7-form-control wpcf7-select wpcf7-validates-as-required\" aria-required=\"true\" aria-invalid=\"false\"><option value=\"\">---<\/option><option value=\"5\">5<\/option><option value=\"4\">4<\/option><option value=\"3\">3<\/option><option value=\"2\">2<\/option><\/select><\/span><\/td>\n<\/tr>\n<tr>\n<td colspan=\"4\">Ostali svjetski jezici<\/td>\n<\/tr>\n<tr>\n<td><span class=\"wpcf7-form-control-wrap ostali-jezici-jedan\"><input type=\"text\" name=\"ostali-jezici-jedan\" value=\"\" size=\"40\" class=\"wpcf7-form-control wpcf7-text\" aria-invalid=\"false\" \/><\/span><\/td>\n<td><span class=\"wpcf7-form-control-wrap jezik-ostali-govor-jedan\"><select name=\"jezik-ostali-govor-jedan\" class=\"wpcf7-form-control wpcf7-select\" aria-invalid=\"false\"><option value=\"\">---<\/option><option value=\"5\">5<\/option><option value=\"4\">4<\/option><option value=\"3\">3<\/option><option value=\"2\">2<\/option><\/select><\/span><\/td>\n<td><span class=\"wpcf7-form-control-wrap jezik-ostali-citanje-jedan\"><select name=\"jezik-ostali-citanje-jedan\" class=\"wpcf7-form-control wpcf7-select\" aria-invalid=\"false\"><option value=\"\">---<\/option><option value=\"5\">5<\/option><option value=\"4\">4<\/option><option value=\"3\">3<\/option><option value=\"2\">2<\/option><\/select><\/span><\/td>\n<td><span class=\"wpcf7-form-control-wrap jezik-ostali-pisanje-jedan\"><select name=\"jezik-ostali-pisanje-jedan\" class=\"wpcf7-form-control wpcf7-select\" aria-invalid=\"false\"><option value=\"\">---<\/option><option value=\"5\">5<\/option><option value=\"4\">4<\/option><option value=\"3\">3<\/option><option value=\"2\">2<\/option><\/select><\/span><\/td>\n<\/tr>\n<tr>\n<td><span class=\"wpcf7-form-control-wrap ostali-jezici-dva\"><input type=\"text\" name=\"ostali-jezici-dva\" value=\"\" size=\"40\" class=\"wpcf7-form-control wpcf7-text\" aria-invalid=\"false\" \/><\/span><\/td>\n<td><span class=\"wpcf7-form-control-wrap jezik-ostali-govor-dva\"><select name=\"jezik-ostali-govor-dva\" class=\"wpcf7-form-control wpcf7-select\" aria-invalid=\"false\"><option value=\"\">---<\/option><option value=\"5\">5<\/option><option value=\"4\">4<\/option><option value=\"3\">3<\/option><option value=\"2\">2<\/option><\/select><\/span><\/td>\n<td><span class=\"wpcf7-form-control-wrap jezik-ostali-citanje-dva\"><select name=\"jezik-ostali-citanje-dva\" class=\"wpcf7-form-control wpcf7-select\" aria-invalid=\"false\"><option value=\"\">---<\/option><option value=\"5\">5<\/option><option value=\"4\">4<\/option><option value=\"3\">3<\/option><option value=\"2\">2<\/option><\/select><\/span><\/td>\n<td><span class=\"wpcf7-form-control-wrap jezik-ostali-pisanje-dva\"><select name=\"jezik-ostali-pisanje-dva\" class=\"wpcf7-form-control wpcf7-select\" aria-invalid=\"false\"><option value=\"\">---<\/option><option value=\"5\">5<\/option><option value=\"4\">4<\/option><option value=\"3\">3<\/option><option value=\"2\">2<\/option><\/select><\/span><\/td>\n<\/tr>\n<\/table>\n<\/div>\n<div class=\"nine\">\n<p>Motivaciono pismo (maksimalno 500 re\u010di)*<br \/>\nU motivacionom pismu navedite razloge za prijavu, klju\u010dne preporuke za unapre\u0111enje kvaliteta visokog obrazovanja u Crnoj Gori iz va\u0161eg ugla i doprinos i o\u010dekivanja od u\u010de\u0161c\u0301a u stru\u010dnom timu za reakreditaciju ustanove.<br \/>\n<span class=\"wpcf7-form-control-wrap mjesto\"><textarea name=\"mjesto\" cols=\"40\" rows=\"10\" class=\"wpcf7-form-control wpcf7-textarea wpcf7-validates-as-required\" aria-required=\"true\" aria-invalid=\"false\"><\/textarea><\/span><\/p>\n<p>CV (Curriculum Vitae)*<br \/>\n<span class=\"wpcf7-form-control-wrap your-file\"><input type=\"file\" name=\"your-file\" size=\"40\" class=\"wpcf7-form-control wpcf7-file wpcf7-validates-as-required\" accept=\".pdf,.docx,.doc\" aria-required=\"true\" aria-invalid=\"false\" \/><\/span><\/p>\n<p><span class=\"wpcf7-form-control-wrap your-consent\"><span class=\"wpcf7-form-control wpcf7-acceptance\"><span class=\"wpcf7-list-item\"><label><input type=\"checkbox\" name=\"your-consent\" value=\"1\" aria-invalid=\"false\" \/><span class=\"wpcf7-list-item-label\">Ovim potvr\u0111ujem da su podaci navedeni u prjavi vjerodostojni.<\/span><\/label><\/span><\/span><\/span><\/p>\n<p>Mjesto*<br \/>\n<span class=\"wpcf7-form-control-wrap mjesto\"><input type=\"text\" name=\"mjesto\" value=\"\" size=\"40\" class=\"wpcf7-form-control wpcf7-text wpcf7-validates-as-required\" aria-required=\"true\" aria-invalid=\"false\" \/><\/span><\/p>\n<p>Datum*<br \/>\n<span class=\"wpcf7-form-control-wrap datum\"><input type=\"date\" name=\"datum\" value=\"\" class=\"wpcf7-form-control wpcf7-date wpcf7-validates-as-required wpcf7-validates-as-date\" id=\"today-date\" aria-required=\"true\" aria-invalid=\"false\" \/><\/span><\/p>\n<\/div>\n<p><center><input type=\"submit\" value=\"Po\u0161alji\" class=\"wpcf7-form-control has-spinner wpcf7-submit\" \/><\/center><\/p>\n<p><b>Agencija se obavezuje da \u0107e s\u0430 Va\u0161im li\u010dnim podacima postupati u skladu sa Zakonom o za\u0161titi li\u010dnih podataka i ne snosi odgovornost za bilo kakvu direktnu ili indirektnu \u0161tetu ili gubitak koji mo\u017ee nastati radi gubitka podataka ili prihoda, a koji proizlaze iz neovla\u0161\u0107enog pristupa, upotrebe ili odavanja podataka nastalih usled \u201ehakerskih napada\u201c na informati\u010dki sistem Agencije.<\/b><\/p>\n<div class=\"wpcf7-response-output\" aria-hidden=\"true\"><\/div><\/form><\/div>\n","protected":false},"excerpt":{"rendered":"","protected":false},"author":1,"featured_media":0,"parent":0,"menu_order":0,"comment_status":"closed","ping_status":"closed","template":"","meta":[],"acf":[],"_links":{"self":[{"href":"https:\/\/akokvo.me\/me\/wp-json\/wp\/v2\/pages\/7331"}],"collection":[{"href":"https:\/\/akokvo.me\/me\/wp-json\/wp\/v2\/pages"}],"about":[{"href":"https:\/\/akokvo.me\/me\/wp-json\/wp\/v2\/types\/page"}],"author":[{"embeddable":true,"href":"https:\/\/akokvo.me\/me\/wp-json\/wp\/v2\/users\/1"}],"replies":[{"embeddable":true,"href":"https:\/\/akokvo.me\/me\/wp-json\/wp\/v2\/comments?post=7331"}],"version-history":[{"count":2,"href":"https:\/\/akokvo.me\/me\/wp-json\/wp\/v2\/pages\/7331\/revisions"}],"predecessor-version":[{"id":7751,"href":"https:\/\/akokvo.me\/me\/wp-json\/wp\/v2\/pages\/7331\/revisions\/7751"}],"wp:attachment":[{"href":"https:\/\/akokvo.me\/me\/wp-json\/wp\/v2\/media?parent=7331"}],"curies":[{"name":"wp","href":"https:\/\/api.w.org\/{rel}","templated":true}]}}