{"id":944,"date":"2019-03-11T10:15:41","date_gmt":"2019-03-11T10:15:41","guid":{"rendered":"https:\/\/akokvo.me\/?page_id=944"},"modified":"2025-08-27T13:11:49","modified_gmt":"2025-08-27T11:11:49","slug":"clanstva","status":"publish","type":"page","link":"https:\/\/akokvo.me\/me\/clanstva\/","title":{"rendered":"\u010clanstva"},"content":{"rendered":"<p><strong>ENQA<\/strong>\u00a0\u2013\u00a0<strong>pridru\u017eeni \u010dlan.\u00a0<\/strong>U junu 2024. godine AKOKVO je obnovila svoje pridru\u017eeno \u010dlanstvo u\u00a0<a href=\"https:\/\/enqa.eu\/\">Evropskoj asocijaciji za obezbje\u0111enje kvaliteta (ENQA)<\/a>\u00a0\u0161to joj otvara vrata za konsultacije i u\u010de\u0161\u0107e na radnim sastancima \u010dlanica. Saradnja sa ENQA-om kroz prisustvo skup\u0161tinama, forumima, obukama i vebinarima u organizaciji ove asocijacije, kao i direktna komunikacija sa predstavnicima ENQA, ja\u010da kapacitete AKOKVO\u00a0 i trasira put ka punopravnom \u010dlanstvu.<\/p>\n<p><strong>CEENQA<\/strong>\u00a0<strong>\u2013 punopravni \u010dlan<\/strong>. U maju 2020. godine AKOKVO je postala \u010dlanica\u00a0<a href=\"https:\/\/www.ceenqa.org\/\">Centralno-isto\u010dno-evropske mre\u017ee agencija (CEENQA)<\/a> koje se bave obezbje\u0111enjem kvaliteta visokog obrazovanja. Saradnja kroz razmjenu znanja i iskustva, u\u010de\u0161\u0107e u projektima i istra\u017eivanjima, kao i direktna komunikacija sa agencijama koje su imale sli\u010dno naslje\u0111e sistema visokog obrazovanja, od velikog je zna\u010daja za unapre\u0111enje rada i izgradnju kapaciteta AKOKVO.<\/p>\n<p><strong>GAIN \u2013 \u010dlan<\/strong>. U julu 2024. godine AKOKVO je postala dio Globalne mre\u017ee za akademski integritet (<a href=\"https:\/\/www.globalacademicintegrity.network\/\">Global Academic Integrity Network \u2013 GAIN<\/a>).<\/p>\n","protected":false},"excerpt":{"rendered":"<p>ENQA\u00a0\u2013\u00a0pridru\u017eeni \u010dlan.\u00a0U junu 2024. godine AKOKVO je obnovila svoje pridru\u017eeno \u010dlanstvo u\u00a0Evropskoj asocijaciji za obezbje\u0111enje kvaliteta (ENQA)\u00a0\u0161to joj otvara vrata za konsultacije i u\u010de\u0161\u0107e na radnim sastancima \u010dlanica. Saradnja sa ENQA-om kroz prisustvo skup\u0161tinama, forumima, obukama i vebinarima u organizaciji ove asocijacije, kao i direktna komunikacija sa predstavnicima ENQA, ja\u010da kapacitete AKOKVO\u00a0 i trasira put [&hellip;]<\/p>\n","protected":false},"author":1,"featured_media":0,"parent":0,"menu_order":0,"comment_status":"closed","ping_status":"closed","template":"","meta":[],"acf":[],"_links":{"self":[{"href":"https:\/\/akokvo.me\/me\/wp-json\/wp\/v2\/pages\/944"}],"collection":[{"href":"https:\/\/akokvo.me\/me\/wp-json\/wp\/v2\/pages"}],"about":[{"href":"https:\/\/akokvo.me\/me\/wp-json\/wp\/v2\/types\/page"}],"author":[{"embeddable":true,"href":"https:\/\/akokvo.me\/me\/wp-json\/wp\/v2\/users\/1"}],"replies":[{"embeddable":true,"href":"https:\/\/akokvo.me\/me\/wp-json\/wp\/v2\/comments?post=944"}],"version-history":[{"count":5,"href":"https:\/\/akokvo.me\/me\/wp-json\/wp\/v2\/pages\/944\/revisions"}],"predecessor-version":[{"id":17686,"href":"https:\/\/akokvo.me\/me\/wp-json\/wp\/v2\/pages\/944\/revisions\/17686"}],"wp:attachment":[{"href":"https:\/\/akokvo.me\/me\/wp-json\/wp\/v2\/media?parent=944"}],"curies":[{"name":"wp","href":"https:\/\/api.w.org\/{rel}","templated":true}]}}