{"id":947,"date":"2019-03-11T10:17:59","date_gmt":"2019-03-11T10:17:59","guid":{"rendered":"https:\/\/akokvo.me\/?page_id=947"},"modified":"2021-12-20T11:00:25","modified_gmt":"2021-12-20T10:00:25","slug":"kriterijumi-za-formiranje-komisije","status":"publish","type":"page","link":"https:\/\/akokvo.me\/me\/kriterijumi-za-formiranje-komisije\/","title":{"rendered":"Kriterijumi za formiranje komisije"},"content":{"rendered":"<p>U postupcima akreditacije studijskih programa kao i programa cjelo\u017eivotnog u\u010denja, i reakreditacije ustanova visokog obrazovanja, Agencija formira ekspertsku komisiju koja ima zadatak da, u skladu sa pravilima i poslovnikom o radu Komisije, ocijeni zahtjeve.<\/p>\n<p><strong><u>Akreditacija<\/u><\/strong> <strong><u>studijskih<\/u><\/strong> <strong><u>programa<\/u><\/strong><\/p>\n<p>Prema <a href=\"https:\/\/akokvo.me\/pravilnik-o-postupku-akreditacije-studijskih-programa-sadrzaju-i-obliku-sertifikata-o-akreditaciji\/\">Pravilniku o postupku akreditacije studijskih programa, sadr\u017eaju i obliku sertifikata o akreditaciji<\/a>, Agencija formira ekspertsku komisiju za akreditaciju studijskih programa.<\/p>\n<p>Kriterijumi za formiranje komisije su:<\/p>\n<ul>\n<li>Komisija za akreditaciju studijskog programa ima predsjednika i dva \u010dlana<\/li>\n<li>Komisija koja akredituje dva ili vi\u0161e srodnih studijskih programa ima predsjednika i \u010detiri \u010dlana<\/li>\n<li>Najmanje dva \u010dlana Komisije treba da budu univerzitetski nastavnici sa akademskim zvanjem ili nau\u010dnici iz nau\u010dnoistra\u017eiva\u010dkih ustanova na kojima se izvode studijski programi koji se ocjenjuju<\/li>\n<\/ul>\n<p><strong><u>Akreditacija programa cjelo\u017eivotnog u\u010denja<\/u><\/strong><\/p>\n<p><strong>\u00a0<\/strong>Prema <a href=\"https:\/\/akokvo.me\/pravila-o-postupku-akreditacije-programa-cjelozivotnog-ucenja\/\">Pravilima o postupku akreditacije programa cjelo\u017eivotnog u\u010denja<\/a>, Agencija obrazuje posebnu komisiju kao ekspertsko tijelo za akreditaciju programa cjelo\u017eivotnog u\u010denja, u \u010diji sastav ulazi ve\u0107ina \u010dlanova iz odgovaraju\u0107ih nau\u010dnih odnosno umjetni\u010dkih oblasti.<\/p>\n<p>Kriterijumi za formiranje komisije su:<\/p>\n<ul>\n<li>Komisiju \u010dine najmanje tri \u010dlana, koji se biraju sa liste eksperata od strane Agencije<\/li>\n<li>\u010clanovi Komisije se biraju iz odgovaraju\u0107ih nau\u010dnih odnosno umjetni\u010dkih oblasti.<\/li>\n<\/ul>\n<p><strong><u>Reakreditacija ustanova visokog obrazovanja<\/u><\/strong><\/p>\n<p>Prema <a href=\"https:\/\/akokvo.me\/izmjena-i-dopuna-pravila-o-postupku-reakreditacije-ustanove-visokog-obrazovanja-precisceni-tekst\/\">Pravilima o postupku reakreditacije ustanove visokog obrazovanja<\/a>, a radi utvr\u0111ivanja \u010dinjenica od zna\u010daja za dono\u0161enje odluke o zahtjevu za reakreditaciju ustanova, Agencija formira ekspertsku komisiju za reakreditaciju ustanova.<\/p>\n<p>\u010clanove komisije Agencija imenuje sa liste eksperata koja se utvr\u0111uje na osnovu javnog poziva koji se objavljuje na internet stranici Agencije.<\/p>\n<p>Kriterijumi za formiranje komisije su:<\/p>\n<ul>\n<li>Najmanji broj \u010dlanova komisije za reakreditaciju univerziteta je pet, a za reakreditaciju ostalih ustanova je tri<\/li>\n<li>Najmanje tri \u010dlana komisije za reakreditaciju univerziteta, odnosno dva za reakreditaciju ostalih ustanova moraju biti univerzitetski nastavnici sa akademskim zvanjem ili nau\u010dnici iz instituta u nau\u010dnim oblastima u kojima se izvode studijski programi u ustanovi koja se evaluira<\/li>\n<li>Najmanje dva od ukupnog broja \u010dlanova za reakreditaciju univerziteta, odnosno jedan za reakreditaciju ostalih ustanova mora biti zaposlen na inostranom univerzitetu ili nau\u010dnom institutu<\/li>\n<li>Jedan \u010dlan komisije mora biti student zavr\u0161ne godine osnovnih studija, master studija ili doktorskih studija koji se bira na osnovu javnog poziva Agencije. Student ne smije studirati na ustanovi koja se evaluira i mora biti prepoznat po izvrsnosti i redovnosti u studiranju<\/li>\n<li>Jedan \u010dlan komisije mo\u017ee biti stru\u010dno lice za oblast tr\u017ei\u0161ta rada koji se bira iz reda prijavljenih eksperata<\/li>\n<\/ul>\n","protected":false},"excerpt":{"rendered":"<p>U postupcima akreditacije studijskih programa kao i programa cjelo\u017eivotnog u\u010denja, i reakreditacije ustanova visokog obrazovanja, Agencija formira ekspertsku komisiju koja ima zadatak da, u skladu sa pravilima i poslovnikom o radu Komisije, ocijeni zahtjeve. Akreditacija studijskih programa Prema Pravilniku o postupku akreditacije studijskih programa, sadr\u017eaju i obliku sertifikata o akreditaciji, Agencija formira ekspertsku komisiju za [&hellip;]<\/p>\n","protected":false},"author":1,"featured_media":0,"parent":0,"menu_order":0,"comment_status":"closed","ping_status":"closed","template":"","meta":[],"acf":[],"_links":{"self":[{"href":"https:\/\/akokvo.me\/me\/wp-json\/wp\/v2\/pages\/947"}],"collection":[{"href":"https:\/\/akokvo.me\/me\/wp-json\/wp\/v2\/pages"}],"about":[{"href":"https:\/\/akokvo.me\/me\/wp-json\/wp\/v2\/types\/page"}],"author":[{"embeddable":true,"href":"https:\/\/akokvo.me\/me\/wp-json\/wp\/v2\/users\/1"}],"replies":[{"embeddable":true,"href":"https:\/\/akokvo.me\/me\/wp-json\/wp\/v2\/comments?post=947"}],"version-history":[{"count":3,"href":"https:\/\/akokvo.me\/me\/wp-json\/wp\/v2\/pages\/947\/revisions"}],"predecessor-version":[{"id":7817,"href":"https:\/\/akokvo.me\/me\/wp-json\/wp\/v2\/pages\/947\/revisions\/7817"}],"wp:attachment":[{"href":"https:\/\/akokvo.me\/me\/wp-json\/wp\/v2\/media?parent=947"}],"curies":[{"name":"wp","href":"https:\/\/api.w.org\/{rel}","templated":true}]}}