{"id":950,"date":"2019-03-11T10:19:14","date_gmt":"2019-03-11T10:19:14","guid":{"rendered":"https:\/\/akokvo.me\/?page_id=950"},"modified":"2021-12-13T12:49:37","modified_gmt":"2021-12-13T11:49:37","slug":"kriterijumi-za-izbor-eksperata","status":"publish","type":"page","link":"https:\/\/akokvo.me\/me\/kriterijumi-za-izbor-eksperata\/","title":{"rendered":"Kriterijumi za izbor eksperata"},"content":{"rendered":"<p>Agencija za kontrolu i obezbje\u0111enje kvaliteta visokog obrazovanja tokom cijele godine ima otvoren javni poziv za prijavu za listu eksperata sa koje se biraju ekspertske komisije za akreditaciju studijskih programa odnosno reakreditaciju ustanova visokog obrazovanja.<\/p>\n<p>Otvoreni su pozivi za izbor eksperata:<\/p>\n<ul>\n<li>Akademsko osoblje<\/li>\n<li>Studenti<\/li>\n<li>Predstavnici privrede<\/li>\n<\/ul>\n<hr \/>\n<p><strong>AKADEMSKO OSOBLJE<\/strong><\/p>\n<p>Kriterijumi na osnovu kojih se vr\u0161i izbor za listu eksperata su:<\/p>\n<ul>\n<li>Posjedovanje nau\u010dnog, odnosno akademskog zvanja<\/li>\n<li>Dokazana ekspertiza i usavr\u0161avanje u relevantnim predmetnim oblastima<\/li>\n<li>Radno iskustvo u relevantnim predmetnim oblastima<\/li>\n<li>Dokazano iskustvo u obezbje\u0111enju kvaliteta visokog obrazovanja<\/li>\n<li>Iskustvo na rukovode\u0107im mjestima u institucijama visokog obrazovanja<\/li>\n<li>Iskustvo u u\u010de\u0161\u0107u u projektima u oblastima svoje ekspertize<\/li>\n<li>Najva\u017enije nagrade\/priznanja\/dostignu\u0107a u oblasti svoje ekspertize<\/li>\n<li>Najzna\u010dajnija \u010dlanstva u relevantnim tijelima iz oblasti svoje ekspertize<\/li>\n<li>Znanje engleskog i ostalih jezika<\/li>\n<\/ul>\n<p>Uz prijavu, eksperti prila\u017eu i CV.<\/p>\n<p><a href=\"https:\/\/akokvo.me\/prijava-za-listu-eksperata\/\">Formular za prijavu eksperta \u2013 akademsko osoblje<\/a><\/p>\n<p>&nbsp;<\/p>\n<p><strong>STUDENTI<\/strong><\/p>\n<p>Prate\u0107i preporuke navedene u Evropskim standardima i smjernicama, Agencija, u postupcima reakreditacije ustanova visokog obrazovanja, kao obaveznog \u010dlana komisije koja \u0107e izvr\u0161iti evaluaciju, uklju\u010duje i studenta. Student se bira sa liste eksperata &#8211; studenata.<\/p>\n<p>Kriterijumi na osnovu kojih se vr\u0161i izbor za listu eksperata za studente su:<\/p>\n<ul>\n<li>Prijavljeni student mora da bude na zavr\u0161noj godini osnovnih studija, student master ili doktorskih studija<\/li>\n<li>Mora biti prepoznat po izvrsnosti i redovnosti u studiranju<\/li>\n<li>Iskustvo u postupku akreditacije studijskih programa i reakreditacije institucija<\/li>\n<li>Me\u0111unarodno iskustvo, dodatno usavr\u0161avanje, \u010dlan udru\u017eenja (studentske organizacije i sl.)<\/li>\n<li>Iskustvo u obezbje\u0111enju kvaliteta u visokom obrazovanju<\/li>\n<li>Znanje engleskog i ostalih jezika<\/li>\n<\/ul>\n<p>Uz prijavu, studenti su du\u017eni da predaju i motivaciono pismo u kojem \u0107e navesti razloge prijavljivanja, klju\u010dne preporuke za unaprje\u0111enje kvaliteta visokog obrazovanja u Crnoj Gori (prema njihovom mi\u0161ljenju) kao i doprinos i o\u010dekivanja od u\u010de\u0161\u0107a u ekspertskom timu za reakreditaciju ustanove.<\/p>\n<p><a href=\"https:\/\/akokvo.me\/prijava-za-studente-za-listu-eksperata\/\">Formular za prijavu eksperta \u2013 studenti<\/a><\/p>\n<p>&nbsp;<\/p>\n<p><strong>PREDSTAVNICI PRIVREDE<\/strong><\/p>\n<p>U postupcima reakreditacije ustanova visokog obrazovanja, jedan \u010dlan komisije mo\u017ee biti stru\u010dno lice za oblast tr\u017ei\u0161ta rada, kojeg Agencija bira sa liste eksperata \u2013 predstavnici privrede.<\/p>\n<p>Kriterijumi na osnovu kojih se vr\u0161i izbor za listu eksperata su:<\/p>\n<ul>\n<li>Posjedovanje nau\u010dnog i\/ili akademskog zvanja<\/li>\n<li>Dokazana ekspertiza i usavr\u0161avanje u relevantnim predmetnim oblastima<\/li>\n<li>Radno iskustvo u relevantnim predmetnim oblastima i iskustvo na rukovode\u0107im pozicijama<\/li>\n<li>Iskustvo u obezbje\u0111enju kvaliteta visokog obrazovanja<\/li>\n<li>Dodatno usavr\u0161avanje i najzna\u010dajnija \u010dlanstva u relevantnim tijelima iz oblasti svoje ekspertize<\/li>\n<li>Znanje engleskog i ostalih jezika<\/li>\n<\/ul>\n<p>Uz prijavu, eksperti prila\u017eu i CV.<\/p>\n<p><a href=\"https:\/\/akokvo.me\/prijava-za-listu-eksperata-predstavnici-privrede\/\">Formular za prijavu eksperta \u2013 predstavnici privrede\u00a0<\/a><\/p>\n","protected":false},"excerpt":{"rendered":"<p>Agencija za kontrolu i obezbje\u0111enje kvaliteta visokog obrazovanja tokom cijele godine ima otvoren javni poziv za prijavu za listu eksperata sa koje se biraju ekspertske komisije za akreditaciju studijskih programa odnosno reakreditaciju ustanova visokog obrazovanja. Otvoreni su pozivi za izbor eksperata: Akademsko osoblje Studenti Predstavnici privrede AKADEMSKO OSOBLJE Kriterijumi na osnovu kojih se vr\u0161i izbor [&hellip;]<\/p>\n","protected":false},"author":1,"featured_media":0,"parent":0,"menu_order":0,"comment_status":"closed","ping_status":"closed","template":"","meta":[],"acf":[],"_links":{"self":[{"href":"https:\/\/akokvo.me\/me\/wp-json\/wp\/v2\/pages\/950"}],"collection":[{"href":"https:\/\/akokvo.me\/me\/wp-json\/wp\/v2\/pages"}],"about":[{"href":"https:\/\/akokvo.me\/me\/wp-json\/wp\/v2\/types\/page"}],"author":[{"embeddable":true,"href":"https:\/\/akokvo.me\/me\/wp-json\/wp\/v2\/users\/1"}],"replies":[{"embeddable":true,"href":"https:\/\/akokvo.me\/me\/wp-json\/wp\/v2\/comments?post=950"}],"version-history":[{"count":4,"href":"https:\/\/akokvo.me\/me\/wp-json\/wp\/v2\/pages\/950\/revisions"}],"predecessor-version":[{"id":7666,"href":"https:\/\/akokvo.me\/me\/wp-json\/wp\/v2\/pages\/950\/revisions\/7666"}],"wp:attachment":[{"href":"https:\/\/akokvo.me\/me\/wp-json\/wp\/v2\/media?parent=950"}],"curies":[{"name":"wp","href":"https:\/\/api.w.org\/{rel}","templated":true}]}}